{"id":2017,"date":"2023-08-02T17:54:10","date_gmt":"2023-08-02T15:54:10","guid":{"rendered":"https:\/\/www.vansteenberge.com\/desde-1784\/"},"modified":"2024-05-02T11:52:10","modified_gmt":"2024-05-02T09:52:10","slug":"desde-1784","status":"publish","type":"page","link":"https:\/\/www.vansteenberge.com\/es\/desde-1784\/","title":{"rendered":"Desde 1784"},"content":{"rendered":"<div class=\"wpb-content-wrapper\">[vc_row full_width=\u00bbstretch_row\u00bb equal_height=\u00bbyes\u00bb el_class=\u00bbpadding-row\u00bb][vc_column width=\u00bb1\/2&#8243;]<h2 class=\"vcex-heading vcex-heading-side-border vcex-module wpex-heading wpex-text-2xl wpex-h2 wpex-flex wpex-items-center\"><span class=\"vcex-heading-inner wpex-inline-block\">Cervecer\u00eda Van Steenberge,<br \/>\n6 generaciones de maestros cerveceros.<\/span><span class=\"vcex-heading-side-border__border wpex-flex-grow wpex-h-0 wpex-border-solid wpex-border-gray-900 wpex-ml-15 wpex-border-b\"><\/span><\/h2>[vc_column_text]La cervecer\u00eda fue fundada por Jean Baptiste De Bruin, casado con Angelina Petronella Schelfaut. Tras la muerte de ambos, la cervecer\u00eda pas\u00f3 a manos del sobrino Jozef Schelfaut. Su hija Margriet se cas\u00f3 con Paul Van Steenberge, que adem\u00e1s de cervecero fue pol\u00edtico y profesor. En 1919 se adopt\u00f3 el nombre de Cervecer\u00eda Bios. Posteriormente, la rama pas\u00f3 a manos de su hijo Jozef Van Steenberge (1962), su nieto Paul Van Steenberge (1990) y su bisnieto Jef Versele (desde 1998).[\/vc_column_text]<div class=\"vcex-spacing wpex-w-100 wpex-clear\"><\/div>[\/vc_column][vc_column width=\u00bb1\/2&#8243;]<figure class=\"vcex-image vcex-module\"><div class=\"vcex-image-inner wpex-relative wpex-inline-block\"><img width=\"2000\" height=\"1500\" src=\"https:\/\/www.vansteenberge.com\/wp-content\/uploads\/2023\/07\/Sparta_pils_brouwerij_van_steenberge_Eertvelde_meetjesland_01.jpg\" class=\"vcex-image-img wpex-align-middle\" alt=\"\" loading=\"lazy\" decoding=\"async\" srcset=\"https:\/\/www.vansteenberge.com\/wp-content\/uploads\/2023\/07\/Sparta_pils_brouwerij_van_steenberge_Eertvelde_meetjesland_01.jpg 2000w, https:\/\/www.vansteenberge.com\/wp-content\/uploads\/2023\/07\/Sparta_pils_brouwerij_van_steenberge_Eertvelde_meetjesland_01-300x225.jpg 300w, https:\/\/www.vansteenberge.com\/wp-content\/uploads\/2023\/07\/Sparta_pils_brouwerij_van_steenberge_Eertvelde_meetjesland_01-1024x768.jpg 1024w, https:\/\/www.vansteenberge.com\/wp-content\/uploads\/2023\/07\/Sparta_pils_brouwerij_van_steenberge_Eertvelde_meetjesland_01-768x576.jpg 768w, https:\/\/www.vansteenberge.com\/wp-content\/uploads\/2023\/07\/Sparta_pils_brouwerij_van_steenberge_Eertvelde_meetjesland_01-1536x1152.jpg 1536w, https:\/\/www.vansteenberge.com\/wp-content\/uploads\/2023\/07\/Sparta_pils_brouwerij_van_steenberge_Eertvelde_meetjesland_01-600x450.jpg 600w\" sizes=\"auto, (max-width: 2000px) 100vw, 2000px\" \/><\/div><\/figure>[\/vc_column][\/vc_row][vc_row full_width=\u00bbstretch_row_content_no_spaces\u00bb][vc_column]<style>.vcex-image.vcex_69e7edfdb064b .vcex-image-img{height:600px;object-position:bottom;}<\/style><figure class=\"vcex-image vcex-module vcex_69e7edfdb064b\"><div class=\"vcex-image-inner wpex-relative wpex-w-100\"><img width=\"1500\" height=\"502\" src=\"https:\/\/www.vansteenberge.com\/wp-content\/uploads\/2023\/08\/Brouwerij-Van-Steenberge_anno-1957_banner.jpg\" class=\"vcex-image-img wpex-align-middle wpex-w-100 wpex-object-cover\" alt=\"\" loading=\"lazy\" decoding=\"async\" srcset=\"https:\/\/www.vansteenberge.com\/wp-content\/uploads\/2023\/08\/Brouwerij-Van-Steenberge_anno-1957_banner.jpg 1500w, https:\/\/www.vansteenberge.com\/wp-content\/uploads\/2023\/08\/Brouwerij-Van-Steenberge_anno-1957_banner-300x100.jpg 300w, https:\/\/www.vansteenberge.com\/wp-content\/uploads\/2023\/08\/Brouwerij-Van-Steenberge_anno-1957_banner-1024x343.jpg 1024w, https:\/\/www.vansteenberge.com\/wp-content\/uploads\/2023\/08\/Brouwerij-Van-Steenberge_anno-1957_banner-768x257.jpg 768w, https:\/\/www.vansteenberge.com\/wp-content\/uploads\/2023\/08\/Brouwerij-Van-Steenberge_anno-1957_banner-600x201.jpg 600w\" sizes=\"auto, (max-width: 1500px) 100vw, 1500px\" \/><\/div><\/figure>[\/vc_column][\/vc_row][vc_row full_width=\u00bbstretch_row\u00bb equal_height=\u00bbyes\u00bb el_class=\u00bbpadding-top\u00bb][vc_column width=\u00bb1\/2&#8243;]<h2 class=\"vcex-heading vcex-heading-side-border vcex-module wpex-heading wpex-text-2xl wpex-h2 wpex-flex wpex-items-center\"><span class=\"vcex-heading-inner wpex-inline-block\">Especialista en cerveza viva.<\/span><span class=\"vcex-heading-side-border__border wpex-flex-grow wpex-h-0 wpex-border-solid wpex-border-gray-900 wpex-ml-15 wpex-border-b\"><\/span><\/h2>[vc_column_text]La cervecer\u00eda Van Steenberge es experta en cerveza viva. Como ning\u00fan otro, elaboramos cervezas de alta fermentaci\u00f3n con nuestras propias levaduras. Dominamos el proceso de maduraci\u00f3n natural y destacamos especialmente en la fermentaci\u00f3n secundaria en botella o barrica. El resultado: cervezas con una evoluci\u00f3n duradera del sabor. Estamos aprendiendo y seguimos aprendiendo. Perfeccionamos nuestros procesos de producci\u00f3n, elaborando cerveza en vol\u00famenes variables, con calidad garantizada.[\/vc_column_text][\/vc_column][vc_column width=\u00bb1\/2&#8243;]<figure class=\"vcex-image vcex-module\"><div class=\"vcex-image-inner wpex-relative wpex-inline-block\"><img width=\"2000\" height=\"1500\" src=\"https:\/\/www.vansteenberge.com\/wp-content\/uploads\/2023\/07\/Brouwerij_van_steenberge_Augustijn_blond_bier_01.jpg\" class=\"vcex-image-img wpex-align-middle wpex-aspect-4-3 wpex-object-cover\" alt=\"\" loading=\"lazy\" decoding=\"async\" srcset=\"https:\/\/www.vansteenberge.com\/wp-content\/uploads\/2023\/07\/Brouwerij_van_steenberge_Augustijn_blond_bier_01.jpg 2000w, https:\/\/www.vansteenberge.com\/wp-content\/uploads\/2023\/07\/Brouwerij_van_steenberge_Augustijn_blond_bier_01-300x225.jpg 300w, https:\/\/www.vansteenberge.com\/wp-content\/uploads\/2023\/07\/Brouwerij_van_steenberge_Augustijn_blond_bier_01-1024x768.jpg 1024w, https:\/\/www.vansteenberge.com\/wp-content\/uploads\/2023\/07\/Brouwerij_van_steenberge_Augustijn_blond_bier_01-768x576.jpg 768w, https:\/\/www.vansteenberge.com\/wp-content\/uploads\/2023\/07\/Brouwerij_van_steenberge_Augustijn_blond_bier_01-1536x1152.jpg 1536w, https:\/\/www.vansteenberge.com\/wp-content\/uploads\/2023\/07\/Brouwerij_van_steenberge_Augustijn_blond_bier_01-600x450.jpg 600w\" sizes=\"auto, (max-width: 2000px) 100vw, 2000px\" \/><\/div><\/figure>[\/vc_column][\/vc_row][vc_row full_width=\u00bbstretch_row\u00bb equal_height=\u00bbyes\u00bb el_class=\u00bbpadding-row\u00bb][vc_column width=\u00bb1\/2&#8243;]<figure class=\"vcex-image vcex-module\"><div class=\"vcex-image-inner wpex-relative wpex-inline-block\"><img width=\"2560\" height=\"1707\" src=\"https:\/\/www.vansteenberge.com\/wp-content\/uploads\/2023\/07\/Brouwerij_van_Steenberge_lagertanks_gist_Bier_beer_02-scaled.jpg\" class=\"vcex-image-img wpex-align-middle wpex-aspect-4-3 wpex-object-cover\" alt=\"\" loading=\"lazy\" decoding=\"async\" srcset=\"https:\/\/www.vansteenberge.com\/wp-content\/uploads\/2023\/07\/Brouwerij_van_Steenberge_lagertanks_gist_Bier_beer_02-scaled.jpg 2560w, https:\/\/www.vansteenberge.com\/wp-content\/uploads\/2023\/07\/Brouwerij_van_Steenberge_lagertanks_gist_Bier_beer_02-300x200.jpg 300w, https:\/\/www.vansteenberge.com\/wp-content\/uploads\/2023\/07\/Brouwerij_van_Steenberge_lagertanks_gist_Bier_beer_02-1024x683.jpg 1024w, https:\/\/www.vansteenberge.com\/wp-content\/uploads\/2023\/07\/Brouwerij_van_Steenberge_lagertanks_gist_Bier_beer_02-768x512.jpg 768w, https:\/\/www.vansteenberge.com\/wp-content\/uploads\/2023\/07\/Brouwerij_van_Steenberge_lagertanks_gist_Bier_beer_02-1536x1024.jpg 1536w, https:\/\/www.vansteenberge.com\/wp-content\/uploads\/2023\/07\/Brouwerij_van_Steenberge_lagertanks_gist_Bier_beer_02-2048x1365.jpg 2048w, https:\/\/www.vansteenberge.com\/wp-content\/uploads\/2023\/07\/Brouwerij_van_Steenberge_lagertanks_gist_Bier_beer_02-600x400.jpg 600w, https:\/\/www.vansteenberge.com\/wp-content\/uploads\/2023\/07\/Brouwerij_van_Steenberge_lagertanks_gist_Bier_beer_02-scaled-750x500.jpg 750w\" sizes=\"auto, (max-width: 2560px) 100vw, 2560px\" \/><\/div><\/figure>[\/vc_column][vc_column width=\u00bb1\/2&#8243;]<h2 class=\"vcex-heading vcex-heading-side-border vcex-module wpex-heading wpex-text-2xl wpex-h2 wpex-flex wpex-items-center\"><span class=\"vcex-heading-inner wpex-inline-block\">Respetar los conocimientos y la artesan\u00eda<\/span><span class=\"vcex-heading-side-border__border wpex-flex-grow wpex-h-0 wpex-border-solid wpex-border-gray-900 wpex-ml-15 wpex-border-b\"><\/span><\/h2>[vc_column_text]El enfoque en el proceso de elaboraci\u00f3n tradicional combinado con los medios tecnol\u00f3gicos actuales crean una rica gama de cervezas especiales muy apreciadas en el pa\u00eds y en el extranjero. Cultivos de levadura \u00fanicos, maduraci\u00f3n natural y fermentaci\u00f3n secundaria dan como resultado cervezas vivas con sabores en evoluci\u00f3n, como Augustine, Pirate, Gulden Draak, Fourchette y muchas m\u00e1s. En otras palabras, en una buena bodega puedes mantenerlos a salvo durante mucho tiempo.[\/vc_column_text][\/vc_column][\/vc_row][vc_row][vc_column]<div class=\"wpex-template-shortcode\"><div class=\"vc_row wpb_row vc_row-fluid wpex-vc-full-width-row wpex-vc-full-width-row--centered wpex-relative wpex-vc-has-custom-column-spacing wpex-vc-column-spacing-0px\"><div class=\"wpb_column vc_column_container vc_col-sm-6\"><div class=\"vc_column-inner\"><div class=\"wpb_wrapper\"><style>.vcex-image-banner.vcex_69e7edfdb6491{min-height:600px;}<\/style><a class=\"vcex-module vcex-image-banner vcex-image-banner-has-link wpex-no-underline wpex-flex wpex-flex-col wpex-w-100 wpex-justify-end wpex-relative wpex-overflow-hidden wpex-bg-gray-900 wpex-text-white wpex-hover-text-white wpex-text-left vcex-has-button vcex_69e7edfdb6491\" href=\"https:\/\/www.vansteenberge.com\/es\/visite\/\" title=\"Visite\"><span class=\"vcex-ib-img wpex-block wpex-transition-all wpex-duration-500 wpex-bg-cover wpex-absolute wpex-inset-0\" style=\"background-image:url(https:\/\/www.vansteenberge.com\/wp-content\/uploads\/2023\/06\/20170717-Bar-Baptist-281.png);\"><\/span><div class=\"vcex-ib-overlay wpex-absolute wpex-inset-0 wpex-transition-all wpex-duration-500\"><div class=\"vcex-ib-overlay-bg wpex-absolute wpex-inset-0 wpex-bg-black wpex-opacity-30\"><\/div><\/div><div class=\"vcex-ib-content-wrap wpex-w-100 wpex-transition-all wpex-duration-500 wpex-py-100 wpex-relative\"><div class=\"vcex-ib-content wpex-mr-auto\"><h4 class=\"vcex-ib-title wpex-heading wpex-inherit-color-important\">Su evento en el Bar Baptist, obsequie a sus invitados con una experiencia excepcional.<\/h4><div class=\"vcex-ib-button\"><span class=\"vcex-ib-button-inner theme-txt-link\">Seguir leyendo<\/span><\/div><\/div><\/div><\/a><\/div><\/div><\/div><div class=\"wpb_column vc_column_container vc_col-sm-6\"><div class=\"vc_column-inner\"><div class=\"wpb_wrapper\"><style>.vcex-image-banner.vcex_69e7edfdbd3c9{min-height:600px;}<\/style><a class=\"vcex-module vcex-image-banner vcex-image-banner-has-link wpex-no-underline wpex-flex wpex-flex-col wpex-w-100 wpex-justify-end wpex-relative wpex-overflow-hidden wpex-bg-gray-900 wpex-text-white wpex-hover-text-white wpex-text-left vcex-has-button vcex_69e7edfdbd3c9\" href=\"https:\/\/www.vansteenberge.com\/es\/visite\/\" title=\"Visite\"><span class=\"vcex-ib-img wpex-block wpex-transition-all wpex-duration-500 wpex-bg-cover wpex-absolute wpex-inset-0\" style=\"background-image:url(https:\/\/www.vansteenberge.com\/wp-content\/uploads\/2023\/06\/20210421-Fourchette-beer-\u00a9-Chantal-Arnts-2.png);\"><\/span><div class=\"vcex-ib-overlay wpex-absolute wpex-inset-0 wpex-transition-all wpex-duration-500\"><div class=\"vcex-ib-overlay-bg wpex-absolute wpex-inset-0 wpex-bg-black wpex-opacity-30\"><\/div><\/div><div class=\"vcex-ib-content-wrap wpex-w-100 wpex-transition-all wpex-duration-500 wpex-py-100 wpex-relative\"><div class=\"vcex-ib-content wpex-mr-auto\"><h4 class=\"vcex-ib-title wpex-heading wpex-inherit-color-important\">\u00bfLe interesa conocer nuestro exclusivo proceso de elaboraci\u00f3n? Entonces no deje de planear una visita a una cervecer\u00eda.<\/h4><div class=\"vcex-ib-button\"><span class=\"vcex-ib-button-inner theme-txt-link\">Seguir leyendo<\/span><\/div><\/div><\/div><\/a><\/div><\/div><\/div><\/div>\n<\/div>[\/vc_column][\/vc_row][vc_row][vc_column]<div class=\"wpex-template-shortcode\"><div class=\"vc_row wpb_row vc_row-fluid vc_row-o-equal-height vc_row-o-content-middle vc_row-flex wpex-relative wpex-vc-has-custom-column-spacing wpex-vc-column-spacing-0px\"><div class=\"wpb_column vc_column_container vc_col-sm-6\"><div class=\"vc_column-inner\"><div class=\"wpb_wrapper\"><h2 class=\"vcex-heading vcex-heading-side-border vcex-module wpex-heading wpex-text-2xl wpex-h2 wpex-flex wpex-items-center\"><span class=\"vcex-heading-inner wpex-inline-block\">Descubra<br \/>\nnuestra tienda virtual<\/span><span class=\"vcex-heading-side-border__border wpex-flex-grow wpex-h-0 wpex-border-solid wpex-border-gray-900 wpex-ml-15 wpex-border-b\"><\/span><\/h2><div class=\"vcex-spacing wpex-w-100 wpex-clear\"><\/div>\n\t<div class=\"wpb_text_column wpb_content_element\" >\n\t\t<div class=\"wpb_wrapper\">\n\t\t\t<p>En nuestra tienda web encontrar\u00e1<br \/>\nexquisita selecci\u00f3n de nuestras cervezas.<\/p>\n\n\t\t<\/div>\n\t<\/div>\n<div class=\"vcex-spacing wpex-w-100 wpex-clear\"><\/div><a href=\"\/es\/shop\/\" class=\"vcex-button theme-button inline\"><span class=\"vcex-button-inner theme-button-inner wpex-flex wpex-flex-wrap wpex-items-center wpex-justify-center\">A la tienda<\/span><\/a> <div class=\"vcex-spacing wpex-w-100 wpex-clear\"><\/div><\/div><\/div><\/div><div class=\"wpb_column vc_column_container vc_col-sm-6\"><div class=\"vc_column-inner\"><div class=\"wpb_wrapper\"><figure class=\"vcex-image vcex-module\"><div class=\"vcex-image-inner wpex-relative wpex-inline-block\"><img width=\"820\" height=\"600\" src=\"https:\/\/www.vansteenberge.com\/wp-content\/uploads\/2023\/06\/GuldenDraak_Combination.png\" class=\"vcex-image-img wpex-align-middle\" alt=\"\" loading=\"lazy\" decoding=\"async\" srcset=\"https:\/\/www.vansteenberge.com\/wp-content\/uploads\/2023\/06\/GuldenDraak_Combination.png 820w, https:\/\/www.vansteenberge.com\/wp-content\/uploads\/2023\/06\/GuldenDraak_Combination-300x220.png 300w, https:\/\/www.vansteenberge.com\/wp-content\/uploads\/2023\/06\/GuldenDraak_Combination-768x562.png 768w\" sizes=\"auto, (max-width: 820px) 100vw, 820px\" \/><\/div><\/figure><\/div><\/div><\/div><\/div>\n<\/div>[\/vc_column][\/vc_row]\n<\/div>","protected":false},"excerpt":{"rendered":"Cervecer\u00eda Van Steenberge, 6 generaciones de maestros cerveceros. La cervecer\u00eda fue fundada por Jean Baptiste De Bruin, casado con Angelina Petronella Schelfaut. Tras la muerte de ambos, la cervecer\u00eda pas\u00f3 a manos del sobrino Jozef Schelfaut. Su hija Margriet se cas\u00f3 con Paul Van Steenberge, que adem\u00e1s de cervecero fue pol\u00edtico y profesor. En 1919&hellip;","protected":false},"author":1,"featured_media":1358,"parent":0,"menu_order":0,"comment_status":"closed","ping_status":"closed","template":"","meta":{"_acf_changed":false,"bwfblock_default_font":"","footnotes":""},"class_list":["post-2017","page","type-page","status-publish","has-post-thumbnail","hentry","entry","has-media"],"acf":[],"_links":{"self":[{"href":"https:\/\/www.vansteenberge.com\/es\/wp-json\/wp\/v2\/pages\/2017","targetHints":{"allow":["GET"]}}],"collection":[{"href":"https:\/\/www.vansteenberge.com\/es\/wp-json\/wp\/v2\/pages"}],"about":[{"href":"https:\/\/www.vansteenberge.com\/es\/wp-json\/wp\/v2\/types\/page"}],"author":[{"embeddable":true,"href":"https:\/\/www.vansteenberge.com\/es\/wp-json\/wp\/v2\/users\/1"}],"replies":[{"embeddable":true,"href":"https:\/\/www.vansteenberge.com\/es\/wp-json\/wp\/v2\/comments?post=2017"}],"version-history":[{"count":0,"href":"https:\/\/www.vansteenberge.com\/es\/wp-json\/wp\/v2\/pages\/2017\/revisions"}],"wp:featuredmedia":[{"embeddable":true,"href":"https:\/\/www.vansteenberge.com\/es\/wp-json\/wp\/v2\/media\/1358"}],"wp:attachment":[{"href":"https:\/\/www.vansteenberge.com\/es\/wp-json\/wp\/v2\/media?parent=2017"}],"curies":[{"name":"wp","href":"https:\/\/api.w.org\/{rel}","templated":true}]}}