{"id":2026,"date":"2023-09-06T10:11:56","date_gmt":"2023-09-06T08:11:56","guid":{"rendered":"https:\/\/www.vansteenberge.com\/pongase-en-contacto-con\/"},"modified":"2024-06-20T08:14:23","modified_gmt":"2024-06-20T06:14:23","slug":"pongase-en-contacto-con","status":"publish","type":"page","link":"https:\/\/www.vansteenberge.com\/es\/pongase-en-contacto-con\/","title":{"rendered":"P\u00f3ngase en contacto con"},"content":{"rendered":"<div class=\"wpb-content-wrapper\">[vc_row full_width=\u00bbstretch_row\u00bb equal_height=\u00bbyes\u00bb el_class=\u00bbpadding-row\u00bb][vc_column width=\u00bb1\/2&#8243;]<figure class=\"vcex-image vcex-module\"><div class=\"vcex-image-inner wpex-relative wpex-inline-block\"><img width=\"1500\" height=\"1125\" src=\"https:\/\/www.vansteenberge.com\/wp-content\/uploads\/2023\/09\/Map_Brouwerij_Van_Steenberge.png\" class=\"vcex-image-img wpex-align-middle wpex-aspect-1-1 wpex-object-cover\" alt=\"\" loading=\"lazy\" decoding=\"async\" srcset=\"https:\/\/www.vansteenberge.com\/wp-content\/uploads\/2023\/09\/Map_Brouwerij_Van_Steenberge.png 1500w, https:\/\/www.vansteenberge.com\/wp-content\/uploads\/2023\/09\/Map_Brouwerij_Van_Steenberge-300x225.png 300w, https:\/\/www.vansteenberge.com\/wp-content\/uploads\/2023\/09\/Map_Brouwerij_Van_Steenberge-1024x768.png 1024w, https:\/\/www.vansteenberge.com\/wp-content\/uploads\/2023\/09\/Map_Brouwerij_Van_Steenberge-768x576.png 768w, https:\/\/www.vansteenberge.com\/wp-content\/uploads\/2023\/09\/Map_Brouwerij_Van_Steenberge-600x450.png 600w\" sizes=\"auto, (max-width: 1500px) 100vw, 1500px\" \/><\/div><\/figure>[\/vc_column][vc_column width=\u00bb1\/2&#8243;]<div class=\"vcex-spacing wpex-w-100 wpex-clear\" style=\"height:50px;\"><\/div><h2 class=\"vcex-heading vcex-heading-side-border vcex-module wpex-heading wpex-text-2xl wpex-h2 wpex-flex wpex-items-center\"><span class=\"vcex-heading-inner wpex-inline-block\">P\u00f3ngase en contacto con<\/span><span class=\"vcex-heading-side-border__border wpex-flex-grow wpex-h-0 wpex-border-solid wpex-border-gray-900 wpex-ml-15 wpex-border-b\"><\/span><\/h2>[vc_column_text]Cervecer\u00eda Van Steenberge<br \/>\nLindenlaan 25<br \/>\n9940 Ertvelde<br \/>\nB\u00e9lgica<\/p>\n<p>T. <a href=\"tel:+32%209%20344%2050%2071\">+32 9 344 50 71<\/a><br \/>\nF. +32 9 344 54 20<\/p>\n<p>E. <a href=\"mailto:info@vansteenberge.com\">info@vansteenberge.com<\/a>[\/vc_column_text][\/vc_column][\/vc_row][vc_row full_width=\u00bbstretch_row_content_no_spaces\u00bb][vc_column]<style>.vcex-image.vcex_69e7d33acd84d .vcex-image-img{height:600px;object-position:bottom;}<\/style><figure class=\"vcex-image vcex-module vcex_69e7d33acd84d\"><div class=\"vcex-image-inner wpex-relative wpex-w-100\"><img width=\"1500\" height=\"500\" src=\"https:\/\/www.vansteenberge.com\/wp-content\/uploads\/2023\/09\/Lagering_BarBaptist_Brouwerij_Van_Steenberge_banner.png\" class=\"vcex-image-img wpex-align-middle wpex-w-100 wpex-object-cover\" alt=\"\" loading=\"lazy\" decoding=\"async\" srcset=\"https:\/\/www.vansteenberge.com\/wp-content\/uploads\/2023\/09\/Lagering_BarBaptist_Brouwerij_Van_Steenberge_banner.png 1500w, https:\/\/www.vansteenberge.com\/wp-content\/uploads\/2023\/09\/Lagering_BarBaptist_Brouwerij_Van_Steenberge_banner-300x100.png 300w, https:\/\/www.vansteenberge.com\/wp-content\/uploads\/2023\/09\/Lagering_BarBaptist_Brouwerij_Van_Steenberge_banner-1024x341.png 1024w, https:\/\/www.vansteenberge.com\/wp-content\/uploads\/2023\/09\/Lagering_BarBaptist_Brouwerij_Van_Steenberge_banner-768x256.png 768w, https:\/\/www.vansteenberge.com\/wp-content\/uploads\/2023\/09\/Lagering_BarBaptist_Brouwerij_Van_Steenberge_banner-600x200.png 600w\" sizes=\"auto, (max-width: 1500px) 100vw, 1500px\" \/><\/div><\/figure>[\/vc_column][\/vc_row][vc_row full_width=\u00bbstretch_row\u00bb equal_height=\u00bbyes\u00bb el_class=\u00bbpadding-top\u00bb][vc_column width=\u00bb1\/2&#8243; el_class=\u00bbgradient\u00bb]<h2 class=\"vcex-heading vcex-heading-side-border vcex-module wpex-heading wpex-text-2xl wpex-h2 wpex-flex wpex-items-center\"><span class=\"vcex-heading-inner wpex-inline-block\">BAR BAUTISTA<\/span><span class=\"vcex-heading-side-border__border wpex-flex-grow wpex-h-0 wpex-border-solid wpex-border-gray-900 wpex-ml-15 wpex-border-b\"><\/span><\/h2>[vc_column_text css=\u00bb.vc_custom_1694441345282{padding-right: 70px !important;}\u00bb]En el Bar Baptist, sobre el coraz\u00f3n palpitante de la cervecer\u00eda Van Steenberge, obsequie a sus invitados con una experiencia excepcionalmente sabrosa.<\/p>\n<p>Comenzar\u00e1 con una visita exclusiva a la f\u00e1brica de cerveza, en la que sus invitados conocer\u00e1n nuestra pasi\u00f3n y los secretos del oficio cervecero. En Van Steenberge, nos gusta compartir nuestras seis generaciones de artesan\u00eda.<\/p>\n<p>A continuaci\u00f3n, dejamos que sus invitados se re\u00fanan con nosotros en el bar o en la larga mesa de madera caliente de nuestro Bar Baptista. Donde les sorprender\u00e1s con una degustaci\u00f3n de nuestra gama de cervezas artesanas o un taller de cocina. En el plano culinario, puede elegir entre varias f\u00f3rmulas a medida.<\/p>\n<p>Junto con usted, elaboraremos la combinaci\u00f3n perfecta para sus invitados y convertiremos su evento en un momento Bar Baptist inolvidable.[\/vc_column_text]<div class=\"vcex-spacing wpex-w-100 wpex-clear\"><\/div><a href=\"https:\/\/www.vansteenberge.com\/es\/visite\/\" class=\"vcex-button theme-button inline\"><span class=\"vcex-button-inner theme-button-inner wpex-flex wpex-flex-wrap wpex-items-center wpex-justify-center\">Seguir leyendo<\/span><\/a> [\/vc_column][vc_column width=\u00bb1\/2&#8243;]<div class=\"vcex-spacing wpex-w-100 wpex-clear\" style=\"height:50px;\"><\/div><figure class=\"vcex-image vcex-module\"><div class=\"vcex-image-inner wpex-relative wpex-inline-block\"><img width=\"2000\" height=\"1500\" src=\"https:\/\/www.vansteenberge.com\/wp-content\/uploads\/2023\/09\/Bar_Baptist_Brouwerij-Van-Steenberge_bezoek.png\" class=\"vcex-image-img wpex-align-middle wpex-aspect-4-3 wpex-object-cover\" alt=\"\" loading=\"lazy\" decoding=\"async\" srcset=\"https:\/\/www.vansteenberge.com\/wp-content\/uploads\/2023\/09\/Bar_Baptist_Brouwerij-Van-Steenberge_bezoek.png 2000w, https:\/\/www.vansteenberge.com\/wp-content\/uploads\/2023\/09\/Bar_Baptist_Brouwerij-Van-Steenberge_bezoek-300x225.png 300w, https:\/\/www.vansteenberge.com\/wp-content\/uploads\/2023\/09\/Bar_Baptist_Brouwerij-Van-Steenberge_bezoek-1024x768.png 1024w, https:\/\/www.vansteenberge.com\/wp-content\/uploads\/2023\/09\/Bar_Baptist_Brouwerij-Van-Steenberge_bezoek-768x576.png 768w, https:\/\/www.vansteenberge.com\/wp-content\/uploads\/2023\/09\/Bar_Baptist_Brouwerij-Van-Steenberge_bezoek-1536x1152.png 1536w, https:\/\/www.vansteenberge.com\/wp-content\/uploads\/2023\/09\/Bar_Baptist_Brouwerij-Van-Steenberge_bezoek-600x450.png 600w\" sizes=\"auto, (max-width: 2000px) 100vw, 2000px\" \/><\/div><\/figure>[\/vc_column][\/vc_row][vc_row full_width=\u00bbstretch_row\u00bb equal_height=\u00bbyes\u00bb el_class=\u00bbpadding-row\u00bb][vc_column width=\u00bb1\/2&#8243;]<div class=\"vcex-spacing wpex-w-100 wpex-clear\"><\/div><h2 class=\"vcex-heading vcex-heading-side-border vcex-module wpex-heading wpex-text-2xl wpex-h2 wpex-flex wpex-items-center\"><span class=\"vcex-heading-inner wpex-inline-block\">VISITA A LA F\u00c1BRICA DE CERVEZA VAN STEENBERGE<\/span><span class=\"vcex-heading-side-border__border wpex-flex-grow wpex-h-0 wpex-border-solid wpex-border-gray-900 wpex-ml-15 wpex-border-b\"><\/span><\/h2>[vc_column_text]<strong>INDIVIDUAL<\/strong><br \/>\n2\u00ba s\u00e1bado de mes &#8211; 10h30<br \/>\nM\u00e1ximo 20 personas<br \/>\nVisita de 60 minutos a la cervecer\u00eda Van Steenberge<br \/>\nDegustaci\u00f3n de 30 minutos de cervezas de barril<br \/>\n22 euros por persona<\/p>\n<p><strong>EN GRUPO<\/strong><br \/>\n\u00bfCon 15 personas o m\u00e1s?<br \/>\nPrograme una visita en grupo en la fecha que prefiera.<\/p>\n<p>M\u00e1s informaci\u00f3n : <a href=\"mailto:info@vansteenberge.com\">info@vansteenberge.com<\/a>[\/vc_column_text][\/vc_column][vc_column width=\u00bb1\/2&#8243;]<div class=\"vcex-spacing wpex-w-100 wpex-clear\"><\/div>[\/vc_column][\/vc_row]\n<\/div>","protected":false},"excerpt":{"rendered":"<p>[vc_row full_width=\u00bbstretch_row\u00bb equal_height=\u00bbyes\u00bb el_class=\u00bbpadding-row\u00bb][vc_column width=\u00bb1\/2&#8243;][\/vc_column][vc_column width=\u00bb1\/2&#8243;][vc_column_text]Cervecer\u00eda Van Steenberge Lindenlaan 25 9940 Ertvelde B\u00e9lgica T. +32 9 344 50 71 F. +32 9 344 54 20 E. info@vansteenberge.com[\/vc_column_text][\/vc_column][\/vc_row][vc_row full_width=\u00bbstretch_row_content_no_spaces\u00bb][vc_column][\/vc_column][\/vc_row][vc_row full_width=\u00bbstretch_row\u00bb equal_height=\u00bbyes\u00bb el_class=\u00bbpadding-top\u00bb][vc_column width=\u00bb1\/2&#8243; el_class=\u00bbgradient\u00bb][vc_column_text css=\u00bb.vc_custom_1694441345282{padding-right: 70px !important;}\u00bb]En el Bar Baptist, sobre el coraz\u00f3n palpitante de la cervecer\u00eda Van Steenberge, obsequie a sus invitados con una experiencia&hellip;<\/p>\n","protected":false},"author":1,"featured_media":1742,"parent":0,"menu_order":0,"comment_status":"closed","ping_status":"closed","template":"","meta":{"_acf_changed":false,"bwfblock_default_font":"","footnotes":""},"class_list":["post-2026","page","type-page","status-publish","has-post-thumbnail","hentry","entry","has-media"],"acf":[],"_links":{"self":[{"href":"https:\/\/www.vansteenberge.com\/es\/wp-json\/wp\/v2\/pages\/2026","targetHints":{"allow":["GET"]}}],"collection":[{"href":"https:\/\/www.vansteenberge.com\/es\/wp-json\/wp\/v2\/pages"}],"about":[{"href":"https:\/\/www.vansteenberge.com\/es\/wp-json\/wp\/v2\/types\/page"}],"author":[{"embeddable":true,"href":"https:\/\/www.vansteenberge.com\/es\/wp-json\/wp\/v2\/users\/1"}],"replies":[{"embeddable":true,"href":"https:\/\/www.vansteenberge.com\/es\/wp-json\/wp\/v2\/comments?post=2026"}],"version-history":[{"count":0,"href":"https:\/\/www.vansteenberge.com\/es\/wp-json\/wp\/v2\/pages\/2026\/revisions"}],"wp:featuredmedia":[{"embeddable":true,"href":"https:\/\/www.vansteenberge.com\/es\/wp-json\/wp\/v2\/media\/1742"}],"wp:attachment":[{"href":"https:\/\/www.vansteenberge.com\/es\/wp-json\/wp\/v2\/media?parent=2026"}],"curies":[{"name":"wp","href":"https:\/\/api.w.org\/{rel}","templated":true}]}}