{"id":2027,"date":"2023-08-03T06:17:18","date_gmt":"2023-08-03T04:17:18","guid":{"rendered":"https:\/\/www.vansteenberge.com\/noticias\/"},"modified":"2024-02-20T13:17:15","modified_gmt":"2024-02-20T12:17:15","slug":"noticias","status":"publish","type":"page","link":"https:\/\/www.vansteenberge.com\/es\/noticias\/","title":{"rendered":"Noticias"},"content":{"rendered":"<div class=\"wpb-content-wrapper\">[vc_row el_class=\u00bbpadding-row\u00bb][vc_column]<div class=\"wpex-post-cards wpex-post-cards-template_2807 wpex-mb-0 wpex-relative\"><div class=\"wpex-post-cards-inner\"><div class=\"wpex-post-cards-loop wpex-post-cards-grid wpex-grid wpex-grid-cols-3 wpex-pp-grid-cols-1 wpex-gap-0\"><div class=\"wpex-post-cards-entry wpex-flex wpex-flex-col wpex-flex-grow post-35002 type-post cat-55 translation_priority-93 translation_priority-91\"><div class=\"wpex-card wpex-card-template_2807 blog-card\"><a href=\"https:\/\/www.vansteenberge.com\/es\/nuevo-fourchette-grand-cru-2\/\" aria-label=\"NUEVO FOURCHETTE GRAND CRU\" class=\"wpex-card-inner wpex-no-underline wpex-inherit-color\"><div class=\"vc_row wpb_row vc_row-fluid vc_row-o-content-bottom vc_row-flex wpex-relative wpex-vc_row-has-fill wpex-vc-reset-negative-margin typography-white wpex-has-overlay wpex-has-overlay--69e7ee57c6cc1\" style=\"background-image:url(https:\/\/www.vansteenberge.com\/wp-content\/uploads\/2024\/10\/FOURCHETTE_GRAND_CRU_Vermouth.png)!important;min-height:500px;background-position:center center!important;background-size:cover!important;\"><div class=\"wpex-bg-overlay-wrap wpex-absolute wpex-inset-0 wpex-rounded-inherit\"><style class=\"wpex-bg-overlay-css\">.wpex-has-overlay--69e7ee57c6cc1 > .wpex-bg-overlay-wrap .wpex-bg-overlay{opacity:0.3;}<\/style><span class=\"wpex-bg-overlay dark wpex-absolute wpex-inset-0 wpex-rounded-inherit wpex-duration-500 wpex-opacity-60 wpex-bg-black\"><\/span><\/div><div class=\"wpb_column vc_column_container vc_col-sm-12\"><div class=\"vc_column-inner\"><div class=\"wpb_wrapper\"><h3 class=\"vcex-heading vcex-heading-bottom-border vcex-module wpex-heading wpex-text-2xl wpex-h3 wpex-border-b wpex-border-solid wpex-border-main\"><span class=\"vcex-heading-inner wpex-inline-block\">NUEVO FOURCHETTE GRAND CRU<\/span><\/h3><div class=\"vcex-spacing wpex-w-100 wpex-clear\"><\/div><span href=\"https:\/\/www.vansteenberge.com\/es\/nuevo-fourchette-grand-cru-2\/\" class=\"vcex-button theme-txt-link wpex-inline-block inline\"><span class=\"vcex-button-inner theme-button-inner wpex-flex wpex-flex-wrap wpex-items-center wpex-justify-center\">Leer m\u00e1s<\/span><\/span> <\/div><\/div><\/div><\/div>\r\n<\/a><\/div><\/div><div class=\"wpex-post-cards-entry wpex-flex wpex-flex-col wpex-flex-grow post-3593 type-post cat-55 translation_priority-93\"><div class=\"wpex-card wpex-card-template_2807 blog-card\"><a href=\"https:\/\/www.vansteenberge.com\/es\/bouw-gestart-nieuwe-vatenlijn\/\" aria-label=\"Comenz\u00f3 la construcci\u00f3n de una nueva l\u00ednea de barriles\" class=\"wpex-card-inner wpex-no-underline wpex-inherit-color\"><div class=\"vc_row wpb_row vc_row-fluid vc_row-o-content-bottom vc_row-flex wpex-relative wpex-vc_row-has-fill wpex-vc-reset-negative-margin typography-white wpex-has-overlay wpex-has-overlay--69e7ee57c9d98\" style=\"background-image:url(https:\/\/www.vansteenberge.com\/wp-content\/uploads\/2024\/06\/Brouwerij-Van-Steenberge_nieuwe-vatenlijn_LR_01.png)!important;min-height:500px;background-position:center center!important;background-size:cover!important;\"><div class=\"wpex-bg-overlay-wrap wpex-absolute wpex-inset-0 wpex-rounded-inherit\"><style class=\"wpex-bg-overlay-css\">.wpex-has-overlay--69e7ee57c9d98 > .wpex-bg-overlay-wrap .wpex-bg-overlay{opacity:0.3;}<\/style><span class=\"wpex-bg-overlay dark wpex-absolute wpex-inset-0 wpex-rounded-inherit wpex-duration-500 wpex-opacity-60 wpex-bg-black\"><\/span><\/div><div class=\"wpb_column vc_column_container vc_col-sm-12\"><div class=\"vc_column-inner\"><div class=\"wpb_wrapper\"><h3 class=\"vcex-heading vcex-heading-bottom-border vcex-module wpex-heading wpex-text-2xl wpex-h3 wpex-border-b wpex-border-solid wpex-border-main\"><span class=\"vcex-heading-inner wpex-inline-block\">Comenz\u00f3 la construcci\u00f3n de una nueva l\u00ednea de barriles<\/span><\/h3><div class=\"vcex-spacing wpex-w-100 wpex-clear\"><\/div><span href=\"https:\/\/www.vansteenberge.com\/es\/bouw-gestart-nieuwe-vatenlijn\/\" class=\"vcex-button theme-txt-link wpex-inline-block inline\"><span class=\"vcex-button-inner theme-button-inner wpex-flex wpex-flex-wrap wpex-items-center wpex-justify-center\">Leer m\u00e1s<\/span><\/span> <\/div><\/div><\/div><\/div>\r\n<\/a><\/div><\/div><div class=\"wpex-post-cards-entry wpex-flex wpex-flex-col wpex-flex-grow post-3601 type-post cat-55 translation_priority-93\"><div class=\"wpex-card wpex-card-template_2807 blog-card\"><a href=\"https:\/\/www.vansteenberge.com\/es\/onderscheiding-voor-onze-bieren\/\" aria-label=\"Premio a nuestras cervezas\" class=\"wpex-card-inner wpex-no-underline wpex-inherit-color\"><div class=\"vc_row wpb_row vc_row-fluid vc_row-o-content-bottom vc_row-flex wpex-relative wpex-vc_row-has-fill wpex-vc-reset-negative-margin typography-white wpex-has-overlay wpex-has-overlay--69e7ee57cb60c\" style=\"background-image:url(https:\/\/www.vansteenberge.com\/wp-content\/uploads\/2023\/10\/Awards_GuldenDraak_Piraat_Baptist.png)!important;min-height:500px;background-position:center center!important;background-size:cover!important;\"><div class=\"wpex-bg-overlay-wrap wpex-absolute wpex-inset-0 wpex-rounded-inherit\"><style class=\"wpex-bg-overlay-css\">.wpex-has-overlay--69e7ee57cb60c > .wpex-bg-overlay-wrap .wpex-bg-overlay{opacity:0.3;}<\/style><span class=\"wpex-bg-overlay dark wpex-absolute wpex-inset-0 wpex-rounded-inherit wpex-duration-500 wpex-opacity-60 wpex-bg-black\"><\/span><\/div><div class=\"wpb_column vc_column_container vc_col-sm-12\"><div class=\"vc_column-inner\"><div class=\"wpb_wrapper\"><h3 class=\"vcex-heading vcex-heading-bottom-border vcex-module wpex-heading wpex-text-2xl wpex-h3 wpex-border-b wpex-border-solid wpex-border-main\"><span class=\"vcex-heading-inner wpex-inline-block\">Premio a nuestras cervezas<\/span><\/h3><div class=\"vcex-spacing wpex-w-100 wpex-clear\"><\/div><span href=\"https:\/\/www.vansteenberge.com\/es\/onderscheiding-voor-onze-bieren\/\" class=\"vcex-button theme-txt-link wpex-inline-block inline\"><span class=\"vcex-button-inner theme-button-inner wpex-flex wpex-flex-wrap wpex-items-center wpex-justify-center\">Leer m\u00e1s<\/span><\/span> <\/div><\/div><\/div><\/div>\r\n<\/a><\/div><\/div><div class=\"wpex-post-cards-entry wpex-flex wpex-flex-col wpex-flex-grow post-2193 type-post cat-55 translation_priority-91\"><div class=\"wpex-card wpex-card-template_2807 blog-card\"><a href=\"https:\/\/www.vansteenberge.com\/es\/nuevo-fourchette-grand-cru\/\" aria-label=\"NUEVO FOURCHETTE GRAND CRU\" class=\"wpex-card-inner wpex-no-underline wpex-inherit-color\"><div class=\"vc_row wpb_row vc_row-fluid vc_row-o-content-bottom vc_row-flex wpex-relative wpex-vc_row-has-fill wpex-vc-reset-negative-margin typography-white wpex-has-overlay wpex-has-overlay--69e7ee57ccde9\" style=\"background-image:url(https:\/\/www.vansteenberge.com\/wp-content\/uploads\/2023\/09\/FOURCHETTE_GRAND_CRU_Brouwerij_Van_Steenberge.jpg)!important;min-height:500px;background-position:center center!important;background-size:cover!important;\"><div class=\"wpex-bg-overlay-wrap wpex-absolute wpex-inset-0 wpex-rounded-inherit\"><style class=\"wpex-bg-overlay-css\">.wpex-has-overlay--69e7ee57ccde9 > .wpex-bg-overlay-wrap .wpex-bg-overlay{opacity:0.3;}<\/style><span class=\"wpex-bg-overlay dark wpex-absolute wpex-inset-0 wpex-rounded-inherit wpex-duration-500 wpex-opacity-60 wpex-bg-black\"><\/span><\/div><div class=\"wpb_column vc_column_container vc_col-sm-12\"><div class=\"vc_column-inner\"><div class=\"wpb_wrapper\"><h3 class=\"vcex-heading vcex-heading-bottom-border vcex-module wpex-heading wpex-text-2xl wpex-h3 wpex-border-b wpex-border-solid wpex-border-main\"><span class=\"vcex-heading-inner wpex-inline-block\">NUEVO FOURCHETTE GRAND CRU<\/span><\/h3><div class=\"vcex-spacing wpex-w-100 wpex-clear\"><\/div><span href=\"https:\/\/www.vansteenberge.com\/es\/nuevo-fourchette-grand-cru\/\" class=\"vcex-button theme-txt-link wpex-inline-block inline\"><span class=\"vcex-button-inner theme-button-inner wpex-flex wpex-flex-wrap wpex-items-center wpex-justify-center\">Leer m\u00e1s<\/span><\/span> <\/div><\/div><\/div><\/div>\r\n<\/a><\/div><\/div><div class=\"wpex-post-cards-entry wpex-flex wpex-flex-col wpex-flex-grow post-2098 type-post cat-55 translation_priority-93\"><div class=\"wpex-card wpex-card-template_2807 blog-card\"><a href=\"https:\/\/www.vansteenberge.com\/es\/hopspot-algo-esta-zumbando-aqui\/\" aria-label=\"Hopspot, algo est\u00e1 zumbando aqu\u00ed&#8230;\" class=\"wpex-card-inner wpex-no-underline wpex-inherit-color\"><div class=\"vc_row wpb_row vc_row-fluid vc_row-o-content-bottom vc_row-flex wpex-relative wpex-vc_row-has-fill wpex-vc-reset-negative-margin typography-white wpex-has-overlay wpex-has-overlay--69e7ee57ce5cb\" style=\"background-image:url(https:\/\/www.vansteenberge.com\/wp-content\/uploads\/2023\/06\/brouwerij_van_steenberge_Hopspot_microbrouwerij_news.png)!important;min-height:500px;background-position:center center!important;background-size:cover!important;\"><div class=\"wpex-bg-overlay-wrap wpex-absolute wpex-inset-0 wpex-rounded-inherit\"><style class=\"wpex-bg-overlay-css\">.wpex-has-overlay--69e7ee57ce5cb > .wpex-bg-overlay-wrap .wpex-bg-overlay{opacity:0.3;}<\/style><span class=\"wpex-bg-overlay dark wpex-absolute wpex-inset-0 wpex-rounded-inherit wpex-duration-500 wpex-opacity-60 wpex-bg-black\"><\/span><\/div><div class=\"wpb_column vc_column_container vc_col-sm-12\"><div class=\"vc_column-inner\"><div class=\"wpb_wrapper\"><h3 class=\"vcex-heading vcex-heading-bottom-border vcex-module wpex-heading wpex-text-2xl wpex-h3 wpex-border-b wpex-border-solid wpex-border-main\"><span class=\"vcex-heading-inner wpex-inline-block\">Hopspot, algo est\u00e1 zumbando aqu\u00ed&#8230;<\/span><\/h3><div class=\"vcex-spacing wpex-w-100 wpex-clear\"><\/div><span href=\"https:\/\/www.vansteenberge.com\/es\/hopspot-algo-esta-zumbando-aqui\/\" class=\"vcex-button theme-txt-link wpex-inline-block inline\"><span class=\"vcex-button-inner theme-button-inner wpex-flex wpex-flex-wrap wpex-items-center wpex-justify-center\">Leer m\u00e1s<\/span><\/span> <\/div><\/div><\/div><\/div>\r\n<\/a><\/div><\/div><div class=\"wpex-post-cards-entry wpex-flex wpex-flex-col wpex-flex-grow post-2207 type-post cat-55 post_tag-99 translation_priority-91\"><div class=\"wpex-card wpex-card-template_2807 blog-card\"><a href=\"https:\/\/www.vansteenberge.com\/es\/fourchette-3-dias-de-buena-mesa\/\" aria-label=\"FOURCHETTE &#8211; 3 D\u00cdAS DE BUENA MESA\" class=\"wpex-card-inner wpex-no-underline wpex-inherit-color\"><div class=\"vc_row wpb_row vc_row-fluid vc_row-o-content-bottom vc_row-flex wpex-relative wpex-vc_row-has-fill wpex-vc-reset-negative-margin typography-white wpex-has-overlay wpex-has-overlay--69e7ee57cfd99\" style=\"background-image:url(https:\/\/www.vansteenberge.com\/wp-content\/uploads\/2023\/09\/Fourchette_event_gent_Brouwerij_Van_Steenberge-01.png)!important;min-height:500px;background-position:center center!important;background-size:cover!important;\"><div class=\"wpex-bg-overlay-wrap wpex-absolute wpex-inset-0 wpex-rounded-inherit\"><style class=\"wpex-bg-overlay-css\">.wpex-has-overlay--69e7ee57cfd99 > .wpex-bg-overlay-wrap .wpex-bg-overlay{opacity:0.3;}<\/style><span class=\"wpex-bg-overlay dark wpex-absolute wpex-inset-0 wpex-rounded-inherit wpex-duration-500 wpex-opacity-60 wpex-bg-black\"><\/span><\/div><div class=\"wpb_column vc_column_container vc_col-sm-12\"><div class=\"vc_column-inner\"><div class=\"wpb_wrapper\"><h3 class=\"vcex-heading vcex-heading-bottom-border vcex-module wpex-heading wpex-text-2xl wpex-h3 wpex-border-b wpex-border-solid wpex-border-main\"><span class=\"vcex-heading-inner wpex-inline-block\">FOURCHETTE &#8211; 3 D\u00cdAS DE BUENA MESA<\/span><\/h3><div class=\"vcex-spacing wpex-w-100 wpex-clear\"><\/div><span href=\"https:\/\/www.vansteenberge.com\/es\/fourchette-3-dias-de-buena-mesa\/\" class=\"vcex-button theme-txt-link wpex-inline-block inline\"><span class=\"vcex-button-inner theme-button-inner wpex-flex wpex-flex-wrap wpex-items-center wpex-justify-center\">Leer m\u00e1s<\/span><\/span> <\/div><\/div><\/div><\/div>\r\n<\/a><\/div><\/div><\/div><\/div><div class=\"wpex-post-cards-pagination wpex-mt-30 wpex-first-mt-0\"><div class=\"wpex-pagination wpex-clear wpex-mt-30\"><ul class='page-numbers'>\n\t<li><span aria-label=\"P\u00e1gina 1\" aria-current=\"page\" class=\"page-numbers current\"><span class=\"screen-reader-text\">Page <\/span>1<\/span><\/li>\n\t<li><a aria-label=\"P\u00e1gina 2\" class=\"page-numbers\" href=\"https:\/\/www.vansteenberge.com\/es\/wp-json\/wp\/v2\/pages\/2027\/page\/2\/\"><span class=\"screen-reader-text\">Page <\/span>2<\/a><\/li>\n\t<li><a aria-label=\"P\u00e1gina 3\" class=\"page-numbers\" href=\"https:\/\/www.vansteenberge.com\/es\/wp-json\/wp\/v2\/pages\/2027\/page\/3\/\"><span class=\"screen-reader-text\">Page <\/span>3<\/a><\/li>\n\t<li><a class=\"next page-numbers\" href=\"https:\/\/www.vansteenberge.com\/es\/wp-json\/wp\/v2\/pages\/2027\/page\/2\/\"><span class=\"page-numbers-icon wpex-icon wpex-icon--xs wpex-icon--bidi\" aria-hidden=\"true\"><svg xmlns=\"http:\/\/www.w3.org\/2000\/svg\" viewBox=\"0 0 320 512\"><path d=\"M278.6 233.4c12.5 12.5 12.5 32.8 0 45.3l-160 160c-12.5 12.5-32.8 12.5-45.3 0s-12.5-32.8 0-45.3L210.7 256 73.4 118.6c-12.5-12.5-12.5-32.8 0-45.3s32.8-12.5 45.3 0l160 160z\"\/><\/svg><\/span><span class=\"screen-reader-text\">Siguiente<\/span><\/a><\/li>\n<\/ul>\n<\/div><\/div><\/div>[\/vc_column][\/vc_row]\n<\/div>","protected":false},"excerpt":{"rendered":"La cervecer\u00eda Van Steenberge vuelve a ser este a\u00f1o orgullosa colaboradora del evento culinario Fourchette, que regresa con una edici\u00f3n de aniversario. Los d\u00edas 27,28 y 29 de mayo se colocar\u00e1n varias mesas hasta el \u00faltimo detalle. Cada d\u00eda podr\u00e1 elegir entre dos men\u00fas creados por diferentes chefs de primera categor\u00eda. \u00bfElegir\u00e1 el s\u00e1bado por&hellip;","protected":false},"author":1,"featured_media":1410,"parent":0,"menu_order":0,"comment_status":"closed","ping_status":"closed","template":"","meta":{"_acf_changed":false,"bwfblock_default_font":"","footnotes":""},"class_list":["post-2027","page","type-page","status-publish","has-post-thumbnail","hentry","entry","has-media"],"acf":[],"_links":{"self":[{"href":"https:\/\/www.vansteenberge.com\/es\/wp-json\/wp\/v2\/pages\/2027","targetHints":{"allow":["GET"]}}],"collection":[{"href":"https:\/\/www.vansteenberge.com\/es\/wp-json\/wp\/v2\/pages"}],"about":[{"href":"https:\/\/www.vansteenberge.com\/es\/wp-json\/wp\/v2\/types\/page"}],"author":[{"embeddable":true,"href":"https:\/\/www.vansteenberge.com\/es\/wp-json\/wp\/v2\/users\/1"}],"replies":[{"embeddable":true,"href":"https:\/\/www.vansteenberge.com\/es\/wp-json\/wp\/v2\/comments?post=2027"}],"version-history":[{"count":0,"href":"https:\/\/www.vansteenberge.com\/es\/wp-json\/wp\/v2\/pages\/2027\/revisions"}],"wp:featuredmedia":[{"embeddable":true,"href":"https:\/\/www.vansteenberge.com\/es\/wp-json\/wp\/v2\/media\/1410"}],"wp:attachment":[{"href":"https:\/\/www.vansteenberge.com\/es\/wp-json\/wp\/v2\/media?parent=2027"}],"curies":[{"name":"wp","href":"https:\/\/api.w.org\/{rel}","templated":true}]}}