{"id":2049,"date":"2023-09-06T07:13:58","date_gmt":"2023-09-06T05:13:58","guid":{"rendered":"https:\/\/www.vansteenberge.com\/visite\/"},"modified":"2025-12-04T08:23:32","modified_gmt":"2025-12-04T07:23:32","slug":"visite","status":"publish","type":"page","link":"https:\/\/www.vansteenberge.com\/es\/visite\/","title":{"rendered":"Visite"},"content":{"rendered":"<div class=\"wpb-content-wrapper\">[vc_row full_width=\u00bbstretch_row\u00bb equal_height=\u00bbyes\u00bb el_class=\u00bbpadding-row\u00bb][vc_column width=\u00bb1\/2&#8243;]<h2 class=\"vcex-heading vcex-heading-side-border vcex-module wpex-heading wpex-text-2xl wpex-h2 wpex-flex wpex-items-center\"><span class=\"vcex-heading-inner wpex-inline-block\">Visite la cervecer\u00eda Van Steenberge<\/span><span class=\"vcex-heading-side-border__border wpex-flex-grow wpex-h-0 wpex-border-solid wpex-border-gray-900 wpex-ml-15 wpex-border-b\"><\/span><\/h2>[vc_column_text]En la f\u00e1brica de cerveza Van Steenberge siempre hay vida. Haga una visita guiada y sum\u00e9rjase en nuestra familia cervecera de sexta generaci\u00f3n. Despu\u00e9s de la visita a la cervecer\u00eda, estaremos encantados de obsequiarle con una cerveza especial perfectamente tirada y con abundante espuma blanca. Drag\u00f3n de Oro, Fourchette, Agustino, Bautista, &#8230;<\/p>\n<p>Te apetece?[\/vc_column_text]<div class=\"vcex-spacing wpex-w-100 wpex-clear\"><\/div><a href=\"mailto:in&#102;&#111;&#064;&#118;&#097;&#110;s&#116;&#101;en&#098;&#101;&#114;&#103;e&#046;&#099;&#111;m\" class=\"vcex-button theme-button inline\"><span class=\"vcex-button-inner theme-button-inner wpex-flex wpex-flex-wrap wpex-items-center wpex-justify-center\">Seguir leyendo<\/span><\/a> [\/vc_column][vc_column width=\u00bb1\/2&#8243;]<figure class=\"vcex-image vcex-module\"><div class=\"vcex-image-inner wpex-relative wpex-inline-block\"><img width=\"2000\" height=\"1500\" src=\"https:\/\/www.vansteenberge.com\/wp-content\/uploads\/2023\/09\/BROUWERIJ_VAN_STEENBERGE.png\" class=\"vcex-image-img wpex-align-middle\" alt=\"\" loading=\"lazy\" decoding=\"async\" srcset=\"https:\/\/www.vansteenberge.com\/wp-content\/uploads\/2023\/09\/BROUWERIJ_VAN_STEENBERGE.png 2000w, https:\/\/www.vansteenberge.com\/wp-content\/uploads\/2023\/09\/BROUWERIJ_VAN_STEENBERGE-300x225.png 300w, https:\/\/www.vansteenberge.com\/wp-content\/uploads\/2023\/09\/BROUWERIJ_VAN_STEENBERGE-1024x768.png 1024w, https:\/\/www.vansteenberge.com\/wp-content\/uploads\/2023\/09\/BROUWERIJ_VAN_STEENBERGE-768x576.png 768w, https:\/\/www.vansteenberge.com\/wp-content\/uploads\/2023\/09\/BROUWERIJ_VAN_STEENBERGE-1536x1152.png 1536w, https:\/\/www.vansteenberge.com\/wp-content\/uploads\/2023\/09\/BROUWERIJ_VAN_STEENBERGE-600x450.png 600w\" sizes=\"auto, (max-width: 2000px) 100vw, 2000px\" \/><\/div><\/figure>[\/vc_column][\/vc_row][vc_row full_width=\u00bbstretch_row\u00bb wpex_bg_overlay=\u00bbcolor\u00bb wpex_bg_overlay_color=\u00bbpalette-80&#8243; el_class=\u00bbpadding-row\u00bb][vc_column]<h2 class=\"vcex-heading vcex-heading-graphical vcex-module wpex-heading wpex-text-2xl wpex-h2 wpex-text-left\"><span class=\"vcex-heading-inner wpex-inline-block\">Reserve ya su plaza<\/span><\/h2><div class=\"vcex-spacing wpex-w-100 wpex-clear\"><\/div>[vc_row_inner][vc_column_inner width=\u00bb1\/2&#8243;]<h3 class=\"vcex-heading vcex-heading-side-border vcex-module wpex-heading wpex-text-2xl wpex-h3 wpex-flex wpex-items-center\"><span class=\"vcex-heading-inner wpex-inline-block\">Individual<\/span><span class=\"vcex-heading-side-border__border wpex-flex-grow wpex-h-0 wpex-border-solid wpex-border-gray-900 wpex-ml-15 wpex-border-b\"><\/span><\/h3><div class=\"vcex-spacing wpex-w-100 wpex-clear\"><\/div>[vc_column_text css=\u00bb\u00bb]\n<h5>Pr\u00e1ctica<\/h5>\n<ul>\n<li>2\u00ba s\u00e1bado del mes &#8211; 10h30<\/li>\n<li>5O euros por persona<\/li>\n<li>Inscripci\u00f3n en l\u00ednea a trav\u00e9s del calendario Hopspot siempre que haya plazas disponibles<\/li>\n<\/ul>\n<h5>Programa<\/h5>\n<ul>\n<li>10:30 &#8211; 60 min. visita de la cervecer\u00eda Van Steenberge<\/li>\n<li>11:45 &#8211; 30 min. degustaci\u00f3n de cerveza en Hopspot<\/li>\n<li>12:15 &#8211; almuerzo inspirado en la cerveza en Hopspot<\/li>\n<li>estofado de cerveza Gulden Draak con degustaci\u00f3n a juego<\/li>\n<li>caf\u00e9<\/li>\n<\/ul>\n[\/vc_column_text]<div class=\"vcex-spacing wpex-w-100 wpex-clear\"><\/div><a href=\"https:\/\/www.hopspot.be\/beleven\/\" class=\"vcex-button theme-button inline\" target=\"_blank\" rel=\"noopener\"><span class=\"vcex-button-inner theme-button-inner wpex-flex wpex-flex-wrap wpex-items-center wpex-justify-center\">Calendario de Hopspot<\/span><\/a> [\/vc_column_inner][vc_column_inner width=\u00bb1\/2&#8243;]<h3 class=\"vcex-heading vcex-heading-side-border vcex-module wpex-heading wpex-text-2xl wpex-h3 wpex-flex wpex-items-center\"><span class=\"vcex-heading-inner wpex-inline-block\">En grupo<\/span><span class=\"vcex-heading-side-border__border wpex-flex-grow wpex-h-0 wpex-border-solid wpex-border-gray-900 wpex-ml-15 wpex-border-b\"><\/span><\/h3><div class=\"vcex-spacing wpex-w-100 wpex-clear\"><\/div>[vc_column_text]\u00bfCon 15 personas o m\u00e1s?<br \/>\nPrograme una visita en grupo en la fecha que prefiera.<\/p>\n<p>M\u00e1s informaci\u00f3n : <a href=\"mailto:info@vansteenberge.com\">info@vansteenberge.com<\/a>[\/vc_column_text]<div class=\"vcex-spacing wpex-w-100 wpex-clear\"><\/div><figure class=\"vcex-image vcex-module\"><div class=\"vcex-image-inner wpex-relative wpex-inline-block\"><img width=\"2000\" height=\"1333\" src=\"https:\/\/www.vansteenberge.com\/wp-content\/uploads\/2023\/07\/Brouwerij_van_steenberge_Bottelarij_brouwproces_01.jpg\" class=\"vcex-image-img wpex-align-middle\" alt=\"\" loading=\"lazy\" decoding=\"async\" srcset=\"https:\/\/www.vansteenberge.com\/wp-content\/uploads\/2023\/07\/Brouwerij_van_steenberge_Bottelarij_brouwproces_01.jpg 2000w, https:\/\/www.vansteenberge.com\/wp-content\/uploads\/2023\/07\/Brouwerij_van_steenberge_Bottelarij_brouwproces_01-300x200.jpg 300w, https:\/\/www.vansteenberge.com\/wp-content\/uploads\/2023\/07\/Brouwerij_van_steenberge_Bottelarij_brouwproces_01-1024x682.jpg 1024w, https:\/\/www.vansteenberge.com\/wp-content\/uploads\/2023\/07\/Brouwerij_van_steenberge_Bottelarij_brouwproces_01-768x512.jpg 768w, https:\/\/www.vansteenberge.com\/wp-content\/uploads\/2023\/07\/Brouwerij_van_steenberge_Bottelarij_brouwproces_01-1536x1024.jpg 1536w, https:\/\/www.vansteenberge.com\/wp-content\/uploads\/2023\/07\/Brouwerij_van_steenberge_Bottelarij_brouwproces_01-600x400.jpg 600w\" sizes=\"auto, (max-width: 2000px) 100vw, 2000px\" \/><\/div><\/figure>[\/vc_column_inner][\/vc_row_inner][\/vc_column][\/vc_row][vc_row full_width=\u00bbstretch_row\u00bb equal_height=\u00bbyes\u00bb el_class=\u00bbpadding-row\u00bb][vc_column width=\u00bb1\/2&#8243;]<h2 class=\"vcex-heading vcex-heading-side-border vcex-module wpex-heading wpex-text-2xl wpex-h2 wpex-flex wpex-items-center\"><span class=\"vcex-heading-inner wpex-inline-block\">Hopspot,<br \/>\nnuestra microcervecer\u00eda<br \/>\ncon experiencia maxi<\/span><span class=\"vcex-heading-side-border__border wpex-flex-grow wpex-h-0 wpex-border-solid wpex-border-gray-900 wpex-ml-15 wpex-border-b\"><\/span><\/h2>[vc_column_text]Elaboramos por una raz\u00f3n: en cada una de nuestras cervezas se palpa la pasi\u00f3n y el amor por lo local. \u00bfSab\u00edas que nosotros mismos cultivamos el l\u00fapulo para nuestras cervezas en el campo que rodea Hopspot? Vree sabio, \u00a1cierto! Mantenemos todo el proceso de producci\u00f3n en nuestras instalaciones para elaborar cervezas 100% locales y con car\u00e1cter. De este modo, la cerveza llega al vaso por el camino m\u00e1s corto, donde se mantiene fresca hasta el \u00faltimo sorbo. \u00a1Sant\u00e9![\/vc_column_text]<div class=\"vcex-spacing wpex-w-100 wpex-clear\"><\/div><a href=\"https:\/\/www.hopspot.be\/\" class=\"vcex-button theme-button inline\" target=\"_blank\" rel=\"noopener\"><span class=\"vcex-button-inner theme-button-inner wpex-flex wpex-flex-wrap wpex-items-center wpex-justify-center\">Descubre Hopspot<\/span><\/a> [\/vc_column][vc_column width=\u00bb1\/2&#8243;]<figure class=\"vcex-image vcex-module\"><div class=\"vcex-image-inner wpex-relative wpex-inline-block\"><img width=\"1500\" height=\"1125\" src=\"https:\/\/www.vansteenberge.com\/wp-content\/uploads\/2023\/08\/Hopspot_Brouwerij-Van-Steenberge_microbrouwerij.jpg\" class=\"vcex-image-img wpex-align-middle\" alt=\"\" loading=\"lazy\" decoding=\"async\" srcset=\"https:\/\/www.vansteenberge.com\/wp-content\/uploads\/2023\/08\/Hopspot_Brouwerij-Van-Steenberge_microbrouwerij.jpg 1500w, https:\/\/www.vansteenberge.com\/wp-content\/uploads\/2023\/08\/Hopspot_Brouwerij-Van-Steenberge_microbrouwerij-300x225.jpg 300w, https:\/\/www.vansteenberge.com\/wp-content\/uploads\/2023\/08\/Hopspot_Brouwerij-Van-Steenberge_microbrouwerij-1024x768.jpg 1024w, https:\/\/www.vansteenberge.com\/wp-content\/uploads\/2023\/08\/Hopspot_Brouwerij-Van-Steenberge_microbrouwerij-768x576.jpg 768w, https:\/\/www.vansteenberge.com\/wp-content\/uploads\/2023\/08\/Hopspot_Brouwerij-Van-Steenberge_microbrouwerij-600x450.jpg 600w\" sizes=\"auto, (max-width: 1500px) 100vw, 1500px\" \/><\/div><\/figure>[\/vc_column][\/vc_row][vc_row][vc_column el_class=\u00bbgradient\u00bb]<div class=\"vcex-spacing wpex-w-100 wpex-clear\" style=\"height:50px;\"><\/div><h2 class=\"vcex-heading vcex-heading-plain vcex-module wpex-heading wpex-text-2xl wpex-h2 wpex-text-center\"><span class=\"vcex-heading-inner wpex-inline-block\">Descubre Bar Baptist<\/span><\/h2><div class=\"vcex-spacing wpex-w-100 wpex-clear\" style=\"height:50px;\"><\/div><figure class=\"vcex-image vcex-module\"><div class=\"vcex-image-inner wpex-relative wpex-inline-block\"><img width=\"1500\" height=\"500\" src=\"https:\/\/www.vansteenberge.com\/wp-content\/uploads\/2023\/09\/Bar_Baptist_shot_bier_Banner.png\" class=\"vcex-image-img wpex-align-middle\" alt=\"\" loading=\"lazy\" decoding=\"async\" srcset=\"https:\/\/www.vansteenberge.com\/wp-content\/uploads\/2023\/09\/Bar_Baptist_shot_bier_Banner.png 1500w, https:\/\/www.vansteenberge.com\/wp-content\/uploads\/2023\/09\/Bar_Baptist_shot_bier_Banner-300x100.png 300w, https:\/\/www.vansteenberge.com\/wp-content\/uploads\/2023\/09\/Bar_Baptist_shot_bier_Banner-1024x341.png 1024w, https:\/\/www.vansteenberge.com\/wp-content\/uploads\/2023\/09\/Bar_Baptist_shot_bier_Banner-768x256.png 768w, https:\/\/www.vansteenberge.com\/wp-content\/uploads\/2023\/09\/Bar_Baptist_shot_bier_Banner-600x200.png 600w\" sizes=\"auto, (max-width: 1500px) 100vw, 1500px\" \/><\/div><\/figure><div class=\"vcex-spacing wpex-w-100 wpex-clear\" style=\"height:50px;\"><\/div>[vc_row_inner][vc_column_inner width=\u00bb1\/2&#8243;]<figure class=\"vcex-image vcex-module\"><div class=\"vcex-image-inner wpex-relative wpex-inline-block\"><img width=\"2000\" height=\"1500\" src=\"https:\/\/www.vansteenberge.com\/wp-content\/uploads\/2023\/09\/Bar_Baptist_Brouwerij-Van-Steenberge_bezoek.png\" class=\"vcex-image-img wpex-align-middle\" alt=\"\" loading=\"lazy\" decoding=\"async\" srcset=\"https:\/\/www.vansteenberge.com\/wp-content\/uploads\/2023\/09\/Bar_Baptist_Brouwerij-Van-Steenberge_bezoek.png 2000w, https:\/\/www.vansteenberge.com\/wp-content\/uploads\/2023\/09\/Bar_Baptist_Brouwerij-Van-Steenberge_bezoek-300x225.png 300w, https:\/\/www.vansteenberge.com\/wp-content\/uploads\/2023\/09\/Bar_Baptist_Brouwerij-Van-Steenberge_bezoek-1024x768.png 1024w, https:\/\/www.vansteenberge.com\/wp-content\/uploads\/2023\/09\/Bar_Baptist_Brouwerij-Van-Steenberge_bezoek-768x576.png 768w, https:\/\/www.vansteenberge.com\/wp-content\/uploads\/2023\/09\/Bar_Baptist_Brouwerij-Van-Steenberge_bezoek-1536x1152.png 1536w, https:\/\/www.vansteenberge.com\/wp-content\/uploads\/2023\/09\/Bar_Baptist_Brouwerij-Van-Steenberge_bezoek-600x450.png 600w\" sizes=\"auto, (max-width: 2000px) 100vw, 2000px\" \/><\/div><\/figure>[\/vc_column_inner][vc_column_inner width=\u00bb1\/2&#8243;]<h2 class=\"vcex-heading vcex-heading-side-border vcex-module wpex-heading wpex-text-2xl wpex-h2 wpex-flex wpex-items-center\"><span class=\"vcex-heading-inner wpex-inline-block\">El coraz\u00f3n palpitante de la f\u00e1brica de cerveza.<\/span><span class=\"vcex-heading-side-border__border wpex-flex-grow wpex-h-0 wpex-border-solid wpex-border-gray-900 wpex-ml-15 wpex-border-b\"><\/span><\/h2>[vc_column_text]En el Bar Baptist, sobre el coraz\u00f3n palpitante de la cervecer\u00eda Van Steenberge, obsequie a sus invitados con una <strong>experiencia<\/strong> excepcionalmente sabrosa.<\/p>\n<p>Comenzar\u00e1 con una visita exclusiva a la f\u00e1brica de cerveza, en la que sus invitados conocer\u00e1n nuestra pasi\u00f3n y los secretos del oficio cervecero. En Van Steenberge, nos gusta compartir nuestras <strong>seis generaciones de artesan\u00eda<\/strong>.<\/p>\n<p>A continuaci\u00f3n, dejamos que sus invitados se re\u00fanan con nosotros en el bar o en la larga mesa de madera caliente de nuestro Bar Baptista. Donde les sorprender\u00e1s con una degustaci\u00f3n de nuestra gama de cervezas artesanas o un taller de cocina. En el plano culinario, puede elegir entre varias f\u00f3rmulas a medida.<\/p>\n<p>Junto con usted, elaboraremos la combinaci\u00f3n perfecta para sus invitados y convertiremos su evento en un momento Bar Baptist inolvidable.[\/vc_column_text]<div class=\"vcex-spacing wpex-w-100 wpex-clear\" style=\"height:50px;\"><\/div>[\/vc_column_inner][\/vc_row_inner][vc_row_inner][vc_column_inner width=\u00bb1\/2&#8243;][vc_column_text]<strong>NUESTRAS F\u00d3RMULAS<\/strong>[\/vc_column_text]<div class=\"vcex-spacing wpex-w-100 wpex-clear\"><\/div><h2 class=\"vcex-heading vcex-heading-side-border vcex-module wpex-heading wpex-text-2xl wpex-h2 wpex-flex wpex-items-center\"><span class=\"vcex-heading-inner wpex-inline-block\">MESA DE MEDICI\u00d3N<\/span><span class=\"vcex-heading-side-border__border wpex-flex-grow wpex-h-0 wpex-border-solid wpex-border-gray-900 wpex-ml-15 wpex-border-b\"><\/span><\/h2>[vc_column_text]Tras la visita a la cervecer\u00eda, sus invitados podr\u00e1n disfrutar de un delicioso buf\u00e9 Meetjesland. Los productos regionales presentados son un puro placer para las papilas olfativas y gustativas de sus invitados y fluct\u00faan seg\u00fan la temporada.<\/p>\n<ul>\n<li>De 30p a 60p<\/li>\n<li>Precio a consultar<\/li>\n<li>Incluye cena, bebidas y visita guiada<\/li>\n<\/ul>\n[\/vc_column_text]<div class=\"vcex-spacing wpex-w-100 wpex-clear\"><\/div><h2 class=\"vcex-heading vcex-heading-side-border vcex-module wpex-heading wpex-text-2xl wpex-h2 wpex-flex wpex-items-center\"><span class=\"vcex-heading-inner wpex-inline-block\">MEN\u00da BAUTISTA<\/span><span class=\"vcex-heading-side-border__border wpex-flex-grow wpex-h-0 wpex-border-solid wpex-border-gray-900 wpex-ml-15 wpex-border-b\"><\/span><\/h2>[vc_column_text]La comida o cena de tres platos -que lleva el nombre del fundador de nuestra cervecer\u00eda- se prepara al ritmo de las estaciones, se ofrece con cervezas adaptadas y cuenta con sorprendentes entremeses para empezar y deliciosos manjares para terminar. Este almuerzo o cena puede combinarse perfectamente con una esclarecedora visita a una cervecer\u00eda.<\/p>\n<ul>\n<li>De 30p a 60p<\/li>\n<li>Precio a consultar<\/li>\n<li>Incluye cena, bebidas y visita guiada<\/li>\n<\/ul>\n[\/vc_column_text]<div class=\"vcex-spacing wpex-w-100 wpex-clear\"><\/div><a href=\"mailto:&#105;n&#102;&#111;&#064;va&#110;&#115;te&#101;n&#098;e&#114;ge.&#099;&#111;&#109;\" class=\"vcex-button theme-button inline\"><span class=\"vcex-button-inner theme-button-inner wpex-flex wpex-flex-wrap wpex-items-center wpex-justify-center\">Seguir leyendo<\/span><\/a> <div class=\"vcex-spacing wpex-w-100 wpex-clear\"><\/div>[\/vc_column_inner][vc_column_inner width=\u00bb1\/2&#8243;]<div class=\"vcex-spacing wpex-w-100 wpex-clear\"><\/div><figure class=\"vcex-image vcex-module\"><div class=\"vcex-image-inner wpex-relative wpex-inline-block\"><img width=\"1575\" height=\"2362\" src=\"https:\/\/www.vansteenberge.com\/wp-content\/uploads\/2023\/09\/bezoek_Bar_Baptist_menu_Brouwerij_Van_Steenberge.jpg\" class=\"vcex-image-img wpex-align-middle\" alt=\"\" loading=\"lazy\" decoding=\"async\" srcset=\"https:\/\/www.vansteenberge.com\/wp-content\/uploads\/2023\/09\/bezoek_Bar_Baptist_menu_Brouwerij_Van_Steenberge.jpg 1575w, https:\/\/www.vansteenberge.com\/wp-content\/uploads\/2023\/09\/bezoek_Bar_Baptist_menu_Brouwerij_Van_Steenberge-200x300.jpg 200w, https:\/\/www.vansteenberge.com\/wp-content\/uploads\/2023\/09\/bezoek_Bar_Baptist_menu_Brouwerij_Van_Steenberge-683x1024.jpg 683w, https:\/\/www.vansteenberge.com\/wp-content\/uploads\/2023\/09\/bezoek_Bar_Baptist_menu_Brouwerij_Van_Steenberge-768x1152.jpg 768w, https:\/\/www.vansteenberge.com\/wp-content\/uploads\/2023\/09\/bezoek_Bar_Baptist_menu_Brouwerij_Van_Steenberge-1024x1536.jpg 1024w, https:\/\/www.vansteenberge.com\/wp-content\/uploads\/2023\/09\/bezoek_Bar_Baptist_menu_Brouwerij_Van_Steenberge-1366x2048.jpg 1366w, https:\/\/www.vansteenberge.com\/wp-content\/uploads\/2023\/09\/bezoek_Bar_Baptist_menu_Brouwerij_Van_Steenberge-600x900.jpg 600w\" sizes=\"auto, (max-width: 1575px) 100vw, 1575px\" \/><\/div><\/figure>[\/vc_column_inner][\/vc_row_inner][vc_row_inner][vc_column_inner width=\u00bb1\/2&#8243;]<figure class=\"vcex-image vcex-module\"><div class=\"vcex-image-inner wpex-relative wpex-inline-block\"><img width=\"1920\" height=\"1282\" src=\"https:\/\/www.vansteenberge.com\/wp-content\/uploads\/2023\/09\/bar_baptist_events_Brouwerij_Van_Steenberge.jpg\" class=\"vcex-image-img wpex-align-middle\" alt=\"\" loading=\"lazy\" decoding=\"async\" srcset=\"https:\/\/www.vansteenberge.com\/wp-content\/uploads\/2023\/09\/bar_baptist_events_Brouwerij_Van_Steenberge.jpg 1920w, https:\/\/www.vansteenberge.com\/wp-content\/uploads\/2023\/09\/bar_baptist_events_Brouwerij_Van_Steenberge-300x200.jpg 300w, https:\/\/www.vansteenberge.com\/wp-content\/uploads\/2023\/09\/bar_baptist_events_Brouwerij_Van_Steenberge-1024x684.jpg 1024w, https:\/\/www.vansteenberge.com\/wp-content\/uploads\/2023\/09\/bar_baptist_events_Brouwerij_Van_Steenberge-768x513.jpg 768w, https:\/\/www.vansteenberge.com\/wp-content\/uploads\/2023\/09\/bar_baptist_events_Brouwerij_Van_Steenberge-1536x1026.jpg 1536w, https:\/\/www.vansteenberge.com\/wp-content\/uploads\/2023\/09\/bar_baptist_events_Brouwerij_Van_Steenberge-600x401.jpg 600w\" sizes=\"auto, (max-width: 1920px) 100vw, 1920px\" \/><\/div><\/figure>[\/vc_column_inner][vc_column_inner width=\u00bb1\/2&#8243;]<h2 class=\"vcex-heading vcex-heading-side-border vcex-module wpex-heading wpex-text-2xl wpex-h2 wpex-flex wpex-items-center\"><span class=\"vcex-heading-inner wpex-inline-block\">Su evento en Bar Baptist<\/span><span class=\"vcex-heading-side-border__border wpex-flex-grow wpex-h-0 wpex-border-solid wpex-border-gray-900 wpex-ml-15 wpex-border-b\"><\/span><\/h2>[vc_column_text]Tambi\u00e9n puede organizar y dirigir a la perfecci\u00f3n su reuni\u00f3n, presentaci\u00f3n de producto, conferencia de prensa o curso de formaci\u00f3n en la sala de seminarios (hasta 70p). Nos aseguramos de que todas las instalaciones, como las de sonido y proyecci\u00f3n, est\u00e9n operativas para que pueda comunicar su mensaje de forma impecable. Por supuesto, esto puede hacerse en combinaci\u00f3n con las f\u00f3rmulas mencionadas anteriormente. Si necesita un servicio de catering personalizado (desayuno, almuerzo en bocadillo, comida de tres platos), estaremos encantados de elaborar una propuesta adecuada.[\/vc_column_text]<div class=\"vcex-spacing wpex-w-100 wpex-clear\"><\/div><a href=\"mailto:&#105;&#110;f&#111;&#064;&#118;&#097;n&#115;t&#101;&#101;&#110;berg&#101;&#046;c&#111;&#109;\" class=\"vcex-button theme-button inline\"><span class=\"vcex-button-inner theme-button-inner wpex-flex wpex-flex-wrap wpex-items-center wpex-justify-center\">Seguir leyendo<\/span><\/a> <div class=\"vcex-spacing wpex-w-100 wpex-clear\"><\/div>[\/vc_column_inner][\/vc_row_inner][\/vc_column][\/vc_row][vc_row][vc_column]<div class=\"wpex-template-shortcode\"><div class=\"vc_row wpb_row vc_row-fluid vc_row-o-equal-height vc_row-o-content-middle vc_row-flex wpex-relative wpex-vc-has-custom-column-spacing wpex-vc-column-spacing-0px\"><div class=\"wpb_column vc_column_container vc_col-sm-6\"><div class=\"vc_column-inner\"><div class=\"wpb_wrapper\"><h2 class=\"vcex-heading vcex-heading-side-border vcex-module wpex-heading wpex-text-2xl wpex-h2 wpex-flex wpex-items-center\"><span class=\"vcex-heading-inner wpex-inline-block\">Descubra<br \/>\nnuestra tienda virtual<\/span><span class=\"vcex-heading-side-border__border wpex-flex-grow wpex-h-0 wpex-border-solid wpex-border-gray-900 wpex-ml-15 wpex-border-b\"><\/span><\/h2><div class=\"vcex-spacing wpex-w-100 wpex-clear\"><\/div>\n\t<div class=\"wpb_text_column wpb_content_element\" >\n\t\t<div class=\"wpb_wrapper\">\n\t\t\t<p>En nuestra tienda web encontrar\u00e1<br \/>\nexquisita selecci\u00f3n de nuestras cervezas.<\/p>\n\n\t\t<\/div>\n\t<\/div>\n<div class=\"vcex-spacing wpex-w-100 wpex-clear\"><\/div><a href=\"\/es\/shop\/\" class=\"vcex-button theme-button inline\"><span class=\"vcex-button-inner theme-button-inner wpex-flex wpex-flex-wrap wpex-items-center wpex-justify-center\">A la tienda<\/span><\/a> <div class=\"vcex-spacing wpex-w-100 wpex-clear\"><\/div><\/div><\/div><\/div><div class=\"wpb_column vc_column_container vc_col-sm-6\"><div class=\"vc_column-inner\"><div class=\"wpb_wrapper\"><figure class=\"vcex-image vcex-module\"><div class=\"vcex-image-inner wpex-relative wpex-inline-block\"><img width=\"820\" height=\"600\" src=\"https:\/\/www.vansteenberge.com\/wp-content\/uploads\/2023\/06\/GuldenDraak_Combination.png\" class=\"vcex-image-img wpex-align-middle\" alt=\"\" loading=\"lazy\" decoding=\"async\" srcset=\"https:\/\/www.vansteenberge.com\/wp-content\/uploads\/2023\/06\/GuldenDraak_Combination.png 820w, https:\/\/www.vansteenberge.com\/wp-content\/uploads\/2023\/06\/GuldenDraak_Combination-300x220.png 300w, https:\/\/www.vansteenberge.com\/wp-content\/uploads\/2023\/06\/GuldenDraak_Combination-768x562.png 768w\" sizes=\"auto, (max-width: 820px) 100vw, 820px\" \/><\/div><\/figure><\/div><\/div><\/div><\/div>\n<\/div>[\/vc_column][\/vc_row]\n<\/div>","protected":false},"excerpt":{"rendered":"Visite la cervecer\u00eda Van Steenberge En la f\u00e1brica de cerveza Van Steenberge siempre hay vida. Haga una visita guiada y sum\u00e9rjase en nuestra familia cervecera de sexta generaci\u00f3n. Despu\u00e9s de la visita a la cervecer\u00eda, estaremos encantados de obsequiarle con una cerveza especial perfectamente tirada y con abundante espuma blanca. Drag\u00f3n de Oro, Fourchette, Agustino,&hellip;","protected":false},"author":1,"featured_media":1758,"parent":0,"menu_order":0,"comment_status":"closed","ping_status":"closed","template":"","meta":{"_acf_changed":false,"bwfblock_default_font":"","footnotes":""},"class_list":["post-2049","page","type-page","status-publish","has-post-thumbnail","hentry","entry","has-media"],"acf":[],"_links":{"self":[{"href":"https:\/\/www.vansteenberge.com\/es\/wp-json\/wp\/v2\/pages\/2049","targetHints":{"allow":["GET"]}}],"collection":[{"href":"https:\/\/www.vansteenberge.com\/es\/wp-json\/wp\/v2\/pages"}],"about":[{"href":"https:\/\/www.vansteenberge.com\/es\/wp-json\/wp\/v2\/types\/page"}],"author":[{"embeddable":true,"href":"https:\/\/www.vansteenberge.com\/es\/wp-json\/wp\/v2\/users\/1"}],"replies":[{"embeddable":true,"href":"https:\/\/www.vansteenberge.com\/es\/wp-json\/wp\/v2\/comments?post=2049"}],"version-history":[{"count":0,"href":"https:\/\/www.vansteenberge.com\/es\/wp-json\/wp\/v2\/pages\/2049\/revisions"}],"wp:featuredmedia":[{"embeddable":true,"href":"https:\/\/www.vansteenberge.com\/es\/wp-json\/wp\/v2\/media\/1758"}],"wp:attachment":[{"href":"https:\/\/www.vansteenberge.com\/es\/wp-json\/wp\/v2\/media?parent=2049"}],"curies":[{"name":"wp","href":"https:\/\/api.w.org\/{rel}","templated":true}]}}