{"id":2081,"date":"2023-09-19T09:53:17","date_gmt":"2023-09-19T07:53:17","guid":{"rendered":"https:\/\/www.vansteenberge.com\/trabajar-en-la-cerveceria-van-steenberge\/"},"modified":"2023-10-09T11:49:17","modified_gmt":"2023-10-09T11:49:17","slug":"empleo","status":"publish","type":"page","link":"https:\/\/www.vansteenberge.com\/es\/empleo\/","title":{"rendered":"Empleo"},"content":{"rendered":"<div class=\"wpb-content-wrapper\">[vc_row full_width=\u00bbstretch_row\u00bb equal_height=\u00bbyes\u00bb el_class=\u00bbpadding-row\u00bb][vc_column width=\u00bb1\/2&#8243;]<h2 class=\"vcex-heading vcex-heading-side-border vcex-module wpex-heading wpex-text-2xl wpex-h2 wpex-flex wpex-items-center\"><span class=\"vcex-heading-inner wpex-inline-block\">\u00a1\u00danete a nuestro equipo!<\/span><span class=\"vcex-heading-side-border__border wpex-flex-grow wpex-h-0 wpex-border-solid wpex-border-gray-900 wpex-ml-15 wpex-border-b\"><\/span><\/h2>[vc_column_text]La cervecer\u00eda siempre est\u00e1 buscando <strong>talentos cerveceros<\/strong>. \u00bfLe apasiona la cerveza, su elaboraci\u00f3n y la <strong>historia que <\/strong>hay detr\u00e1s de nuestras mejores cervezas?<\/p>\n<p>Si es as\u00ed, no dude en ponerse en contacto con nosotros en: <a href=\"mailto:info@vansteenberge.com?subject=Vrijblijvend%20solliciteren\">info@vansteenberge.com.<\/a> Hasta pronto.<\/p>\n<p>\u00bfTe apasiona la cerveza, la elaboraci\u00f3n de cerveza y la historia que hay detr\u00e1s de cervezas tan importantes como Gulden Draak y Augustijn? \u00bfPosee usted tambi\u00e9n el bagaje tecnol\u00f3gico y la ambici\u00f3n necesarios, complementados por el deseo de asumir responsabilidades ante un equipo? En el panorama cervecero belga, Brewery Van Steenberge es sin\u00f3nimo de independencia, progreso y crecimiento. Haciendo hincapi\u00e9 en la elaboraci\u00f3n tradicional de la cerveza, adaptada a las evoluciones tecnol\u00f3gicas, garantizan una calidad y un servicio fiables. Con un marcado car\u00e1cter familiar, el respeto a los empleados est\u00e1 en el centro de la pol\u00edtica.[\/vc_column_text][\/vc_column][vc_column width=\u00bb1\/2&#8243;]<figure class=\"vcex-image vcex-module\"><div class=\"vcex-image-inner wpex-relative wpex-inline-block\"><img width=\"1975\" height=\"1481\" src=\"https:\/\/www.vansteenberge.com\/wp-content\/uploads\/2023\/07\/Brouwerij_van_steenberge_brouwzaal_brouwproces_01.jpg\" class=\"vcex-image-img wpex-align-middle\" alt=\"\" loading=\"lazy\" decoding=\"async\" srcset=\"https:\/\/www.vansteenberge.com\/wp-content\/uploads\/2023\/07\/Brouwerij_van_steenberge_brouwzaal_brouwproces_01.jpg 1975w, https:\/\/www.vansteenberge.com\/wp-content\/uploads\/2023\/07\/Brouwerij_van_steenberge_brouwzaal_brouwproces_01-300x225.jpg 300w, https:\/\/www.vansteenberge.com\/wp-content\/uploads\/2023\/07\/Brouwerij_van_steenberge_brouwzaal_brouwproces_01-1024x768.jpg 1024w, https:\/\/www.vansteenberge.com\/wp-content\/uploads\/2023\/07\/Brouwerij_van_steenberge_brouwzaal_brouwproces_01-768x576.jpg 768w, https:\/\/www.vansteenberge.com\/wp-content\/uploads\/2023\/07\/Brouwerij_van_steenberge_brouwzaal_brouwproces_01-1536x1152.jpg 1536w, https:\/\/www.vansteenberge.com\/wp-content\/uploads\/2023\/07\/Brouwerij_van_steenberge_brouwzaal_brouwproces_01-600x450.jpg 600w\" sizes=\"auto, (max-width: 1975px) 100vw, 1975px\" \/><\/div><\/figure>[\/vc_column][\/vc_row][vc_row full_width=\u00bbstretch_row_content_no_spaces\u00bb][vc_column]<style>.vcex-image.vcex_69e7d3294aac6 .vcex-image-img{height:600px;object-position:bottom;}<\/style><figure class=\"vcex-image vcex-module vcex_69e7d3294aac6\"><div class=\"vcex-image-inner wpex-relative wpex-w-100\"><img width=\"1500\" height=\"1126\" src=\"https:\/\/www.vansteenberge.com\/wp-content\/uploads\/2023\/07\/Brouwerij_van_steenberge_brouwzaal_brouwproces_02.jpg\" class=\"vcex-image-img wpex-align-middle wpex-w-100 wpex-object-cover\" alt=\"\" loading=\"lazy\" decoding=\"async\" srcset=\"https:\/\/www.vansteenberge.com\/wp-content\/uploads\/2023\/07\/Brouwerij_van_steenberge_brouwzaal_brouwproces_02.jpg 1500w, https:\/\/www.vansteenberge.com\/wp-content\/uploads\/2023\/07\/Brouwerij_van_steenberge_brouwzaal_brouwproces_02-300x225.jpg 300w, https:\/\/www.vansteenberge.com\/wp-content\/uploads\/2023\/07\/Brouwerij_van_steenberge_brouwzaal_brouwproces_02-1024x769.jpg 1024w, https:\/\/www.vansteenberge.com\/wp-content\/uploads\/2023\/07\/Brouwerij_van_steenberge_brouwzaal_brouwproces_02-768x577.jpg 768w, https:\/\/www.vansteenberge.com\/wp-content\/uploads\/2023\/07\/Brouwerij_van_steenberge_brouwzaal_brouwproces_02-600x450.jpg 600w, https:\/\/www.vansteenberge.com\/wp-content\/uploads\/2023\/07\/Brouwerij_van_steenberge_brouwzaal_brouwproces_02-400x300.jpg 400w, https:\/\/www.vansteenberge.com\/wp-content\/uploads\/2023\/07\/Brouwerij_van_steenberge_brouwzaal_brouwproces_02-666x500.jpg 666w\" sizes=\"auto, (max-width: 1500px) 100vw, 1500px\" \/><\/div><\/figure>[\/vc_column][\/vc_row]\n<\/div>","protected":false},"excerpt":{"rendered":"<p>[vc_row full_width=\u00bbstretch_row\u00bb equal_height=\u00bbyes\u00bb el_class=\u00bbpadding-row\u00bb][vc_column width=\u00bb1\/2&#8243;][vc_column_text]La cervecer\u00eda siempre est\u00e1 buscando talentos cerveceros. \u00bfLe apasiona la cerveza, su elaboraci\u00f3n y la historia que hay detr\u00e1s de nuestras mejores cervezas? Si es as\u00ed, no dude en ponerse en contacto con nosotros en: info@vansteenberge.com. Hasta pronto. \u00bfTe apasiona la cerveza, la elaboraci\u00f3n de cerveza y la historia que hay&hellip;<\/p>\n","protected":false},"author":1,"featured_media":0,"parent":0,"menu_order":0,"comment_status":"closed","ping_status":"closed","template":"","meta":{"_acf_changed":false,"bwfblock_default_font":"","footnotes":""},"class_list":["post-2081","page","type-page","status-publish","hentry","entry","no-media"],"acf":[],"_links":{"self":[{"href":"https:\/\/www.vansteenberge.com\/es\/wp-json\/wp\/v2\/pages\/2081","targetHints":{"allow":["GET"]}}],"collection":[{"href":"https:\/\/www.vansteenberge.com\/es\/wp-json\/wp\/v2\/pages"}],"about":[{"href":"https:\/\/www.vansteenberge.com\/es\/wp-json\/wp\/v2\/types\/page"}],"author":[{"embeddable":true,"href":"https:\/\/www.vansteenberge.com\/es\/wp-json\/wp\/v2\/users\/1"}],"replies":[{"embeddable":true,"href":"https:\/\/www.vansteenberge.com\/es\/wp-json\/wp\/v2\/comments?post=2081"}],"version-history":[{"count":0,"href":"https:\/\/www.vansteenberge.com\/es\/wp-json\/wp\/v2\/pages\/2081\/revisions"}],"wp:attachment":[{"href":"https:\/\/www.vansteenberge.com\/es\/wp-json\/wp\/v2\/media?parent=2081"}],"curies":[{"name":"wp","href":"https:\/\/api.w.org\/{rel}","templated":true}]}}