{"id":2131,"date":"2023-09-19T09:39:11","date_gmt":"2023-09-19T09:39:11","guid":{"rendered":"https:\/\/www.vansteenberge.com\/sostenibilidad\/"},"modified":"2023-09-22T13:03:59","modified_gmt":"2023-09-22T13:03:59","slug":"sostenibilidad","status":"publish","type":"page","link":"https:\/\/www.vansteenberge.com\/es\/sostenibilidad\/","title":{"rendered":"Sostenibilidad"},"content":{"rendered":"<div class=\"wpb-content-wrapper\">[vc_row full_width=\u00bbstretch_row\u00bb equal_height=\u00bbyes\u00bb el_class=\u00bbpadding-row\u00bb][vc_column width=\u00bb1\/2&#8243;]<h2 class=\"vcex-heading vcex-heading-side-border vcex-module wpex-heading wpex-text-2xl wpex-h2 wpex-flex wpex-items-center\"><span class=\"vcex-heading-inner wpex-inline-block\">Un proceso continuo de mejora.<\/span><span class=\"vcex-heading-side-border__border wpex-flex-grow wpex-h-0 wpex-border-solid wpex-border-gray-900 wpex-ml-15 wpex-border-b\"><\/span><\/h2>[vc_column_text]La cervecer\u00eda Van Steenberge es sin\u00f3nimo de independencia, progreso y crecimiento. Hacemos hincapi\u00e9 en la elaboraci\u00f3n de cerveza tradicional adaptada a las evoluciones tecnol\u00f3gicas y garantizamos una calidad y un servicio fiables. El respeto a los empleados y el cuidado del medio ambiente son fundamentales en esta pol\u00edtica.[\/vc_column_text]<div class=\"vcex-spacing wpex-w-100 wpex-clear\"><\/div>[\/vc_column][vc_column width=\u00bb1\/2&#8243;]<figure class=\"vcex-image vcex-module\"><div class=\"vcex-image-inner wpex-relative wpex-inline-block\"><img width=\"2000\" height=\"1500\" src=\"https:\/\/www.vansteenberge.com\/wp-content\/uploads\/2023\/09\/BROUWERIJ_VAN_STEENBERGE.png\" class=\"vcex-image-img wpex-align-middle\" alt=\"\" loading=\"lazy\" decoding=\"async\" srcset=\"https:\/\/www.vansteenberge.com\/wp-content\/uploads\/2023\/09\/BROUWERIJ_VAN_STEENBERGE.png 2000w, https:\/\/www.vansteenberge.com\/wp-content\/uploads\/2023\/09\/BROUWERIJ_VAN_STEENBERGE-300x225.png 300w, https:\/\/www.vansteenberge.com\/wp-content\/uploads\/2023\/09\/BROUWERIJ_VAN_STEENBERGE-1024x768.png 1024w, https:\/\/www.vansteenberge.com\/wp-content\/uploads\/2023\/09\/BROUWERIJ_VAN_STEENBERGE-768x576.png 768w, https:\/\/www.vansteenberge.com\/wp-content\/uploads\/2023\/09\/BROUWERIJ_VAN_STEENBERGE-1536x1152.png 1536w, https:\/\/www.vansteenberge.com\/wp-content\/uploads\/2023\/09\/BROUWERIJ_VAN_STEENBERGE-600x450.png 600w\" sizes=\"auto, (max-width: 2000px) 100vw, 2000px\" \/><\/div><\/figure>[\/vc_column][\/vc_row][vc_row full_width=\u00bbstretch_row\u00bb equal_height=\u00bbyes\u00bb el_class=\u00bbpadding-row\u00bb][vc_column width=\u00bb1\/2&#8243;]<figure class=\"vcex-image vcex-module\"><div class=\"vcex-image-inner wpex-relative wpex-inline-block\"><img width=\"2560\" height=\"1707\" src=\"https:\/\/www.vansteenberge.com\/wp-content\/uploads\/2023\/09\/Lagering_BarBaptist_Brouwerij_Van_Steenberge-scaled.jpg\" class=\"vcex-image-img wpex-align-middle\" alt=\"\" loading=\"lazy\" decoding=\"async\" srcset=\"https:\/\/www.vansteenberge.com\/wp-content\/uploads\/2023\/09\/Lagering_BarBaptist_Brouwerij_Van_Steenberge-scaled.jpg 2560w, https:\/\/www.vansteenberge.com\/wp-content\/uploads\/2023\/09\/Lagering_BarBaptist_Brouwerij_Van_Steenberge-300x200.jpg 300w, https:\/\/www.vansteenberge.com\/wp-content\/uploads\/2023\/09\/Lagering_BarBaptist_Brouwerij_Van_Steenberge-1024x683.jpg 1024w, https:\/\/www.vansteenberge.com\/wp-content\/uploads\/2023\/09\/Lagering_BarBaptist_Brouwerij_Van_Steenberge-768x512.jpg 768w, https:\/\/www.vansteenberge.com\/wp-content\/uploads\/2023\/09\/Lagering_BarBaptist_Brouwerij_Van_Steenberge-1536x1024.jpg 1536w, https:\/\/www.vansteenberge.com\/wp-content\/uploads\/2023\/09\/Lagering_BarBaptist_Brouwerij_Van_Steenberge-2048x1365.jpg 2048w, https:\/\/www.vansteenberge.com\/wp-content\/uploads\/2023\/09\/Lagering_BarBaptist_Brouwerij_Van_Steenberge-600x400.jpg 600w\" sizes=\"auto, (max-width: 2560px) 100vw, 2560px\" \/><\/div><\/figure>[\/vc_column][vc_column width=\u00bb1\/2&#8243;]<h2 class=\"vcex-heading vcex-heading-side-border vcex-module wpex-heading wpex-text-2xl wpex-h2 wpex-flex wpex-items-center\"><span class=\"vcex-heading-inner wpex-inline-block\">Todo empieza por el agua<\/span><span class=\"vcex-heading-side-border__border wpex-flex-grow wpex-h-0 wpex-border-solid wpex-border-gray-900 wpex-ml-15 wpex-border-b\"><\/span><\/h2>[vc_column_text]El agua se utiliza durante el proceso de elaboraci\u00f3n de la cerveza, as\u00ed como para la refrigeraci\u00f3n y la limpieza. Por desgracia, el agua no es inagotable, por eso hacemos todo lo posible por ser lo m\u00e1s eficientes posible con ella y reducir su consumo. Pero tambi\u00e9n reciclar y reutilizar nuestras aguas residuales lo mejor que podamos.<\/p>\n[\/vc_column_text]<div class=\"vcex-spacing wpex-w-100 wpex-clear\"><\/div>[\/vc_column][\/vc_row][vc_row full_width=\u00bbstretch_row\u00bb equal_height=\u00bbyes\u00bb el_class=\u00bbpadding-row\u00bb][vc_column width=\u00bb1\/2&#8243;]<h2 class=\"vcex-heading vcex-heading-side-border vcex-module wpex-heading wpex-text-2xl wpex-h2 wpex-flex wpex-items-center\"><span class=\"vcex-heading-inner wpex-inline-block\">Energ\u00edas renovables<\/span><span class=\"vcex-heading-side-border__border wpex-flex-grow wpex-h-0 wpex-border-solid wpex-border-gray-900 wpex-ml-15 wpex-border-b\"><\/span><\/h2>[vc_column_text]Nos atrevemos a decir que el 100% de la electricidad que consume nuestra f\u00e1brica de cerveza es de origen renovable. Gracias a nuestros paneles solares, generamos gran parte de nuestra propia electricidad, lo que nos permite disfrutar de casi el 100% de nuestra propia energ\u00eda en los meses de verano.<\/p>\n<p>Pero no nos detendremos s\u00f3lo en la energ\u00eda solar, seguiremos optimizando nuestros procesos y haci\u00e9ndolos m\u00e1s limpios con los objetivos principales:<\/p>\n<p>&#8211; aumentar el uso de energ\u00edas renovables<br \/>\n&#8211; seguir optimizando nuestra eficiencia energ\u00e9tica<br \/>\n&#8211; mantener nuestras emisiones de CO2 lo m\u00e1s bajas posible<\/p>\n[\/vc_column_text]<div class=\"vcex-spacing wpex-w-100 wpex-clear\"><\/div>[\/vc_column][vc_column width=\u00bb1\/2&#8243;]<figure class=\"vcex-image vcex-module\"><div class=\"vcex-image-inner wpex-relative wpex-inline-block\"><img width=\"2560\" height=\"1707\" src=\"https:\/\/www.vansteenberge.com\/wp-content\/uploads\/2023\/09\/Lagering_BarBaptist_Brouwerij_Van_Steenberge-scaled.jpg\" class=\"vcex-image-img wpex-align-middle\" alt=\"\" loading=\"lazy\" decoding=\"async\" srcset=\"https:\/\/www.vansteenberge.com\/wp-content\/uploads\/2023\/09\/Lagering_BarBaptist_Brouwerij_Van_Steenberge-scaled.jpg 2560w, https:\/\/www.vansteenberge.com\/wp-content\/uploads\/2023\/09\/Lagering_BarBaptist_Brouwerij_Van_Steenberge-300x200.jpg 300w, https:\/\/www.vansteenberge.com\/wp-content\/uploads\/2023\/09\/Lagering_BarBaptist_Brouwerij_Van_Steenberge-1024x683.jpg 1024w, https:\/\/www.vansteenberge.com\/wp-content\/uploads\/2023\/09\/Lagering_BarBaptist_Brouwerij_Van_Steenberge-768x512.jpg 768w, https:\/\/www.vansteenberge.com\/wp-content\/uploads\/2023\/09\/Lagering_BarBaptist_Brouwerij_Van_Steenberge-1536x1024.jpg 1536w, https:\/\/www.vansteenberge.com\/wp-content\/uploads\/2023\/09\/Lagering_BarBaptist_Brouwerij_Van_Steenberge-2048x1365.jpg 2048w, https:\/\/www.vansteenberge.com\/wp-content\/uploads\/2023\/09\/Lagering_BarBaptist_Brouwerij_Van_Steenberge-600x400.jpg 600w\" sizes=\"auto, (max-width: 2560px) 100vw, 2560px\" \/><\/div><\/figure>[\/vc_column][\/vc_row][vc_row full_width=\u00bbstretch_row\u00bb equal_height=\u00bbyes\u00bb el_class=\u00bbpadding-row\u00bb][vc_column width=\u00bb1\/2&#8243;]<figure class=\"vcex-image vcex-module\"><div class=\"vcex-image-inner wpex-relative wpex-inline-block\"><img width=\"2560\" height=\"1707\" src=\"https:\/\/www.vansteenberge.com\/wp-content\/uploads\/2023\/09\/Lagering_BarBaptist_Brouwerij_Van_Steenberge-scaled.jpg\" class=\"vcex-image-img wpex-align-middle\" alt=\"\" loading=\"lazy\" decoding=\"async\" srcset=\"https:\/\/www.vansteenberge.com\/wp-content\/uploads\/2023\/09\/Lagering_BarBaptist_Brouwerij_Van_Steenberge-scaled.jpg 2560w, https:\/\/www.vansteenberge.com\/wp-content\/uploads\/2023\/09\/Lagering_BarBaptist_Brouwerij_Van_Steenberge-300x200.jpg 300w, https:\/\/www.vansteenberge.com\/wp-content\/uploads\/2023\/09\/Lagering_BarBaptist_Brouwerij_Van_Steenberge-1024x683.jpg 1024w, https:\/\/www.vansteenberge.com\/wp-content\/uploads\/2023\/09\/Lagering_BarBaptist_Brouwerij_Van_Steenberge-768x512.jpg 768w, https:\/\/www.vansteenberge.com\/wp-content\/uploads\/2023\/09\/Lagering_BarBaptist_Brouwerij_Van_Steenberge-1536x1024.jpg 1536w, https:\/\/www.vansteenberge.com\/wp-content\/uploads\/2023\/09\/Lagering_BarBaptist_Brouwerij_Van_Steenberge-2048x1365.jpg 2048w, https:\/\/www.vansteenberge.com\/wp-content\/uploads\/2023\/09\/Lagering_BarBaptist_Brouwerij_Van_Steenberge-600x400.jpg 600w\" sizes=\"auto, (max-width: 2560px) 100vw, 2560px\" \/><\/div><\/figure>[\/vc_column][vc_column width=\u00bb1\/2&#8243;]<h2 class=\"vcex-heading vcex-heading-side-border vcex-module wpex-heading wpex-text-2xl wpex-h2 wpex-flex wpex-items-center\"><span class=\"vcex-heading-inner wpex-inline-block\">Nueva l\u00ednea de llenado en la planta embotelladora<\/span><span class=\"vcex-heading-side-border__border wpex-flex-grow wpex-h-0 wpex-border-solid wpex-border-gray-900 wpex-ml-15 wpex-border-b\"><\/span><\/h2>[vc_column_text]El edificio renovado deber\u00eda, por un lado, dar cabida al creciente crecimiento de sus propias marcas y, por otro, apoyar la creciente demanda de cervezas locales de cerveceros locales. Tambi\u00e9n se tuvo en cuenta el bienestar de los empleados, incluidos los aspectos ergon\u00f3micos.<\/p>\n<p>Esto nos permite controlar a\u00fan mejor la calidad y producir el doble, pero tambi\u00e9n reducir significativamente nuestra huella de carbono.[\/vc_column_text]<div class=\"vcex-spacing wpex-w-100 wpex-clear\"><\/div>[\/vc_column][\/vc_row][vc_row full_width=\u00bbstretch_row\u00bb equal_height=\u00bbyes\u00bb el_class=\u00bbpadding-row\u00bb][vc_column width=\u00bb1\/2&#8243;]<h2 class=\"vcex-heading vcex-heading-side-border vcex-module wpex-heading wpex-text-2xl wpex-h2 wpex-flex wpex-items-center\"><span class=\"vcex-heading-inner wpex-inline-block\">Miembro de CEOs 4 Climate.<\/span><span class=\"vcex-heading-side-border__border wpex-flex-grow wpex-h-0 wpex-border-solid wpex-border-gray-900 wpex-ml-15 wpex-border-b\"><\/span><\/h2>[vc_column_text]CEOs 4 Climate es una red de empresarios concienciados con el clima, de la que tambi\u00e9n forma parte Brewery Van Steenberge, y al convertirse en miembro de CEOs 4 Climate ya se han plantado 20 \u00e1rboles en Congo ism Go Forrest.<\/p>\n<p>La visi\u00f3n de C4C \u00abCEOs 4 Climate<br \/>\nEl calentamiento global es una amenaza importante y global, que afecta a todo y a todos. Tambi\u00e9n sobre nosotros y sobre nuestra econom\u00eda. Aun as\u00ed, el problema tiene soluci\u00f3n.<\/p>\n<p>Los medios para dar los primeros pasos importantes est\u00e1n ah\u00ed. Y esos pasos son factibles. El C4C cree que los empresarios desempe\u00f1an un papel importante y positivo en el cambio clim\u00e1tico.<\/p>\n<p>Porque los empresarios convierten las amenazas en oportunidades. Porque los empresarios son ambiciosos, incluso cuando las cosas se ponen dif\u00edciles.[\/vc_column_text]<div class=\"vcex-spacing wpex-w-100 wpex-clear\"><\/div>[\/vc_column][vc_column width=\u00bb1\/2&#8243;]<figure class=\"vcex-image vcex-module\"><div class=\"vcex-image-inner wpex-relative wpex-inline-block\"><img width=\"2560\" height=\"1707\" src=\"https:\/\/www.vansteenberge.com\/wp-content\/uploads\/2023\/09\/Lagering_BarBaptist_Brouwerij_Van_Steenberge-scaled.jpg\" class=\"vcex-image-img wpex-align-middle\" alt=\"\" loading=\"lazy\" decoding=\"async\" srcset=\"https:\/\/www.vansteenberge.com\/wp-content\/uploads\/2023\/09\/Lagering_BarBaptist_Brouwerij_Van_Steenberge-scaled.jpg 2560w, https:\/\/www.vansteenberge.com\/wp-content\/uploads\/2023\/09\/Lagering_BarBaptist_Brouwerij_Van_Steenberge-300x200.jpg 300w, https:\/\/www.vansteenberge.com\/wp-content\/uploads\/2023\/09\/Lagering_BarBaptist_Brouwerij_Van_Steenberge-1024x683.jpg 1024w, https:\/\/www.vansteenberge.com\/wp-content\/uploads\/2023\/09\/Lagering_BarBaptist_Brouwerij_Van_Steenberge-768x512.jpg 768w, https:\/\/www.vansteenberge.com\/wp-content\/uploads\/2023\/09\/Lagering_BarBaptist_Brouwerij_Van_Steenberge-1536x1024.jpg 1536w, https:\/\/www.vansteenberge.com\/wp-content\/uploads\/2023\/09\/Lagering_BarBaptist_Brouwerij_Van_Steenberge-2048x1365.jpg 2048w, https:\/\/www.vansteenberge.com\/wp-content\/uploads\/2023\/09\/Lagering_BarBaptist_Brouwerij_Van_Steenberge-600x400.jpg 600w\" sizes=\"auto, (max-width: 2560px) 100vw, 2560px\" \/><\/div><\/figure>[\/vc_column][\/vc_row][vc_row full_width=\u00bbstretch_row\u00bb equal_height=\u00bbyes\u00bb el_class=\u00bbpadding-row\u00bb][vc_column width=\u00bb1\/2&#8243;]<figure class=\"vcex-image vcex-module\"><div class=\"vcex-image-inner wpex-relative wpex-inline-block\"><img width=\"2560\" height=\"1707\" src=\"https:\/\/www.vansteenberge.com\/wp-content\/uploads\/2023\/09\/Lagering_BarBaptist_Brouwerij_Van_Steenberge-scaled.jpg\" class=\"vcex-image-img wpex-align-middle\" alt=\"\" loading=\"lazy\" decoding=\"async\" srcset=\"https:\/\/www.vansteenberge.com\/wp-content\/uploads\/2023\/09\/Lagering_BarBaptist_Brouwerij_Van_Steenberge-scaled.jpg 2560w, https:\/\/www.vansteenberge.com\/wp-content\/uploads\/2023\/09\/Lagering_BarBaptist_Brouwerij_Van_Steenberge-300x200.jpg 300w, https:\/\/www.vansteenberge.com\/wp-content\/uploads\/2023\/09\/Lagering_BarBaptist_Brouwerij_Van_Steenberge-1024x683.jpg 1024w, https:\/\/www.vansteenberge.com\/wp-content\/uploads\/2023\/09\/Lagering_BarBaptist_Brouwerij_Van_Steenberge-768x512.jpg 768w, https:\/\/www.vansteenberge.com\/wp-content\/uploads\/2023\/09\/Lagering_BarBaptist_Brouwerij_Van_Steenberge-1536x1024.jpg 1536w, https:\/\/www.vansteenberge.com\/wp-content\/uploads\/2023\/09\/Lagering_BarBaptist_Brouwerij_Van_Steenberge-2048x1365.jpg 2048w, https:\/\/www.vansteenberge.com\/wp-content\/uploads\/2023\/09\/Lagering_BarBaptist_Brouwerij_Van_Steenberge-600x400.jpg 600w\" sizes=\"auto, (max-width: 2560px) 100vw, 2560px\" \/><\/div><\/figure>[\/vc_column][vc_column width=\u00bb1\/2&#8243;]<h2 class=\"vcex-heading vcex-heading-side-border vcex-module wpex-heading wpex-text-2xl wpex-h2 wpex-flex wpex-items-center\"><span class=\"vcex-heading-inner wpex-inline-block\">Fuerte anclaje local<\/span><span class=\"vcex-heading-side-border__border wpex-flex-grow wpex-h-0 wpex-border-solid wpex-border-gray-900 wpex-ml-15 wpex-border-b\"><\/span><\/h2>[vc_column_text]Zanahorias en Meetjesland, Es la regi\u00f3n donde agricultores y productores elaboran los productos m\u00e1s sabrosos desde tiempos inmemoriales. Esa es la naturaleza de Meetjesland y la g\u00e9nesis de la cervecer\u00eda Van Steenberge. La inconfundible atenci\u00f3n al detalle y el orgullo del fabricante.<\/p>\n<p>Pero tambi\u00e9n orgullosos de la regi\u00f3n y de todo lo que ocurre en ella, por eso apoyamos el mayor n\u00famero posible de asociaciones e iniciativas locales.<\/p>\n[\/vc_column_text]<div class=\"vcex-spacing wpex-w-100 wpex-clear\"><\/div>[\/vc_column][\/vc_row][vc_row full_width=\u00bbstretch_row\u00bb equal_height=\u00bbyes\u00bb el_class=\u00bbpadding-row\u00bb][vc_column width=\u00bb1\/2&#8243;]<h2 class=\"vcex-heading vcex-heading-side-border vcex-module wpex-heading wpex-text-2xl wpex-h2 wpex-flex wpex-items-center\"><span class=\"vcex-heading-inner wpex-inline-block\">Colaboraci\u00f3n con el Taller Gandae<\/span><span class=\"vcex-heading-side-border__border wpex-flex-grow wpex-h-0 wpex-border-solid wpex-border-gray-900 wpex-ml-15 wpex-border-b\"><\/span><\/h2>[vc_column_text]\n<div class=\"inner inner-wysiwyg col-md-6 right\">\n<p>GandaeHandlingAtelier ofrece empleo a personas con discapacidad mental leve o moderada cualificadas para el trabajo, de las que se sospecha que no pueden trabajar dentro de la comunidad empresarial general. Emplean a personas autorizadas por el Gobierno para trabajar en talleres protegidos.<\/p>\n<div class=\"col-md-3 vcenter right text\">\n<div class=\"inner inner-text title c-white p-r-20\">A ellos tambi\u00e9n queremos darles nuestro apoyo mientras avanzan a toda m\u00e1quina.<\/div>\n<\/div>\n<div class=\"col-md-3 vcenter wysiwyg\">\n<div class=\"inner inner-wysiwyg p-t-10\">\n<p>El 80% de nuestras ventas son exportaciones, por lo que el embalaje requiere especial atenci\u00f3n y flexibilidad. El personal de Gandae lo maneja a la perfecci\u00f3n. Una situaci\u00f3n en la que todos salen ganando<\/p>\n<\/div>\n<\/div>\n<\/div>\n[\/vc_column_text]<div class=\"vcex-spacing wpex-w-100 wpex-clear\"><\/div>[\/vc_column][vc_column width=\u00bb1\/2&#8243;]<figure class=\"vcex-image vcex-module\"><div class=\"vcex-image-inner wpex-relative wpex-inline-block\"><img width=\"2560\" height=\"1707\" src=\"https:\/\/www.vansteenberge.com\/wp-content\/uploads\/2023\/09\/Lagering_BarBaptist_Brouwerij_Van_Steenberge-scaled.jpg\" class=\"vcex-image-img wpex-align-middle\" alt=\"\" loading=\"lazy\" decoding=\"async\" srcset=\"https:\/\/www.vansteenberge.com\/wp-content\/uploads\/2023\/09\/Lagering_BarBaptist_Brouwerij_Van_Steenberge-scaled.jpg 2560w, https:\/\/www.vansteenberge.com\/wp-content\/uploads\/2023\/09\/Lagering_BarBaptist_Brouwerij_Van_Steenberge-300x200.jpg 300w, https:\/\/www.vansteenberge.com\/wp-content\/uploads\/2023\/09\/Lagering_BarBaptist_Brouwerij_Van_Steenberge-1024x683.jpg 1024w, https:\/\/www.vansteenberge.com\/wp-content\/uploads\/2023\/09\/Lagering_BarBaptist_Brouwerij_Van_Steenberge-768x512.jpg 768w, https:\/\/www.vansteenberge.com\/wp-content\/uploads\/2023\/09\/Lagering_BarBaptist_Brouwerij_Van_Steenberge-1536x1024.jpg 1536w, https:\/\/www.vansteenberge.com\/wp-content\/uploads\/2023\/09\/Lagering_BarBaptist_Brouwerij_Van_Steenberge-2048x1365.jpg 2048w, https:\/\/www.vansteenberge.com\/wp-content\/uploads\/2023\/09\/Lagering_BarBaptist_Brouwerij_Van_Steenberge-600x400.jpg 600w\" sizes=\"auto, (max-width: 2560px) 100vw, 2560px\" \/><\/div><\/figure>[\/vc_column][\/vc_row][vc_row][vc_column]<figure class=\"vcex-image vcex-module\"><div class=\"vcex-image-inner wpex-relative wpex-inline-block\"><img width=\"2000\" height=\"667\" src=\"https:\/\/www.vansteenberge.com\/wp-content\/uploads\/2023\/09\/Jef_Versele_Brouwzaal_Brouwerij-Van-Steenberge_banner.png\" class=\"vcex-image-img wpex-align-middle\" alt=\"\" loading=\"lazy\" decoding=\"async\" srcset=\"https:\/\/www.vansteenberge.com\/wp-content\/uploads\/2023\/09\/Jef_Versele_Brouwzaal_Brouwerij-Van-Steenberge_banner.png 2000w, https:\/\/www.vansteenberge.com\/wp-content\/uploads\/2023\/09\/Jef_Versele_Brouwzaal_Brouwerij-Van-Steenberge_banner-300x100.png 300w, https:\/\/www.vansteenberge.com\/wp-content\/uploads\/2023\/09\/Jef_Versele_Brouwzaal_Brouwerij-Van-Steenberge_banner-1024x342.png 1024w, https:\/\/www.vansteenberge.com\/wp-content\/uploads\/2023\/09\/Jef_Versele_Brouwzaal_Brouwerij-Van-Steenberge_banner-768x256.png 768w, https:\/\/www.vansteenberge.com\/wp-content\/uploads\/2023\/09\/Jef_Versele_Brouwzaal_Brouwerij-Van-Steenberge_banner-1536x512.png 1536w, https:\/\/www.vansteenberge.com\/wp-content\/uploads\/2023\/09\/Jef_Versele_Brouwzaal_Brouwerij-Van-Steenberge_banner-600x200.png 600w\" sizes=\"auto, (max-width: 2000px) 100vw, 2000px\" \/><\/div><\/figure>[\/vc_column][\/vc_row][vc_row][vc_column]<div class=\"wpex-template-shortcode\"><div class=\"vc_row wpb_row vc_row-fluid vc_row-o-equal-height vc_row-o-content-middle vc_row-flex wpex-relative wpex-vc-has-custom-column-spacing wpex-vc-column-spacing-0px\"><div class=\"wpb_column vc_column_container vc_col-sm-6\"><div class=\"vc_column-inner\"><div class=\"wpb_wrapper\"><h2 class=\"vcex-heading vcex-heading-side-border vcex-module wpex-heading wpex-text-2xl wpex-h2 wpex-flex wpex-items-center\"><span class=\"vcex-heading-inner wpex-inline-block\">Descubra<br \/>\nnuestra tienda virtual<\/span><span class=\"vcex-heading-side-border__border wpex-flex-grow wpex-h-0 wpex-border-solid wpex-border-gray-900 wpex-ml-15 wpex-border-b\"><\/span><\/h2><div class=\"vcex-spacing wpex-w-100 wpex-clear\"><\/div>\n\t<div class=\"wpb_text_column wpb_content_element\" >\n\t\t<div class=\"wpb_wrapper\">\n\t\t\t<p>En nuestra tienda web encontrar\u00e1<br \/>\nexquisita selecci\u00f3n de nuestras cervezas.<\/p>\n\n\t\t<\/div>\n\t<\/div>\n<div class=\"vcex-spacing wpex-w-100 wpex-clear\"><\/div><a href=\"\/es\/shop\/\" class=\"vcex-button theme-button inline\"><span class=\"vcex-button-inner theme-button-inner wpex-flex wpex-flex-wrap wpex-items-center wpex-justify-center\">A la tienda<\/span><\/a> <div class=\"vcex-spacing wpex-w-100 wpex-clear\"><\/div><\/div><\/div><\/div><div class=\"wpb_column vc_column_container vc_col-sm-6\"><div class=\"vc_column-inner\"><div class=\"wpb_wrapper\"><figure class=\"vcex-image vcex-module\"><div class=\"vcex-image-inner wpex-relative wpex-inline-block\"><img width=\"820\" height=\"600\" src=\"https:\/\/www.vansteenberge.com\/wp-content\/uploads\/2023\/06\/GuldenDraak_Combination.png\" class=\"vcex-image-img wpex-align-middle\" alt=\"\" loading=\"lazy\" decoding=\"async\" srcset=\"https:\/\/www.vansteenberge.com\/wp-content\/uploads\/2023\/06\/GuldenDraak_Combination.png 820w, https:\/\/www.vansteenberge.com\/wp-content\/uploads\/2023\/06\/GuldenDraak_Combination-300x220.png 300w, https:\/\/www.vansteenberge.com\/wp-content\/uploads\/2023\/06\/GuldenDraak_Combination-768x562.png 768w\" sizes=\"auto, (max-width: 820px) 100vw, 820px\" \/><\/div><\/figure><\/div><\/div><\/div><\/div>\n<\/div>[\/vc_column][\/vc_row]\n<\/div>","protected":false},"excerpt":{"rendered":"Un proceso continuo de mejora. La cervecer\u00eda Van Steenberge es sin\u00f3nimo de independencia, progreso y crecimiento. Hacemos hincapi\u00e9 en la elaboraci\u00f3n de cerveza tradicional adaptada a las evoluciones tecnol\u00f3gicas y garantizamos una calidad y un servicio fiables. El respeto a los empleados y el cuidado del medio ambiente son fundamentales en esta pol\u00edtica. Todo empieza&hellip;","protected":false},"author":1,"featured_media":1818,"parent":0,"menu_order":0,"comment_status":"closed","ping_status":"closed","template":"","meta":{"_acf_changed":false,"bwfblock_default_font":"","footnotes":""},"class_list":["post-2131","page","type-page","status-publish","has-post-thumbnail","hentry","entry","has-media"],"acf":[],"_links":{"self":[{"href":"https:\/\/www.vansteenberge.com\/es\/wp-json\/wp\/v2\/pages\/2131","targetHints":{"allow":["GET"]}}],"collection":[{"href":"https:\/\/www.vansteenberge.com\/es\/wp-json\/wp\/v2\/pages"}],"about":[{"href":"https:\/\/www.vansteenberge.com\/es\/wp-json\/wp\/v2\/types\/page"}],"author":[{"embeddable":true,"href":"https:\/\/www.vansteenberge.com\/es\/wp-json\/wp\/v2\/users\/1"}],"replies":[{"embeddable":true,"href":"https:\/\/www.vansteenberge.com\/es\/wp-json\/wp\/v2\/comments?post=2131"}],"version-history":[{"count":0,"href":"https:\/\/www.vansteenberge.com\/es\/wp-json\/wp\/v2\/pages\/2131\/revisions"}],"wp:featuredmedia":[{"embeddable":true,"href":"https:\/\/www.vansteenberge.com\/es\/wp-json\/wp\/v2\/media\/1818"}],"wp:attachment":[{"href":"https:\/\/www.vansteenberge.com\/es\/wp-json\/wp\/v2\/media?parent=2131"}],"curies":[{"name":"wp","href":"https:\/\/api.w.org\/{rel}","templated":true}]}}