{"id":16256,"date":"2024-09-02T16:32:47","date_gmt":"2024-09-02T14:32:47","guid":{"rendered":"https:\/\/www.vansteenberge.com\/?post_type=product&#038;p=16256"},"modified":"2025-03-24T16:46:44","modified_gmt":"2025-03-24T15:46:44","slug":"fourchette-12-x-33cl","status":"publish","type":"product","link":"https:\/\/www.vansteenberge.com\/es\/product\/fourchette-12x33cl\/","title":{"rendered":"Fourchette 12 x 33cl"},"content":{"rendered":"<div class=\"wpb-content-wrapper\">[vc_row][vc_column][vc_column_text]Fourchette nace del encuentro de dos pasiones: el gusto refinado de los grandes chefs y los conocimientos de seis generaciones de maestros cerveceros.<\/p>\n<p>Fourchette es una cerveza viva, elaborada con las mejores materias primas: malta, trigo, l\u00fapulo, mosto, &#8230; Mediante el proceso de fermentaci\u00f3n alta y fermentaci\u00f3n secundaria en botella, creamos un equilibrio aterciopelado entre suavemente amargo y agradablemente refrescante.[\/vc_column_text]\n<p>&nbsp;<\/p>\n<p><strong>Ontvang nu gratis 1 setje coasters bij aankoop van Fourchette 12 x 33cl .*<\/strong><\/p>\n<p>*<a href=\"https:\/\/www.vansteenberge.com\/actievoorwaarden-fourchette-metalen-coasters\/\">Actievoorwaarden<\/a><\/p>\n<\/div>","protected":false},"excerpt":{"rendered":"<p>Fourchette 12 x 33cl<\/p>\n","protected":false},"featured_media":1278,"comment_status":"closed","ping_status":"closed","template":"","meta":{"_acf_changed":false,"bwfblock_default_font":""},"product_brand":[],"product_cat":[164,112],"product_tag":[190],"class_list":{"0":"post-16256","1":"product","2":"type-product","3":"status-publish","4":"has-post-thumbnail","6":"product_cat-cerveza","7":"product_cat-fourchette-es","8":"product_tag-hide-in-carousel-es","9":"entry","10":"has-media","12":"first","13":"instock","14":"taxable","15":"shipping-taxable","16":"purchasable","17":"product-type-simple"},"acf":[],"_links":{"self":[{"href":"https:\/\/www.vansteenberge.com\/es\/wp-json\/wp\/v2\/product\/16256","targetHints":{"allow":["GET"]}}],"collection":[{"href":"https:\/\/www.vansteenberge.com\/es\/wp-json\/wp\/v2\/product"}],"about":[{"href":"https:\/\/www.vansteenberge.com\/es\/wp-json\/wp\/v2\/types\/product"}],"replies":[{"embeddable":true,"href":"https:\/\/www.vansteenberge.com\/es\/wp-json\/wp\/v2\/comments?post=16256"}],"wp:featuredmedia":[{"embeddable":true,"href":"https:\/\/www.vansteenberge.com\/es\/wp-json\/wp\/v2\/media\/1278"}],"wp:attachment":[{"href":"https:\/\/www.vansteenberge.com\/es\/wp-json\/wp\/v2\/media?parent=16256"}],"wp:term":[{"taxonomy":"product_brand","embeddable":true,"href":"https:\/\/www.vansteenberge.com\/es\/wp-json\/wp\/v2\/product_brand?post=16256"},{"taxonomy":"product_cat","embeddable":true,"href":"https:\/\/www.vansteenberge.com\/es\/wp-json\/wp\/v2\/product_cat?post=16256"},{"taxonomy":"product_tag","embeddable":true,"href":"https:\/\/www.vansteenberge.com\/es\/wp-json\/wp\/v2\/product_tag?post=16256"}],"curies":[{"name":"wp","href":"https:\/\/api.w.org\/{rel}","templated":true}]}}