{"id":20259,"date":"2024-09-12T14:13:27","date_gmt":"2024-09-12T12:13:27","guid":{"rendered":"https:\/\/www.vansteenberge.com\/?post_type=product&#038;p=20259"},"modified":"2025-02-19T15:58:34","modified_gmt":"2025-02-19T14:58:34","slug":"piraat-glas-laars-33cl","status":"publish","type":"product","link":"https:\/\/www.vansteenberge.com\/es\/product\/bota-de-cristal-piraat-33cl\/","title":{"rendered":"Piraat vaso Bota 33cl"},"content":{"rendered":"<p>Su fuerza te lleva a un viaje a trav\u00e9s de sabores \u00fanicos, elaborados seg\u00fan la rica tradici\u00f3n de la f\u00e1brica de cerveza. Una cerveza viva con un rico pasado. \u00a1Zarpad!<\/p>\n<p>1 x Piraat bota de cristal 33cl<\/p>\n<p>&nbsp;<\/p>\n<p>&nbsp;<\/p>\n<p>&nbsp;<\/p>\n","protected":false},"excerpt":{"rendered":"<p>Piraat bota de cristal 33cl<\/p>\n","protected":false},"featured_media":20267,"comment_status":"closed","ping_status":"closed","template":"","meta":{"_acf_changed":false,"bwfblock_default_font":""},"product_brand":[],"product_cat":[214],"product_tag":[],"class_list":{"0":"post-20259","1":"product","2":"type-product","3":"status-publish","4":"has-post-thumbnail","6":"product_cat-vasos-de-cerveza","7":"entry","8":"has-media","10":"first","11":"instock","12":"taxable","13":"shipping-taxable","14":"purchasable","15":"product-type-simple"},"acf":[],"_links":{"self":[{"href":"https:\/\/www.vansteenberge.com\/es\/wp-json\/wp\/v2\/product\/20259","targetHints":{"allow":["GET"]}}],"collection":[{"href":"https:\/\/www.vansteenberge.com\/es\/wp-json\/wp\/v2\/product"}],"about":[{"href":"https:\/\/www.vansteenberge.com\/es\/wp-json\/wp\/v2\/types\/product"}],"replies":[{"embeddable":true,"href":"https:\/\/www.vansteenberge.com\/es\/wp-json\/wp\/v2\/comments?post=20259"}],"wp:featuredmedia":[{"embeddable":true,"href":"https:\/\/www.vansteenberge.com\/es\/wp-json\/wp\/v2\/media\/20267"}],"wp:attachment":[{"href":"https:\/\/www.vansteenberge.com\/es\/wp-json\/wp\/v2\/media?parent=20259"}],"wp:term":[{"taxonomy":"product_brand","embeddable":true,"href":"https:\/\/www.vansteenberge.com\/es\/wp-json\/wp\/v2\/product_brand?post=20259"},{"taxonomy":"product_cat","embeddable":true,"href":"https:\/\/www.vansteenberge.com\/es\/wp-json\/wp\/v2\/product_cat?post=20259"},{"taxonomy":"product_tag","embeddable":true,"href":"https:\/\/www.vansteenberge.com\/es\/wp-json\/wp\/v2\/product_tag?post=20259"}],"curies":[{"name":"wp","href":"https:\/\/api.w.org\/{rel}","templated":true}]}}