{"id":20276,"date":"2024-09-12T14:38:55","date_gmt":"2024-09-12T12:38:55","guid":{"rendered":"https:\/\/www.vansteenberge.com\/?post_type=product&#038;p=20276"},"modified":"2025-02-19T15:58:35","modified_gmt":"2025-02-19T14:58:35","slug":"piraat-7","status":"publish","type":"product","link":"https:\/\/www.vansteenberge.com\/es\/product\/piraat-7\/","title":{"rendered":"Piraat 7 &#8211; 33cl"},"content":{"rendered":"<p style=\"text-align: center;\"><em><span style=\"font-size: 14px;\">En esta Piraat bastante ligera, volver\u00e1s a descubrir el reconocible car\u00e1cter Pirata. S\u00f3lo que la cerveza sabe ligeramente m\u00e1s seca y tirante, lo que tambi\u00e9n la hace m\u00e1s refrescante y quita la sed. <\/span><\/em><br \/>\n<em><span style=\"font-size: 14px;\">Sofie Vanrafelghem<\/span><\/em><\/p>\n<p>Esta cerveza rubia de fermentaci\u00f3n alta con fermentaci\u00f3n secundaria contiene un aroma con mucho cuerpo y tiene un perfecto equilibrio dulce-amargo con un agradable regusto. Una cerveza de sabor rubio para disfrutar durante mucho tiempo.<\/p>\n<p>La fermentaci\u00f3n tanto en botella como en barrica garantiza a\u00f1os de conservaci\u00f3n con evoluci\u00f3n del sabor.<\/p>\n","protected":false},"excerpt":{"rendered":"<p>Cerveza rubia clara con espuma blanca y abundante<\/p>\n","protected":false},"featured_media":20289,"comment_status":"closed","ping_status":"closed","template":"","meta":{"_acf_changed":false,"bwfblock_default_font":""},"product_brand":[],"product_cat":[164,132],"product_tag":[],"class_list":{"0":"post-20276","1":"product","2":"type-product","3":"status-publish","4":"has-post-thumbnail","6":"product_cat-cerveza","7":"product_cat-piraat-es","8":"entry","9":"has-media","11":"first","12":"instock","13":"taxable","14":"shipping-taxable","15":"purchasable","16":"product-type-simple"},"acf":[],"_links":{"self":[{"href":"https:\/\/www.vansteenberge.com\/es\/wp-json\/wp\/v2\/product\/20276","targetHints":{"allow":["GET"]}}],"collection":[{"href":"https:\/\/www.vansteenberge.com\/es\/wp-json\/wp\/v2\/product"}],"about":[{"href":"https:\/\/www.vansteenberge.com\/es\/wp-json\/wp\/v2\/types\/product"}],"replies":[{"embeddable":true,"href":"https:\/\/www.vansteenberge.com\/es\/wp-json\/wp\/v2\/comments?post=20276"}],"wp:featuredmedia":[{"embeddable":true,"href":"https:\/\/www.vansteenberge.com\/es\/wp-json\/wp\/v2\/media\/20289"}],"wp:attachment":[{"href":"https:\/\/www.vansteenberge.com\/es\/wp-json\/wp\/v2\/media?parent=20276"}],"wp:term":[{"taxonomy":"product_brand","embeddable":true,"href":"https:\/\/www.vansteenberge.com\/es\/wp-json\/wp\/v2\/product_brand?post=20276"},{"taxonomy":"product_cat","embeddable":true,"href":"https:\/\/www.vansteenberge.com\/es\/wp-json\/wp\/v2\/product_cat?post=20276"},{"taxonomy":"product_tag","embeddable":true,"href":"https:\/\/www.vansteenberge.com\/es\/wp-json\/wp\/v2\/product_tag?post=20276"}],"curies":[{"name":"wp","href":"https:\/\/api.w.org\/{rel}","templated":true}]}}