{"id":2219,"date":"2023-08-01T07:38:41","date_gmt":"2023-08-01T07:38:41","guid":{"rendered":"https:\/\/www.vansteenberge.com\/product\/augustine-grand-cru\/"},"modified":"2025-12-11T08:25:33","modified_gmt":"2025-12-11T07:25:33","slug":"augustijn-grand-cru","status":"publish","type":"product","link":"https:\/\/www.vansteenberge.com\/es\/product\/augustijn-grand-cru\/","title":{"rendered":"Augustijn Grand Cru &#8211; 33cl"},"content":{"rendered":"<p style=\"text-align: center;\"><em><span style=\"font-size: 14px;\">Definitivamente, esta Grand Cru no ha robado su nombre. La cerveza posee un cuerpo agradable con un car\u00e1cter maravillosamente redondo y afrutado-dulce. Tambi\u00e9n descubrir\u00e1s aromas de albaricoque y pera.  <\/span><\/em><br \/>\n<em><span style=\"font-size: 14px;\">Sofie Vanrafelghem<\/span><\/em><\/p>\n<p>Algo menos conocida, pero seg\u00fan muchos amantes de la cerveza sin duda una de las mejores y m\u00e1s finas cervezas de Van Steenberge Brewery.<\/p>\n<p>&nbsp;<\/p>\n","protected":false},"excerpt":{"rendered":"<p>Cerveza mon\u00e1stica rubia dorada de alta fermentaci\u00f3n<\/p>\n","protected":false},"featured_media":1230,"comment_status":"closed","ping_status":"closed","template":"","meta":{"_acf_changed":false,"bwfblock_default_font":""},"product_brand":[],"product_cat":[111,164],"product_tag":[],"class_list":{"0":"post-2219","1":"product","2":"type-product","3":"status-publish","4":"has-post-thumbnail","6":"product_cat-augustijn-es","7":"product_cat-cerveza","8":"entry","9":"has-media","11":"first","12":"instock","13":"taxable","14":"shipping-taxable","15":"purchasable","16":"product-type-simple"},"acf":[],"_links":{"self":[{"href":"https:\/\/www.vansteenberge.com\/es\/wp-json\/wp\/v2\/product\/2219","targetHints":{"allow":["GET"]}}],"collection":[{"href":"https:\/\/www.vansteenberge.com\/es\/wp-json\/wp\/v2\/product"}],"about":[{"href":"https:\/\/www.vansteenberge.com\/es\/wp-json\/wp\/v2\/types\/product"}],"replies":[{"embeddable":true,"href":"https:\/\/www.vansteenberge.com\/es\/wp-json\/wp\/v2\/comments?post=2219"}],"wp:featuredmedia":[{"embeddable":true,"href":"https:\/\/www.vansteenberge.com\/es\/wp-json\/wp\/v2\/media\/1230"}],"wp:attachment":[{"href":"https:\/\/www.vansteenberge.com\/es\/wp-json\/wp\/v2\/media?parent=2219"}],"wp:term":[{"taxonomy":"product_brand","embeddable":true,"href":"https:\/\/www.vansteenberge.com\/es\/wp-json\/wp\/v2\/product_brand?post=2219"},{"taxonomy":"product_cat","embeddable":true,"href":"https:\/\/www.vansteenberge.com\/es\/wp-json\/wp\/v2\/product_cat?post=2219"},{"taxonomy":"product_tag","embeddable":true,"href":"https:\/\/www.vansteenberge.com\/es\/wp-json\/wp\/v2\/product_tag?post=2219"}],"curies":[{"name":"wp","href":"https:\/\/api.w.org\/{rel}","templated":true}]}}