{"id":2233,"date":"2023-09-05T13:12:27","date_gmt":"2023-09-05T13:12:27","guid":{"rendered":"https:\/\/www.vansteenberge.com\/product\/fourchette\/"},"modified":"2025-10-20T13:13:23","modified_gmt":"2025-10-20T11:13:23","slug":"fourchette","status":"publish","type":"product","link":"https:\/\/www.vansteenberge.com\/es\/product\/fourchette\/","title":{"rendered":"Fourchette &#8211; 33cl"},"content":{"rendered":"<p style=\"text-align: center;\"><em><span style=\"font-size: 14px;\">Se trata de una cerveza incre\u00edblemente elegante, nacida de la mezcla de una cerveza de trigo y una tripel. Notas delicadas de c\u00edtricos y cilantro como el refinado sabor pleno con un afrutado de levadura muy agradable y un suave amargor. <\/span><\/em><br \/>\n<em><span style=\"font-size: 14px;\">Sofie Vanrafelghem<\/span><\/em><\/p>\n<p>Fourchette surge del encuentro de dos pasiones: el gusto refinado de los grandes chefs y los conocimientos de seis generaciones de maestros cerveceros.<\/p>\n<p>Fourchette es una cerveza viva, elaborada a partir de las mejores materias primas: malta, trigo, l\u00fapulo, mosto, &#8230; Mediante el proceso de fermentaci\u00f3n alta y fermentaci\u00f3n secundaria en botella, creamos un equilibrio aterciopelado entre suavemente amargo y agradablemente refrescante.<\/p>\n","protected":false},"excerpt":{"rendered":"<p>Suavemente amargo y agradablemente refrescante.<\/p>\n","protected":false},"featured_media":4473,"comment_status":"closed","ping_status":"closed","template":"","meta":{"_acf_changed":false,"bwfblock_default_font":""},"product_brand":[],"product_cat":[164,112],"product_tag":[],"class_list":{"0":"post-2233","1":"product","2":"type-product","3":"status-publish","4":"has-post-thumbnail","6":"product_cat-cerveza","7":"product_cat-fourchette-es","8":"entry","9":"has-media","11":"first","12":"instock","13":"taxable","14":"shipping-taxable","15":"purchasable","16":"product-type-simple"},"acf":[],"_links":{"self":[{"href":"https:\/\/www.vansteenberge.com\/es\/wp-json\/wp\/v2\/product\/2233","targetHints":{"allow":["GET"]}}],"collection":[{"href":"https:\/\/www.vansteenberge.com\/es\/wp-json\/wp\/v2\/product"}],"about":[{"href":"https:\/\/www.vansteenberge.com\/es\/wp-json\/wp\/v2\/types\/product"}],"replies":[{"embeddable":true,"href":"https:\/\/www.vansteenberge.com\/es\/wp-json\/wp\/v2\/comments?post=2233"}],"wp:featuredmedia":[{"embeddable":true,"href":"https:\/\/www.vansteenberge.com\/es\/wp-json\/wp\/v2\/media\/4473"}],"wp:attachment":[{"href":"https:\/\/www.vansteenberge.com\/es\/wp-json\/wp\/v2\/media?parent=2233"}],"wp:term":[{"taxonomy":"product_brand","embeddable":true,"href":"https:\/\/www.vansteenberge.com\/es\/wp-json\/wp\/v2\/product_brand?post=2233"},{"taxonomy":"product_cat","embeddable":true,"href":"https:\/\/www.vansteenberge.com\/es\/wp-json\/wp\/v2\/product_cat?post=2233"},{"taxonomy":"product_tag","embeddable":true,"href":"https:\/\/www.vansteenberge.com\/es\/wp-json\/wp\/v2\/product_tag?post=2233"}],"curies":[{"name":"wp","href":"https:\/\/api.w.org\/{rel}","templated":true}]}}