{"id":2292,"date":"2023-08-06T10:26:50","date_gmt":"2023-08-06T10:26:50","guid":{"rendered":"https:\/\/www.vansteenberge.com\/product\/ipa-bautista\/"},"modified":"2025-02-19T16:00:14","modified_gmt":"2025-02-19T15:00:14","slug":"baptist-ipa","status":"publish","type":"product","link":"https:\/\/www.vansteenberge.com\/es\/product\/baptist-ipa\/","title":{"rendered":"Bautista IPA &#8211; 33cl"},"content":{"rendered":"<div class=\"grid__12 grid__6@med flex flex-column flex-justify-center\">\n<div class=\"spacer block--lists\">\n<p style=\"text-align: center;\"><em><span style=\"font-size: 14px;\">C\u00edtricos y pomelo, estos aromas de l\u00fapulo te reciben inmediatamente en la nariz de esta cerveza. Se complementan con algunas notas especiadas. Perfectamente adaptado a este estilo de cerveza, tambi\u00e9n descubrir\u00e1s un sabor y un regusto agradablemente amargos.    <\/span><\/em><br \/>\n<em><span style=\"font-size: 14px;\">Sofie Vanrafelghem<\/span><\/em><\/p>\n<p>Baptist ipa es una cerveza brillante de l\u00fapulo de alta fermentaci\u00f3n.<br \/>\nBaptist se elabor\u00f3 con motivo de la inauguraci\u00f3n del Bar Baptist en Brouwerij Van Steenberge y tambi\u00e9n como homenaje a Jan Baptist de Bruyne, fundador de la cervecer\u00eda en 1784.<\/p>\n<\/div>\n<\/div>\n","protected":false},"excerpt":{"rendered":"<p>Cerveza brillante con l\u00fapulo de alta fermentaci\u00f3n<\/p>\n","protected":false},"featured_media":1242,"comment_status":"closed","ping_status":"closed","template":"","meta":{"_acf_changed":false,"bwfblock_default_font":""},"product_brand":[],"product_cat":[122,164],"product_tag":[],"class_list":{"0":"post-2292","1":"product","2":"type-product","3":"status-publish","4":"has-post-thumbnail","6":"product_cat-baptist-es","7":"product_cat-cerveza","8":"entry","9":"has-media","11":"first","12":"instock","13":"taxable","14":"shipping-taxable","15":"purchasable","16":"product-type-simple"},"acf":[],"_links":{"self":[{"href":"https:\/\/www.vansteenberge.com\/es\/wp-json\/wp\/v2\/product\/2292","targetHints":{"allow":["GET"]}}],"collection":[{"href":"https:\/\/www.vansteenberge.com\/es\/wp-json\/wp\/v2\/product"}],"about":[{"href":"https:\/\/www.vansteenberge.com\/es\/wp-json\/wp\/v2\/types\/product"}],"replies":[{"embeddable":true,"href":"https:\/\/www.vansteenberge.com\/es\/wp-json\/wp\/v2\/comments?post=2292"}],"wp:featuredmedia":[{"embeddable":true,"href":"https:\/\/www.vansteenberge.com\/es\/wp-json\/wp\/v2\/media\/1242"}],"wp:attachment":[{"href":"https:\/\/www.vansteenberge.com\/es\/wp-json\/wp\/v2\/media?parent=2292"}],"wp:term":[{"taxonomy":"product_brand","embeddable":true,"href":"https:\/\/www.vansteenberge.com\/es\/wp-json\/wp\/v2\/product_brand?post=2292"},{"taxonomy":"product_cat","embeddable":true,"href":"https:\/\/www.vansteenberge.com\/es\/wp-json\/wp\/v2\/product_cat?post=2292"},{"taxonomy":"product_tag","embeddable":true,"href":"https:\/\/www.vansteenberge.com\/es\/wp-json\/wp\/v2\/product_tag?post=2292"}],"curies":[{"name":"wp","href":"https:\/\/api.w.org\/{rel}","templated":true}]}}