{"id":2319,"date":"2023-08-03T10:06:12","date_gmt":"2023-08-03T10:06:12","guid":{"rendered":"https:\/\/www.vansteenberge.com\/product\/gulden-draak-9000-cuadruple\/"},"modified":"2026-04-15T18:51:11","modified_gmt":"2026-04-15T16:51:11","slug":"gulden-draak-9000-quadruple","status":"publish","type":"product","link":"https:\/\/www.vansteenberge.com\/es\/product\/gulden-draak-9000-cuadruple\/","title":{"rendered":"Gulden Draak 9000 Cu\u00e1druple &#8211; 33cl"},"content":{"rendered":"<div class=\"grid__12 grid__6@med flex flex-column flex-justify-center\">\n<div class=\"spacer block--lists\">\n<p style=\"text-align: center;\"><em><span style=\"font-size: 14px;\">Esta poderosa barleywine es un homenaje igualmente hermoso a Gante. La cerveza tiene un cuerpo dulce con aromas de frutos secos, caramelo mantecoso y miel. La plenitud eleva los sabores hasta el final.  <\/span><\/em><br \/>\n<em><span style=\"font-size: 14px;\">Sofie Vanrafelghem<\/span><\/em><\/p>\n<p>La desconocida Gulden Draak Classic como tripel oscura de 10,5% de alcohol recibi\u00f3 una fuerte adici\u00f3n tras 25 a\u00f1os de \u00e9xito creciente, la Gulden Draak 9000 Quadruple.<\/p>\n<p>La paleta de sabores especialmente rica y compleja y la cabeza llena tambi\u00e9n se encuentran en la Gulden Draak 9000 Cu\u00e1druple. Sin embargo, las notas dulces de caramelo se reservan para la Gulden Draak Cl\u00e1sica. <\/p>\n<p>Gulden Draak Familia Quadrupple<br \/>\nLa nueva receta, basada en 4 veces m\u00e1s malta, confiere a la Gulden Draak 9000 Quadruple un color \u00e1mbar dorado intenso y un aroma ligeramente afrutado. Junto con el sabor suave y ligeramente dulce, esto crea un bello bouquet redondeado con notas de frutos secos.<\/p>\n<p>Como otras cervezas especiales de la Cervecer\u00eda Van Steenberge, Gulden Draak 9000 Cu\u00e1druple es una cerveza de alta fermentaci\u00f3n con fermentaci\u00f3n secundaria. Para la fermentaci\u00f3n secundaria se utiliza una levadura v\u00ednica, que no s\u00f3lo contribuye al incomparable sabor, sino que tambi\u00e9n garantiza una conservaci\u00f3n de muchos a\u00f1os con evoluci\u00f3n en el sabor.<\/p>\n<\/div>\n<\/div>\n","protected":false},"excerpt":{"rendered":"<p>Un cu\u00e1druple \u00e1mbar excepcional.<\/p>\n","protected":false},"featured_media":1310,"comment_status":"open","ping_status":"closed","template":"","meta":{"_acf_changed":false,"bwfblock_default_font":""},"product_brand":[],"product_cat":[164,107],"product_tag":[],"class_list":{"0":"post-2319","1":"product","2":"type-product","3":"status-publish","4":"has-post-thumbnail","6":"product_cat-cerveza","7":"product_cat-gulden-draak-es","8":"entry","9":"has-media","11":"first","12":"instock","13":"taxable","14":"shipping-taxable","15":"purchasable","16":"product-type-simple"},"acf":[],"_links":{"self":[{"href":"https:\/\/www.vansteenberge.com\/es\/wp-json\/wp\/v2\/product\/2319","targetHints":{"allow":["GET"]}}],"collection":[{"href":"https:\/\/www.vansteenberge.com\/es\/wp-json\/wp\/v2\/product"}],"about":[{"href":"https:\/\/www.vansteenberge.com\/es\/wp-json\/wp\/v2\/types\/product"}],"replies":[{"embeddable":true,"href":"https:\/\/www.vansteenberge.com\/es\/wp-json\/wp\/v2\/comments?post=2319"}],"wp:featuredmedia":[{"embeddable":true,"href":"https:\/\/www.vansteenberge.com\/es\/wp-json\/wp\/v2\/media\/1310"}],"wp:attachment":[{"href":"https:\/\/www.vansteenberge.com\/es\/wp-json\/wp\/v2\/media?parent=2319"}],"wp:term":[{"taxonomy":"product_brand","embeddable":true,"href":"https:\/\/www.vansteenberge.com\/es\/wp-json\/wp\/v2\/product_brand?post=2319"},{"taxonomy":"product_cat","embeddable":true,"href":"https:\/\/www.vansteenberge.com\/es\/wp-json\/wp\/v2\/product_cat?post=2319"},{"taxonomy":"product_tag","embeddable":true,"href":"https:\/\/www.vansteenberge.com\/es\/wp-json\/wp\/v2\/product_tag?post=2319"}],"curies":[{"name":"wp","href":"https:\/\/api.w.org\/{rel}","templated":true}]}}