{"id":2326,"date":"2023-08-05T19:56:23","date_gmt":"2023-08-05T19:56:23","guid":{"rendered":"https:\/\/www.vansteenberge.com\/product\/dragon-de-oro-clasico\/"},"modified":"2025-02-19T15:58:09","modified_gmt":"2025-02-19T14:58:09","slug":"gulden-draak-classic","status":"publish","type":"product","link":"https:\/\/www.vansteenberge.com\/es\/product\/gulden-draak-classic\/","title":{"rendered":"Gulden Draak Cl\u00e1sico &#8211; 33cl"},"content":{"rendered":"<p style=\"text-align: center;\"><em><span style=\"font-size: 14px;\">Desde el Campanario de Gante, el Drag\u00f3n de Oro vigila la ciudad desde 1377. Igualmente ic\u00f3nica es la cerveza del mismo nombre. Una hermosa cerveza de color marr\u00f3n rojizo intenso, con un car\u00e1cter maltoso-dulce y expresivas notas de caramelo, chocolate con leche y un toque de pl\u00e1tano.  <\/span><\/em><br \/>\n<em><span style=\"font-size: 14px;\">Sofie Vanrafelghem<\/span><\/em><\/p>\n<p>A un s\u00edmbolo tan imponente, que ha perdurado durante m\u00e1s de seis siglos, le acompa\u00f1a una cerveza igualmente impresionante. Como el drag\u00f3n reina en lo alto de la ciudad, Gulden Draak figura desde hace a\u00f1os entre las mejores cervezas del mundo. Es una tripel oscura, lo que de por s\u00ed la convierte en una cerveza excepcional, pero su sabor complejo con toques de caramelo, malta tostada y caf\u00e9 la hace \u00fanica.<br \/>\nEn resumen, la cerveza hace honor a su nombre.<\/p>\n<p>Para la fermentaci\u00f3n secundaria se utiliza una levadura v\u00ednica, que determina el incomparable sabor y garantiza la evoluci\u00f3n del gusto a largo plazo (= cerveza viva). Cuanto m\u00e1s a\u00f1eja es la cerveza, m\u00e1s aroma adquiere y m\u00e1s plenos se vuelven el sabor y el color.<\/p>\n<p>Por ello, merece la pena conservar algunas botellas grandes y dejarlas envejecer durante muchos a\u00f1os.<\/p>\n","protected":false},"excerpt":{"rendered":"<p>El aut\u00e9ntico tripel rojo rub\u00ed<\/p>\n","protected":false},"featured_media":4478,"comment_status":"closed","ping_status":"closed","template":"","meta":{"_acf_changed":false,"bwfblock_default_font":""},"product_brand":[],"product_cat":[164,107],"product_tag":[],"class_list":{"0":"post-2326","1":"product","2":"type-product","3":"status-publish","4":"has-post-thumbnail","6":"product_cat-cerveza","7":"product_cat-gulden-draak-es","8":"entry","9":"has-media","11":"first","12":"instock","13":"taxable","14":"shipping-taxable","15":"purchasable","16":"product-type-simple"},"acf":[],"_links":{"self":[{"href":"https:\/\/www.vansteenberge.com\/es\/wp-json\/wp\/v2\/product\/2326","targetHints":{"allow":["GET"]}}],"collection":[{"href":"https:\/\/www.vansteenberge.com\/es\/wp-json\/wp\/v2\/product"}],"about":[{"href":"https:\/\/www.vansteenberge.com\/es\/wp-json\/wp\/v2\/types\/product"}],"replies":[{"embeddable":true,"href":"https:\/\/www.vansteenberge.com\/es\/wp-json\/wp\/v2\/comments?post=2326"}],"wp:featuredmedia":[{"embeddable":true,"href":"https:\/\/www.vansteenberge.com\/es\/wp-json\/wp\/v2\/media\/4478"}],"wp:attachment":[{"href":"https:\/\/www.vansteenberge.com\/es\/wp-json\/wp\/v2\/media?parent=2326"}],"wp:term":[{"taxonomy":"product_brand","embeddable":true,"href":"https:\/\/www.vansteenberge.com\/es\/wp-json\/wp\/v2\/product_brand?post=2326"},{"taxonomy":"product_cat","embeddable":true,"href":"https:\/\/www.vansteenberge.com\/es\/wp-json\/wp\/v2\/product_cat?post=2326"},{"taxonomy":"product_tag","embeddable":true,"href":"https:\/\/www.vansteenberge.com\/es\/wp-json\/wp\/v2\/product_tag?post=2326"}],"curies":[{"name":"wp","href":"https:\/\/api.w.org\/{rel}","templated":true}]}}