{"id":2371,"date":"2023-08-02T10:41:31","date_gmt":"2023-08-02T10:41:31","guid":{"rendered":"https:\/\/www.vansteenberge.com\/product\/triple-salto-pirata\/"},"modified":"2025-02-19T16:02:00","modified_gmt":"2025-02-19T15:02:00","slug":"piraat-triple-hop","status":"publish","type":"product","link":"https:\/\/www.vansteenberge.com\/es\/product\/piraat-triple-lupulo\/","title":{"rendered":"Piraat Triple L\u00fapulo &#8211; 33cl"},"content":{"rendered":"<p style=\"text-align: center;\"><em><span style=\"font-size: 14px;\">A esta Piraat se le a\u00f1adieron cuatro l\u00fapulos adicionales. El resultado es una Piraat afrutada y fresca, con notas de l\u00fapulo de c\u00edtricos y frutas ex\u00f3ticas en nariz. Es agradable ver c\u00f3mo los aromas afrutados de la levadura y el l\u00fapulo se unen en esta cerveza.  <\/span><\/em><br \/>\n<em><span style=\"font-size: 14px;\">Sofie Vanrafelghem<\/span><\/em><\/p>\n<p>Esta cerveza se elabora inspir\u00e1ndose en la cultura IPA de Estados Unidos. Para producir el l\u00fapulo Piraat Triple, se a\u00f1adieron cuatro variedades de l\u00fapulo adicionales al cl\u00e1sico Piraat. La receta se ajusta anualmente en funci\u00f3n de la disponibilidad de variedades de l\u00fapulo. La fermentaci\u00f3n tanto en botella como en barrica garantiza a\u00f1os de conservaci\u00f3n con evoluci\u00f3n del sabor.<\/p>\n","protected":false},"excerpt":{"rendered":"<p>Cerveza IPA con fuerte aroma a l\u00fapulo<\/p>\n","protected":false},"featured_media":1350,"comment_status":"closed","ping_status":"closed","template":"","meta":{"_acf_changed":false,"bwfblock_default_font":""},"product_brand":[],"product_cat":[164,132],"product_tag":[],"class_list":{"0":"post-2371","1":"product","2":"type-product","3":"status-publish","4":"has-post-thumbnail","6":"product_cat-cerveza","7":"product_cat-piraat-es","8":"entry","9":"has-media","11":"first","12":"instock","13":"taxable","14":"shipping-taxable","15":"purchasable","16":"product-type-simple"},"acf":[],"_links":{"self":[{"href":"https:\/\/www.vansteenberge.com\/es\/wp-json\/wp\/v2\/product\/2371","targetHints":{"allow":["GET"]}}],"collection":[{"href":"https:\/\/www.vansteenberge.com\/es\/wp-json\/wp\/v2\/product"}],"about":[{"href":"https:\/\/www.vansteenberge.com\/es\/wp-json\/wp\/v2\/types\/product"}],"replies":[{"embeddable":true,"href":"https:\/\/www.vansteenberge.com\/es\/wp-json\/wp\/v2\/comments?post=2371"}],"wp:featuredmedia":[{"embeddable":true,"href":"https:\/\/www.vansteenberge.com\/es\/wp-json\/wp\/v2\/media\/1350"}],"wp:attachment":[{"href":"https:\/\/www.vansteenberge.com\/es\/wp-json\/wp\/v2\/media?parent=2371"}],"wp:term":[{"taxonomy":"product_brand","embeddable":true,"href":"https:\/\/www.vansteenberge.com\/es\/wp-json\/wp\/v2\/product_brand?post=2371"},{"taxonomy":"product_cat","embeddable":true,"href":"https:\/\/www.vansteenberge.com\/es\/wp-json\/wp\/v2\/product_cat?post=2371"},{"taxonomy":"product_tag","embeddable":true,"href":"https:\/\/www.vansteenberge.com\/es\/wp-json\/wp\/v2\/product_tag?post=2371"}],"curies":[{"name":"wp","href":"https:\/\/api.w.org\/{rel}","templated":true}]}}