{"id":2415,"date":"2023-05-29T13:39:41","date_gmt":"2023-05-29T13:39:41","guid":{"rendered":"https:\/\/www.vansteenberge.com\/product\/fourchette-glass-pack-regalo\/"},"modified":"2025-02-19T16:00:29","modified_gmt":"2025-02-19T15:00:29","slug":"fourchette-glas-gift-pack","status":"publish","type":"product","link":"https:\/\/www.vansteenberge.com\/es\/product\/fourchette-vaso-pack-regalo\/","title":{"rendered":"Fourchette glass &#8211; Pack regalo"},"content":{"rendered":"<div class=\"wpb-content-wrapper\">[vc_row][vc_column][vc_column_text]Fourchette nace del encuentro de dos pasiones: el gusto refinado de los grandes chefs y los conocimientos de seis generaciones de maestros cerveceros.<\/p>\n<p>Fourchette es una cerveza viva, elaborada con las mejores materias primas: malta, trigo, l\u00fapulo, mosto, &#8230; Mediante el proceso de fermentaci\u00f3n alta y fermentaci\u00f3n secundaria en botella, creamos un equilibrio aterciopelado entre suavemente amargo y agradablemente refrescante.[\/vc_column_text]\n<\/div>","protected":false},"excerpt":{"rendered":"<p>Fourchette 1 vaso<\/p>\n","protected":false},"featured_media":1650,"comment_status":"closed","ping_status":"closed","template":"","meta":{"_acf_changed":false,"bwfblock_default_font":""},"product_brand":[],"product_cat":[112,141,137,214],"product_tag":[190],"class_list":{"0":"post-2415","1":"product","2":"type-product","3":"status-publish","4":"has-post-thumbnail","6":"product_cat-fourchette-es","7":"product_cat-gadgets-es","8":"product_cat-paquete-de-regalo","9":"product_cat-vasos-de-cerveza","10":"product_tag-hide-in-carousel-es","11":"entry","12":"has-media","14":"first","15":"instock","16":"taxable","17":"shipping-taxable","18":"purchasable","19":"product-type-simple"},"acf":[],"_links":{"self":[{"href":"https:\/\/www.vansteenberge.com\/es\/wp-json\/wp\/v2\/product\/2415","targetHints":{"allow":["GET"]}}],"collection":[{"href":"https:\/\/www.vansteenberge.com\/es\/wp-json\/wp\/v2\/product"}],"about":[{"href":"https:\/\/www.vansteenberge.com\/es\/wp-json\/wp\/v2\/types\/product"}],"replies":[{"embeddable":true,"href":"https:\/\/www.vansteenberge.com\/es\/wp-json\/wp\/v2\/comments?post=2415"}],"wp:featuredmedia":[{"embeddable":true,"href":"https:\/\/www.vansteenberge.com\/es\/wp-json\/wp\/v2\/media\/1650"}],"wp:attachment":[{"href":"https:\/\/www.vansteenberge.com\/es\/wp-json\/wp\/v2\/media?parent=2415"}],"wp:term":[{"taxonomy":"product_brand","embeddable":true,"href":"https:\/\/www.vansteenberge.com\/es\/wp-json\/wp\/v2\/product_brand?post=2415"},{"taxonomy":"product_cat","embeddable":true,"href":"https:\/\/www.vansteenberge.com\/es\/wp-json\/wp\/v2\/product_cat?post=2415"},{"taxonomy":"product_tag","embeddable":true,"href":"https:\/\/www.vansteenberge.com\/es\/wp-json\/wp\/v2\/product_tag?post=2415"}],"curies":[{"name":"wp","href":"https:\/\/api.w.org\/{rel}","templated":true}]}}