{"id":2497,"date":"2023-08-02T10:57:11","date_gmt":"2023-08-02T10:57:11","guid":{"rendered":"https:\/\/www.vansteenberge.com\/product\/1784-schelfaut-export\/"},"modified":"2025-02-19T16:00:10","modified_gmt":"2025-02-19T15:00:10","slug":"1784-schelfaut-export","status":"publish","type":"product","link":"https:\/\/www.vansteenberge.com\/es\/product\/1784-schelfaut-export\/","title":{"rendered":"1784 Schelfaut Export &#8211; 33cl"},"content":{"rendered":"<p>Con la Schelfaut Export 1784, la Cervecer\u00eda van Steenberge vuelve a una tradici\u00f3n de Meetjesland: una lager ligera(er) en una botella de 33 cl.<br \/>\n1784 hace referencia al a\u00f1o de fundaci\u00f3n de la Cervecer\u00eda. Schelfaut como homenaje a Marie Schelfaut, la 3\u00aa generaci\u00f3n de la familia cervecera Ertveld, que consigui\u00f3 preservar la independencia de la cervecer\u00eda en 1919. Y as\u00ed sigue siendo.<\/p>\n<p>&nbsp;<\/p>\n","protected":false},"excerpt":{"rendered":"<p>Una cerveza de sabor suave que quita la sed.<\/p>\n","protected":false},"featured_media":1210,"comment_status":"closed","ping_status":"closed","template":"","meta":{"_acf_changed":false,"bwfblock_default_font":""},"product_brand":[],"product_cat":[164,160],"product_tag":[],"class_list":{"0":"post-2497","1":"product","2":"type-product","3":"status-publish","4":"has-post-thumbnail","6":"product_cat-cerveza","7":"product_cat-export-1784-es","8":"entry","9":"has-media","11":"first","12":"instock","13":"taxable","14":"shipping-taxable","15":"purchasable","16":"product-type-simple"},"acf":[],"_links":{"self":[{"href":"https:\/\/www.vansteenberge.com\/es\/wp-json\/wp\/v2\/product\/2497","targetHints":{"allow":["GET"]}}],"collection":[{"href":"https:\/\/www.vansteenberge.com\/es\/wp-json\/wp\/v2\/product"}],"about":[{"href":"https:\/\/www.vansteenberge.com\/es\/wp-json\/wp\/v2\/types\/product"}],"replies":[{"embeddable":true,"href":"https:\/\/www.vansteenberge.com\/es\/wp-json\/wp\/v2\/comments?post=2497"}],"wp:featuredmedia":[{"embeddable":true,"href":"https:\/\/www.vansteenberge.com\/es\/wp-json\/wp\/v2\/media\/1210"}],"wp:attachment":[{"href":"https:\/\/www.vansteenberge.com\/es\/wp-json\/wp\/v2\/media?parent=2497"}],"wp:term":[{"taxonomy":"product_brand","embeddable":true,"href":"https:\/\/www.vansteenberge.com\/es\/wp-json\/wp\/v2\/product_brand?post=2497"},{"taxonomy":"product_cat","embeddable":true,"href":"https:\/\/www.vansteenberge.com\/es\/wp-json\/wp\/v2\/product_cat?post=2497"},{"taxonomy":"product_tag","embeddable":true,"href":"https:\/\/www.vansteenberge.com\/es\/wp-json\/wp\/v2\/product_tag?post=2497"}],"curies":[{"name":"wp","href":"https:\/\/api.w.org\/{rel}","templated":true}]}}