{"id":2511,"date":"2023-04-04T09:20:30","date_gmt":"2023-04-04T09:20:30","guid":{"rendered":"https:\/\/www.vansteenberge.com\/product\/monks-cafe-vaso-33cl\/"},"modified":"2025-02-19T16:01:57","modified_gmt":"2025-02-19T15:01:57","slug":"monks-cafe-glas-33cl","status":"publish","type":"product","link":"https:\/\/www.vansteenberge.com\/es\/product\/monjes-cafe-vaso-33cl\/","title":{"rendered":"Monk&#8217;s Caf\u00e9 Vaso 33cl"},"content":{"rendered":"<p>Monk&#8217;s Caf\u00e9 Grand Cru es una cerveza de alta fermentaci\u00f3n madurada en tanque.<br \/>\nElegida mejor cerveza \u00abmarr\u00f3n antigua\u00bb del mundo, World Beer Awards 2019.<\/p>\n<p>&nbsp;<\/p>\n<p> Monk&#8217;s Caf\u00e9 Vaso 33cl<\/p>\n","protected":false},"excerpt":{"rendered":"<p>Monk&#8217;s Caf\u00e9 Vaso 33cl<\/p>\n","protected":false},"featured_media":1694,"comment_status":"closed","ping_status":"closed","template":"","meta":{"_acf_changed":false,"bwfblock_default_font":""},"product_brand":[],"product_cat":[214],"product_tag":[],"class_list":{"0":"post-2511","1":"product","2":"type-product","3":"status-publish","4":"has-post-thumbnail","6":"product_cat-vasos-de-cerveza","7":"entry","8":"has-media","10":"first","11":"instock","12":"taxable","13":"shipping-taxable","14":"purchasable","15":"product-type-simple"},"acf":[],"_links":{"self":[{"href":"https:\/\/www.vansteenberge.com\/es\/wp-json\/wp\/v2\/product\/2511","targetHints":{"allow":["GET"]}}],"collection":[{"href":"https:\/\/www.vansteenberge.com\/es\/wp-json\/wp\/v2\/product"}],"about":[{"href":"https:\/\/www.vansteenberge.com\/es\/wp-json\/wp\/v2\/types\/product"}],"replies":[{"embeddable":true,"href":"https:\/\/www.vansteenberge.com\/es\/wp-json\/wp\/v2\/comments?post=2511"}],"wp:featuredmedia":[{"embeddable":true,"href":"https:\/\/www.vansteenberge.com\/es\/wp-json\/wp\/v2\/media\/1694"}],"wp:attachment":[{"href":"https:\/\/www.vansteenberge.com\/es\/wp-json\/wp\/v2\/media?parent=2511"}],"wp:term":[{"taxonomy":"product_brand","embeddable":true,"href":"https:\/\/www.vansteenberge.com\/es\/wp-json\/wp\/v2\/product_brand?post=2511"},{"taxonomy":"product_cat","embeddable":true,"href":"https:\/\/www.vansteenberge.com\/es\/wp-json\/wp\/v2\/product_cat?post=2511"},{"taxonomy":"product_tag","embeddable":true,"href":"https:\/\/www.vansteenberge.com\/es\/wp-json\/wp\/v2\/product_tag?post=2511"}],"curies":[{"name":"wp","href":"https:\/\/api.w.org\/{rel}","templated":true}]}}