{"id":2513,"date":"2023-04-04T08:28:30","date_gmt":"2023-04-04T08:28:30","guid":{"rendered":"https:\/\/www.vansteenberge.com\/product\/gulden-draak-vaso-33cl\/"},"modified":"2025-12-11T08:25:32","modified_gmt":"2025-12-11T07:25:32","slug":"gulden-draak-33cl-glas","status":"publish","type":"product","link":"https:\/\/www.vansteenberge.com\/es\/product\/gulden-draak-33cl-vaso\/","title":{"rendered":"Gulden Draak Vaso 33cl"},"content":{"rendered":"<div class=\"grid__12 grid__6@med flex flex-column flex-justify-center\">\n<p>A un s\u00edmbolo tan imponente, que ha perdurado durante m\u00e1s de seis siglos, le acompa\u00f1a una cerveza igualmente impresionante. Como el drag\u00f3n reina en lo alto de la ciudad, Gulden Draak figura desde hace a\u00f1os entre las mejores cervezas del mundo. Es una tripel oscura, lo que de por s\u00ed la convierte en una cerveza excepcional, pero su sabor complejo con toques de caramelo, malta tostada y caf\u00e9 la hace \u00fanica.<br \/>\nEn resumen, la cerveza hace honor a su nombre.<\/p>\n<p>1 x Gulden Draak copa huevo de drag\u00f3n 33cl<\/p>\n<p>&nbsp;<\/p>\n<\/div>\n","protected":false},"excerpt":{"rendered":"<p>Vaso Golden Dragon 33cl<\/p>\n","protected":false},"featured_media":1674,"comment_status":"closed","ping_status":"closed","template":"","meta":{"_acf_changed":false,"bwfblock_default_font":""},"product_brand":[],"product_cat":[214],"product_tag":[],"class_list":{"0":"post-2513","1":"product","2":"type-product","3":"status-publish","4":"has-post-thumbnail","6":"product_cat-vasos-de-cerveza","7":"entry","8":"has-media","10":"first","11":"instock","12":"taxable","13":"shipping-taxable","14":"purchasable","15":"product-type-simple"},"acf":[],"_links":{"self":[{"href":"https:\/\/www.vansteenberge.com\/es\/wp-json\/wp\/v2\/product\/2513","targetHints":{"allow":["GET"]}}],"collection":[{"href":"https:\/\/www.vansteenberge.com\/es\/wp-json\/wp\/v2\/product"}],"about":[{"href":"https:\/\/www.vansteenberge.com\/es\/wp-json\/wp\/v2\/types\/product"}],"replies":[{"embeddable":true,"href":"https:\/\/www.vansteenberge.com\/es\/wp-json\/wp\/v2\/comments?post=2513"}],"wp:featuredmedia":[{"embeddable":true,"href":"https:\/\/www.vansteenberge.com\/es\/wp-json\/wp\/v2\/media\/1674"}],"wp:attachment":[{"href":"https:\/\/www.vansteenberge.com\/es\/wp-json\/wp\/v2\/media?parent=2513"}],"wp:term":[{"taxonomy":"product_brand","embeddable":true,"href":"https:\/\/www.vansteenberge.com\/es\/wp-json\/wp\/v2\/product_brand?post=2513"},{"taxonomy":"product_cat","embeddable":true,"href":"https:\/\/www.vansteenberge.com\/es\/wp-json\/wp\/v2\/product_cat?post=2513"},{"taxonomy":"product_tag","embeddable":true,"href":"https:\/\/www.vansteenberge.com\/es\/wp-json\/wp\/v2\/product_tag?post=2513"}],"curies":[{"name":"wp","href":"https:\/\/api.w.org\/{rel}","templated":true}]}}