{"id":2516,"date":"2023-05-30T12:12:47","date_gmt":"2023-05-30T12:12:47","guid":{"rendered":"https:\/\/www.vansteenberge.com\/product\/gulden-draak-2x33cl-vaso\/"},"modified":"2025-02-19T16:00:34","modified_gmt":"2025-02-19T15:00:34","slug":"gulden-draak-2x33cl-glas","status":"publish","type":"product","link":"https:\/\/www.vansteenberge.com\/es\/product\/gulden-draak-2x33cl-glas\/","title":{"rendered":"Gulden Draak 2x33cl + Vaso"},"content":{"rendered":"<div class=\"grid__12 grid__6@med flex flex-column flex-justify-center\">\n<p>A un s\u00edmbolo tan imponente, que ha perdurado durante m\u00e1s de seis siglos, le acompa\u00f1a una cerveza igualmente impresionante. Como el drag\u00f3n reina en lo alto de la ciudad, Gulden Draak figura desde hace a\u00f1os entre las mejores cervezas del mundo. Es una tripel oscura, lo que de por s\u00ed la convierte en una cerveza excepcional, pero su sabor complejo con toques de caramelo, malta tostada y caf\u00e9 la hace \u00fanica.<br \/>\nEn resumen, la cerveza hace honor a su nombre.<\/p>\n<p>Papel de regalo Gulden Draak<\/p>\n<p>1 x Gulden Draak copa huevo de drag\u00f3n 33cl<\/p>\n<p>1 x Gulden Draak Classic 33cl<\/p>\n<p>1 x Gulden Draak 9000 Cu\u00e1druple 33cl<\/p>\n<p>10,5% Alc. Vol.<\/p>\n<\/div>\n","protected":false},"excerpt":{"rendered":"<p>Papel de regalo Gulden Draak<\/p>\n","protected":false},"featured_media":1666,"comment_status":"closed","ping_status":"closed","template":"","meta":{"_acf_changed":false,"bwfblock_default_font":""},"product_brand":[],"product_cat":[107,137],"product_tag":[190],"class_list":{"0":"post-2516","1":"product","2":"type-product","3":"status-publish","4":"has-post-thumbnail","6":"product_cat-gulden-draak-es","7":"product_cat-paquete-de-regalo","8":"product_tag-hide-in-carousel-es","9":"entry","10":"has-media","12":"first","13":"instock","14":"taxable","15":"shipping-taxable","16":"purchasable","17":"product-type-simple"},"acf":[],"_links":{"self":[{"href":"https:\/\/www.vansteenberge.com\/es\/wp-json\/wp\/v2\/product\/2516","targetHints":{"allow":["GET"]}}],"collection":[{"href":"https:\/\/www.vansteenberge.com\/es\/wp-json\/wp\/v2\/product"}],"about":[{"href":"https:\/\/www.vansteenberge.com\/es\/wp-json\/wp\/v2\/types\/product"}],"replies":[{"embeddable":true,"href":"https:\/\/www.vansteenberge.com\/es\/wp-json\/wp\/v2\/comments?post=2516"}],"wp:featuredmedia":[{"embeddable":true,"href":"https:\/\/www.vansteenberge.com\/es\/wp-json\/wp\/v2\/media\/1666"}],"wp:attachment":[{"href":"https:\/\/www.vansteenberge.com\/es\/wp-json\/wp\/v2\/media?parent=2516"}],"wp:term":[{"taxonomy":"product_brand","embeddable":true,"href":"https:\/\/www.vansteenberge.com\/es\/wp-json\/wp\/v2\/product_brand?post=2516"},{"taxonomy":"product_cat","embeddable":true,"href":"https:\/\/www.vansteenberge.com\/es\/wp-json\/wp\/v2\/product_cat?post=2516"},{"taxonomy":"product_tag","embeddable":true,"href":"https:\/\/www.vansteenberge.com\/es\/wp-json\/wp\/v2\/product_tag?post=2516"}],"curies":[{"name":"wp","href":"https:\/\/api.w.org\/{rel}","templated":true}]}}