{"id":2536,"date":"2023-04-04T11:20:43","date_gmt":"2023-04-04T11:20:43","guid":{"rendered":"https:\/\/www.vansteenberge.com\/product\/1784-schelfaut-vaso-de-exportacion-33cl\/"},"modified":"2025-02-19T16:01:55","modified_gmt":"2025-02-19T15:01:55","slug":"1784-schelfaut-export-glas-33cl","status":"publish","type":"product","link":"https:\/\/www.vansteenberge.com\/es\/product\/1784-schelfaut-export-glas-33cl\/","title":{"rendered":"1784 Schelfaut Vaso de Exportaci\u00f3n 33cl"},"content":{"rendered":"<p>Con la Schelfaut Export 1784, la Cervecer\u00eda van Steenberge vuelve a una tradici\u00f3n de Meetjesland: una lager ligera(er) en una botella de 33 cl.<br \/>\n1784 hace referencia al a\u00f1o de fundaci\u00f3n de la Cervecer\u00eda. Schelfaut como homenaje a Marie Schelfaut, la 3\u00aa generaci\u00f3n de la familia cervecera Ertveld, que consigui\u00f3 preservar la independencia de la cervecer\u00eda en 1919. Y as\u00ed sigue siendo.<\/p>\n<p>1784 Schelfaut Vaso de Exportaci\u00f3n 33cl<\/p>\n","protected":false},"excerpt":{"rendered":"<p>1784 Schelfaut Vaso de Exportaci\u00f3n 33cl<\/p>\n","protected":false},"featured_media":1706,"comment_status":"closed","ping_status":"closed","template":"","meta":{"_acf_changed":false,"bwfblock_default_font":""},"product_brand":[],"product_cat":[214],"product_tag":[],"class_list":{"0":"post-2536","1":"product","2":"type-product","3":"status-publish","4":"has-post-thumbnail","6":"product_cat-vasos-de-cerveza","7":"entry","8":"has-media","10":"first","11":"instock","12":"taxable","13":"shipping-taxable","14":"purchasable","15":"product-type-simple"},"acf":[],"_links":{"self":[{"href":"https:\/\/www.vansteenberge.com\/es\/wp-json\/wp\/v2\/product\/2536","targetHints":{"allow":["GET"]}}],"collection":[{"href":"https:\/\/www.vansteenberge.com\/es\/wp-json\/wp\/v2\/product"}],"about":[{"href":"https:\/\/www.vansteenberge.com\/es\/wp-json\/wp\/v2\/types\/product"}],"replies":[{"embeddable":true,"href":"https:\/\/www.vansteenberge.com\/es\/wp-json\/wp\/v2\/comments?post=2536"}],"wp:featuredmedia":[{"embeddable":true,"href":"https:\/\/www.vansteenberge.com\/es\/wp-json\/wp\/v2\/media\/1706"}],"wp:attachment":[{"href":"https:\/\/www.vansteenberge.com\/es\/wp-json\/wp\/v2\/media?parent=2536"}],"wp:term":[{"taxonomy":"product_brand","embeddable":true,"href":"https:\/\/www.vansteenberge.com\/es\/wp-json\/wp\/v2\/product_brand?post=2536"},{"taxonomy":"product_cat","embeddable":true,"href":"https:\/\/www.vansteenberge.com\/es\/wp-json\/wp\/v2\/product_cat?post=2536"},{"taxonomy":"product_tag","embeddable":true,"href":"https:\/\/www.vansteenberge.com\/es\/wp-json\/wp\/v2\/product_tag?post=2536"}],"curies":[{"name":"wp","href":"https:\/\/api.w.org\/{rel}","templated":true}]}}