{"id":2551,"date":"2023-04-04T09:38:51","date_gmt":"2023-04-04T09:38:51","guid":{"rendered":"https:\/\/www.vansteenberge.com\/product\/copa-de-degustacion-cerveceria-van-steenberge-25cl\/"},"modified":"2025-02-19T15:58:06","modified_gmt":"2025-02-19T14:58:06","slug":"degustatieglas-brouwerij-van-steenberge","status":"publish","type":"product","link":"https:\/\/www.vansteenberge.com\/es\/product\/degustatieglas-brouwerij-van-steenberge\/","title":{"rendered":"Copa de degustaci\u00f3n Cervecer\u00eda Van Steenberge 25cl"},"content":{"rendered":"<p>Copa de degustaci\u00f3n Cervecer\u00eda Van Steenberge 25cl<\/p>\n","protected":false},"excerpt":{"rendered":"<p>Copa de degustaci\u00f3n Cervecer\u00eda Van Steenberge<\/p>\n","protected":false},"featured_media":1702,"comment_status":"closed","ping_status":"closed","template":"","meta":{"_acf_changed":false,"bwfblock_default_font":""},"product_brand":[],"product_cat":[214],"product_tag":[],"class_list":{"0":"post-2551","1":"product","2":"type-product","3":"status-publish","4":"has-post-thumbnail","6":"product_cat-vasos-de-cerveza","7":"entry","8":"has-media","10":"first","11":"instock","12":"taxable","13":"shipping-taxable","14":"purchasable","15":"product-type-simple"},"acf":[],"_links":{"self":[{"href":"https:\/\/www.vansteenberge.com\/es\/wp-json\/wp\/v2\/product\/2551","targetHints":{"allow":["GET"]}}],"collection":[{"href":"https:\/\/www.vansteenberge.com\/es\/wp-json\/wp\/v2\/product"}],"about":[{"href":"https:\/\/www.vansteenberge.com\/es\/wp-json\/wp\/v2\/types\/product"}],"replies":[{"embeddable":true,"href":"https:\/\/www.vansteenberge.com\/es\/wp-json\/wp\/v2\/comments?post=2551"}],"wp:featuredmedia":[{"embeddable":true,"href":"https:\/\/www.vansteenberge.com\/es\/wp-json\/wp\/v2\/media\/1702"}],"wp:attachment":[{"href":"https:\/\/www.vansteenberge.com\/es\/wp-json\/wp\/v2\/media?parent=2551"}],"wp:term":[{"taxonomy":"product_brand","embeddable":true,"href":"https:\/\/www.vansteenberge.com\/es\/wp-json\/wp\/v2\/product_brand?post=2551"},{"taxonomy":"product_cat","embeddable":true,"href":"https:\/\/www.vansteenberge.com\/es\/wp-json\/wp\/v2\/product_cat?post=2551"},{"taxonomy":"product_tag","embeddable":true,"href":"https:\/\/www.vansteenberge.com\/es\/wp-json\/wp\/v2\/product_tag?post=2551"}],"curies":[{"name":"wp","href":"https:\/\/api.w.org\/{rel}","templated":true}]}}