{"id":29750,"date":"2024-10-01T13:05:06","date_gmt":"2024-10-01T11:05:06","guid":{"rendered":"https:\/\/www.vansteenberge.com\/?post_type=product&#038;p=29750"},"modified":"2025-02-19T15:58:36","modified_gmt":"2025-02-19T14:58:36","slug":"fourchette-grand-cru-sauvignon-blanc","status":"publish","type":"product","link":"https:\/\/www.vansteenberge.com\/es\/product\/fourchette-grand-cru-sauvignon-blanc\/","title":{"rendered":"Fourchette Grand Cru Sauvignon Blanc 75CL"},"content":{"rendered":"<div class=\"wpb-content-wrapper\">[vc_row][vc_column][vc_column_text]\n<div class=\"wpb_text_column wpb_content_element \">\n<div class=\"wpb_wrapper\">\n<p>Esta Fourchette Grand Cru Sauvignon Blanc se basa en la cl\u00e1sica cerveza Fourchette, pero se le ha dado un giro \u00fanico. Para esta edici\u00f3n especial, la cerveza ha envejecido m\u00e1s de 15 meses en barricas de Sauvignon Blanc. <\/p>\n<p>Esta maduraci\u00f3n prolongada en barricas de Sauvignon Blanc crea un perfil de sabor extraordinario. Al degustar esta cerveza, descubrir\u00e1 sutiles notas ligeramente \u00e1cidas y un toque de agrumes. La maduraci\u00f3n en barricas de Sauvignon Blanc ha dado a la cerveza una dimensi\u00f3n refrescante. Es suave pero potente, complejo pero tambi\u00e9n equilibrado.<\/p>\n<\/div>\n<\/div>\n[\/vc_column_text][\/vc_column][\/vc_row]\n<\/div>","protected":false},"excerpt":{"rendered":"<p>Fourchette Grand Cru Sauvignon Blanc envejeci\u00f3 15 meses en barricas de Sauvignon Blanc.<\/p>\n","protected":false},"featured_media":29757,"comment_status":"closed","ping_status":"closed","template":"","meta":{"_acf_changed":false,"bwfblock_default_font":""},"product_brand":[],"product_cat":[499,164,112],"product_tag":[190],"class_list":{"0":"post-29750","1":"product","2":"type-product","3":"status-publish","4":"has-post-thumbnail","6":"product_cat-bieren-op-vat-es","7":"product_cat-cerveza","8":"product_cat-fourchette-es","9":"product_tag-hide-in-carousel-es","10":"entry","11":"has-media","13":"first","14":"instock","15":"taxable","16":"shipping-taxable","17":"purchasable","18":"product-type-simple"},"acf":[],"_links":{"self":[{"href":"https:\/\/www.vansteenberge.com\/es\/wp-json\/wp\/v2\/product\/29750","targetHints":{"allow":["GET"]}}],"collection":[{"href":"https:\/\/www.vansteenberge.com\/es\/wp-json\/wp\/v2\/product"}],"about":[{"href":"https:\/\/www.vansteenberge.com\/es\/wp-json\/wp\/v2\/types\/product"}],"replies":[{"embeddable":true,"href":"https:\/\/www.vansteenberge.com\/es\/wp-json\/wp\/v2\/comments?post=29750"}],"wp:featuredmedia":[{"embeddable":true,"href":"https:\/\/www.vansteenberge.com\/es\/wp-json\/wp\/v2\/media\/29757"}],"wp:attachment":[{"href":"https:\/\/www.vansteenberge.com\/es\/wp-json\/wp\/v2\/media?parent=29750"}],"wp:term":[{"taxonomy":"product_brand","embeddable":true,"href":"https:\/\/www.vansteenberge.com\/es\/wp-json\/wp\/v2\/product_brand?post=29750"},{"taxonomy":"product_cat","embeddable":true,"href":"https:\/\/www.vansteenberge.com\/es\/wp-json\/wp\/v2\/product_cat?post=29750"},{"taxonomy":"product_tag","embeddable":true,"href":"https:\/\/www.vansteenberge.com\/es\/wp-json\/wp\/v2\/product_tag?post=29750"}],"curies":[{"name":"wp","href":"https:\/\/api.w.org\/{rel}","templated":true}]}}