{"id":29765,"date":"2024-10-01T13:49:03","date_gmt":"2024-10-01T11:49:03","guid":{"rendered":"https:\/\/www.vansteenberge.com\/?post_type=product&#038;p=29765"},"modified":"2025-02-19T15:58:40","modified_gmt":"2025-02-19T14:58:40","slug":"fourchette-grand-cru-vermouth","status":"publish","type":"product","link":"https:\/\/www.vansteenberge.com\/es\/product\/fourchette-grand-cru-vermouth\/","title":{"rendered":"Vermut Fourchette Grand Cru 75CL"},"content":{"rendered":"<div class=\"wpb-content-wrapper\">[vc_row][vc_column][vc_column_text]\n<div class=\"wpb_text_column wpb_content_element \">\n<div class=\"wpb_wrapper\">\n<p>Este Vermut Fourchette Grand Cru se basa en la cl\u00e1sica Cerveza Fourchette, pero esta edici\u00f3n especial ha envejecido durante m\u00e1s de 15 meses en barricas de Vermut, creando una fascinante mezcla de sabores.<\/p>\n<p>El vermut es un vino fortificado aromatizado con una mezcla \u00fanica de hierbas y especias, como ajenjo, cilantro, canela y c\u00edtricos. Originario de Italia y Francia, el Vermut es conocido por su complejidad arom\u00e1tica y su perfil de sabor sutilmente amargo. Son precisamente estas caracter\u00edsticas especiadas y refinadas las que hacen que el Vermut sea tan especial, por lo que las barricas de Vermut utilizadas proporcionan una base ideal para madurar esta Fourchette especial.  <\/p>\n<\/div>\n<\/div>\n[\/vc_column_text][\/vc_column][\/vc_row]\n<\/div>","protected":false},"excerpt":{"rendered":"<p>El Vermut Fourchette Grand Cru se envejeci\u00f3 durante 15 meses en barricas de Vermut.<\/p>\n","protected":false},"featured_media":29762,"comment_status":"closed","ping_status":"closed","template":"","meta":{"_acf_changed":false,"bwfblock_default_font":""},"product_brand":[],"product_cat":[164,112],"product_tag":[],"class_list":{"0":"post-29765","1":"product","2":"type-product","3":"status-publish","4":"has-post-thumbnail","6":"product_cat-cerveza","7":"product_cat-fourchette-es","8":"entry","9":"has-media","11":"first","12":"instock","13":"taxable","14":"shipping-taxable","15":"purchasable","16":"product-type-simple"},"acf":[],"_links":{"self":[{"href":"https:\/\/www.vansteenberge.com\/es\/wp-json\/wp\/v2\/product\/29765","targetHints":{"allow":["GET"]}}],"collection":[{"href":"https:\/\/www.vansteenberge.com\/es\/wp-json\/wp\/v2\/product"}],"about":[{"href":"https:\/\/www.vansteenberge.com\/es\/wp-json\/wp\/v2\/types\/product"}],"replies":[{"embeddable":true,"href":"https:\/\/www.vansteenberge.com\/es\/wp-json\/wp\/v2\/comments?post=29765"}],"wp:featuredmedia":[{"embeddable":true,"href":"https:\/\/www.vansteenberge.com\/es\/wp-json\/wp\/v2\/media\/29762"}],"wp:attachment":[{"href":"https:\/\/www.vansteenberge.com\/es\/wp-json\/wp\/v2\/media?parent=29765"}],"wp:term":[{"taxonomy":"product_brand","embeddable":true,"href":"https:\/\/www.vansteenberge.com\/es\/wp-json\/wp\/v2\/product_brand?post=29765"},{"taxonomy":"product_cat","embeddable":true,"href":"https:\/\/www.vansteenberge.com\/es\/wp-json\/wp\/v2\/product_cat?post=29765"},{"taxonomy":"product_tag","embeddable":true,"href":"https:\/\/www.vansteenberge.com\/es\/wp-json\/wp\/v2\/product_tag?post=29765"}],"curies":[{"name":"wp","href":"https:\/\/api.w.org\/{rel}","templated":true}]}}