{"id":3173,"date":"2023-09-28T08:48:41","date_gmt":"2023-09-28T08:48:41","guid":{"rendered":"https:\/\/www.vansteenberge.com\/?post_type=product&#038;p=3173"},"modified":"2025-12-22T16:49:46","modified_gmt":"2025-12-22T15:49:46","slug":"gulden-draak-cuvee-prestige-madeira","status":"publish","type":"product","link":"https:\/\/www.vansteenberge.com\/es\/product\/gulden-draak-cuvee-prestige-madeira\/","title":{"rendered":"Gulden Draak Cuv\u00e9e Prestige Madeira 75cl"},"content":{"rendered":"<div class=\"wpb-content-wrapper\">[vc_row][vc_column][vc_column_text css=\u00bb\u00bb]\n<div class=\"wpb_text_column wpb_content_element \">\n<div class=\"wpb_wrapper\">\n<p>El proceso \u00fanico que hay detr\u00e1s del Gulden Draak Cuv\u00e9e Prestige Madeira.<br \/>\nPara esta nueva versi\u00f3n del Cuv\u00e9e Prestige, dejamos que el Gulden Draak Classic madurara durante 30 semanas en barricas de Madeira especialmente seleccionadas, despu\u00e9s del lagering. Estos barriles, procedentes de Portugal, s\u00f3lo se utilizaron tres veces. Tras la maduraci\u00f3n, la cerveza se somete a su cl\u00e1sica segunda fermentaci\u00f3n<br \/>\ncon la levadura v\u00ednica \u00fanica y patentada que garantizar\u00e1 un equilibrio perfecto.  <\/p>\n<p>Las caracter\u00edsticas de sabor t\u00edpicas de Gulden Draak Classic armonizan perfectamente con los sabores a frutos secos tostados, fruta guisada, caramelo y toffee derivados del Madeira.<\/p>\n<p>De nuevo, podemos hablar de una mezcla excelente que no hace sino realzar el reconocido sabor de Gulden Draak Classic. \u00a1Una cerveza deliciosa y de sabor original para disfrutar con moderaci\u00f3n! <\/p>\n<\/div>\n<\/div>\n[\/vc_column_text][\/vc_column][\/vc_row]\n<\/div>","protected":false},"excerpt":{"rendered":"<p>Envejecido durante 30 semanas en barricas de Madeira<\/p>\n","protected":false},"featured_media":56712,"comment_status":"closed","ping_status":"closed","template":"","meta":{"_acf_changed":false,"bwfblock_default_font":""},"product_brand":[],"product_cat":[164,107],"product_tag":[190],"class_list":{"0":"post-3173","1":"product","2":"type-product","3":"status-publish","4":"has-post-thumbnail","6":"product_cat-cerveza","7":"product_cat-gulden-draak-es","8":"product_tag-hide-in-carousel-es","9":"entry","10":"has-media","12":"first","13":"instock","14":"taxable","15":"shipping-taxable","16":"purchasable","17":"product-type-simple"},"acf":[],"_links":{"self":[{"href":"https:\/\/www.vansteenberge.com\/es\/wp-json\/wp\/v2\/product\/3173","targetHints":{"allow":["GET"]}}],"collection":[{"href":"https:\/\/www.vansteenberge.com\/es\/wp-json\/wp\/v2\/product"}],"about":[{"href":"https:\/\/www.vansteenberge.com\/es\/wp-json\/wp\/v2\/types\/product"}],"replies":[{"embeddable":true,"href":"https:\/\/www.vansteenberge.com\/es\/wp-json\/wp\/v2\/comments?post=3173"}],"wp:featuredmedia":[{"embeddable":true,"href":"https:\/\/www.vansteenberge.com\/es\/wp-json\/wp\/v2\/media\/56712"}],"wp:attachment":[{"href":"https:\/\/www.vansteenberge.com\/es\/wp-json\/wp\/v2\/media?parent=3173"}],"wp:term":[{"taxonomy":"product_brand","embeddable":true,"href":"https:\/\/www.vansteenberge.com\/es\/wp-json\/wp\/v2\/product_brand?post=3173"},{"taxonomy":"product_cat","embeddable":true,"href":"https:\/\/www.vansteenberge.com\/es\/wp-json\/wp\/v2\/product_cat?post=3173"},{"taxonomy":"product_tag","embeddable":true,"href":"https:\/\/www.vansteenberge.com\/es\/wp-json\/wp\/v2\/product_tag?post=3173"}],"curies":[{"name":"wp","href":"https:\/\/api.w.org\/{rel}","templated":true}]}}