{"id":3203,"date":"2023-09-28T11:40:09","date_gmt":"2023-09-28T11:40:09","guid":{"rendered":"https:\/\/www.vansteenberge.com\/?post_type=product&#038;p=3203"},"modified":"2025-10-08T14:40:12","modified_gmt":"2025-10-08T12:40:12","slug":"gulden-draak-cuvee-prestige-bourbon-75cl-kopie","status":"publish","type":"product","link":"https:\/\/www.vansteenberge.com\/es\/product\/gulden-draak-cuvee-prestige-bourbon-75cl-kopie\/","title":{"rendered":"Gulden Draak Cuv\u00e9e Prestige Bourbon 75cl"},"content":{"rendered":"<div class=\"wpb-content-wrapper\">[vc_row][vc_column][vc_column_text]\n<div class=\"wpb_text_column wpb_content_element \">\n<div class=\"wpb_wrapper\">\n<p>El Gulden Draak Cuv\u00e9e Prestige Bourbon se elabora envejeciendo el Gulden Draak Classic durante 24 semanas m\u00e1s en barricas de Bourbon especialmente seleccionadas despu\u00e9s del lagering. Estas barricas proceden de Am\u00e9rica y s\u00f3lo se utilizaron dos veces en la destiler\u00eda original. Tras la maduraci\u00f3n, la cerveza se somete a su cl\u00e1sica fermentaci\u00f3n secundaria con la levadura de vino \u00fanica y patentada, que garantizar\u00e1 un equilibrio perfecto. Las caracter\u00edsticas de sabor t\u00edpicas de Gulden Draak Classic armonizan perfectamente con las notas c\u00e1lidas de miel, pasas sultanas, vainilla y madera (y los aromas ligeramente dulces) de las barricas de Bourbon.<\/p>\n<\/div>\n<\/div>\n[\/vc_column_text][\/vc_column][\/vc_row]\n<\/div>","protected":false},"excerpt":{"rendered":"<p>Madurado durante 8 semanas en barricas de Bourbon<\/p>\n","protected":false},"featured_media":49440,"comment_status":"closed","ping_status":"closed","template":"","meta":{"_acf_changed":false,"bwfblock_default_font":""},"product_brand":[],"product_cat":[164,107],"product_tag":[190],"class_list":{"0":"post-3203","1":"product","2":"type-product","3":"status-publish","4":"has-post-thumbnail","6":"product_cat-cerveza","7":"product_cat-gulden-draak-es","8":"product_tag-hide-in-carousel-es","9":"entry","10":"has-media","12":"first","13":"instock","14":"taxable","15":"shipping-taxable","16":"purchasable","17":"product-type-simple"},"acf":[],"_links":{"self":[{"href":"https:\/\/www.vansteenberge.com\/es\/wp-json\/wp\/v2\/product\/3203","targetHints":{"allow":["GET"]}}],"collection":[{"href":"https:\/\/www.vansteenberge.com\/es\/wp-json\/wp\/v2\/product"}],"about":[{"href":"https:\/\/www.vansteenberge.com\/es\/wp-json\/wp\/v2\/types\/product"}],"replies":[{"embeddable":true,"href":"https:\/\/www.vansteenberge.com\/es\/wp-json\/wp\/v2\/comments?post=3203"}],"wp:featuredmedia":[{"embeddable":true,"href":"https:\/\/www.vansteenberge.com\/es\/wp-json\/wp\/v2\/media\/49440"}],"wp:attachment":[{"href":"https:\/\/www.vansteenberge.com\/es\/wp-json\/wp\/v2\/media?parent=3203"}],"wp:term":[{"taxonomy":"product_brand","embeddable":true,"href":"https:\/\/www.vansteenberge.com\/es\/wp-json\/wp\/v2\/product_brand?post=3203"},{"taxonomy":"product_cat","embeddable":true,"href":"https:\/\/www.vansteenberge.com\/es\/wp-json\/wp\/v2\/product_cat?post=3203"},{"taxonomy":"product_tag","embeddable":true,"href":"https:\/\/www.vansteenberge.com\/es\/wp-json\/wp\/v2\/product_tag?post=3203"}],"curies":[{"name":"wp","href":"https:\/\/api.w.org\/{rel}","templated":true}]}}