{"id":3208,"date":"2023-09-28T12:05:49","date_gmt":"2023-09-28T12:05:49","guid":{"rendered":"https:\/\/www.vansteenberge.com\/?post_type=product&#038;p=3208"},"modified":"2025-12-26T14:44:17","modified_gmt":"2025-12-26T13:44:17","slug":"gulden-draak-cuvee-prestige-laphroaig-75cl","status":"publish","type":"product","link":"https:\/\/www.vansteenberge.com\/es\/product\/gulden-draak-cuvee-prestige-laphroaig-75cl\/","title":{"rendered":"Gulden Draak Cuv\u00e9e Prestige Laphroaig 75cl"},"content":{"rendered":"<p>Tras una exitosa edici\u00f3n anterior, esta Gulden Draak Cuv\u00e9e Prestige especial vuelve a estar disponible, ahora con nuestro tercer lote. Esta versi\u00f3n se ha envejecido durante 16 semanas en barricas Laphroaig de la emblem\u00e1tica destiler\u00eda escocesa de la isla de Islay. Laphroaig es conocida por su inconfundible sabor a turba, por lo que ese car\u00e1cter ahumado y con cuerpo se hace evidente en este Gulden Draak Cuv\u00e9e Prestige Laphroaig, dando lugar a una mezcla \u00fanica y peculiar que seguro sorprender\u00e1 a los aficionados.  <\/p>\n<p>Tambi\u00e9n nos enorgullece anunciar que este nuevo lote presenta una nueva etiqueta y un dise\u00f1o completamente renovado, que resaltan a\u00fan m\u00e1s el car\u00e1cter premium de esta edici\u00f3n \u00fanica.<\/p>\n","protected":false},"excerpt":{"rendered":"<p>Madurado durante 16 semanas en barricas de Laphroaig<\/p>\n","protected":false},"featured_media":36553,"comment_status":"closed","ping_status":"closed","template":"","meta":{"_acf_changed":false,"bwfblock_default_font":""},"product_brand":[],"product_cat":[164,107],"product_tag":[190],"class_list":{"0":"post-3208","1":"product","2":"type-product","3":"status-publish","4":"has-post-thumbnail","6":"product_cat-cerveza","7":"product_cat-gulden-draak-es","8":"product_tag-hide-in-carousel-es","9":"entry","10":"has-media","12":"first","13":"instock","14":"taxable","15":"shipping-taxable","16":"purchasable","17":"product-type-simple"},"acf":[],"_links":{"self":[{"href":"https:\/\/www.vansteenberge.com\/es\/wp-json\/wp\/v2\/product\/3208","targetHints":{"allow":["GET"]}}],"collection":[{"href":"https:\/\/www.vansteenberge.com\/es\/wp-json\/wp\/v2\/product"}],"about":[{"href":"https:\/\/www.vansteenberge.com\/es\/wp-json\/wp\/v2\/types\/product"}],"replies":[{"embeddable":true,"href":"https:\/\/www.vansteenberge.com\/es\/wp-json\/wp\/v2\/comments?post=3208"}],"wp:featuredmedia":[{"embeddable":true,"href":"https:\/\/www.vansteenberge.com\/es\/wp-json\/wp\/v2\/media\/36553"}],"wp:attachment":[{"href":"https:\/\/www.vansteenberge.com\/es\/wp-json\/wp\/v2\/media?parent=3208"}],"wp:term":[{"taxonomy":"product_brand","embeddable":true,"href":"https:\/\/www.vansteenberge.com\/es\/wp-json\/wp\/v2\/product_brand?post=3208"},{"taxonomy":"product_cat","embeddable":true,"href":"https:\/\/www.vansteenberge.com\/es\/wp-json\/wp\/v2\/product_cat?post=3208"},{"taxonomy":"product_tag","embeddable":true,"href":"https:\/\/www.vansteenberge.com\/es\/wp-json\/wp\/v2\/product_tag?post=3208"}],"curies":[{"name":"wp","href":"https:\/\/api.w.org\/{rel}","templated":true}]}}