{"id":47827,"date":"2025-02-03T10:04:41","date_gmt":"2025-02-03T09:04:41","guid":{"rendered":"https:\/\/www.vansteenberge.com\/?post_type=product&#038;p=47827"},"modified":"2025-11-04T11:40:56","modified_gmt":"2025-11-04T10:40:56","slug":"gulden-draak-imperial-stout-33cl","status":"publish","type":"product","link":"https:\/\/www.vansteenberge.com\/es\/product\/gulden-draak-imperial-stout-kopie\/","title":{"rendered":"Gulden Draak Imperial Stout &#8211; 33cl"},"content":{"rendered":"<p style=\"text-align: center;\"><em><span style=\"font-size: 14px;\">Oscura y potente, esta cerveza te introduce en aromas de malta de chocolate, caf\u00e9 y caramelo. Su personalidad de malta m\u00e1s robusta se acent\u00faa agradablemente con algunas notas de an\u00eds estrellado y regaliz. <\/span><\/em><br \/>\n<em><span style=\"font-size: 14px;\">Sofie Vanrafelghem<\/span><\/em><\/p>\n<p>La Gulden Draak Imperial Stout es una cerveza de color marr\u00f3n oscuro a negro y es la m\u00e1s pesada de la gama Gulden Draak con sus 11\u00b0 de alcohol por volumen. El t\u00edpico sabor tostado se obtiene a\u00f1adiendo malta tostada y caramelizada utilizada exclusivamente para este fin. Es una cerveza pesada muy equilibrada.<\/p>\n<p>El final es rico y potente. Al degustar esta especialidad de cerveza, descubrir\u00e1 aromas de pl\u00e1tano y chocolate. La fermentaci\u00f3n secundaria se desarrolla perfectamente y equilibra los alcoholes m\u00e1s altos.<\/p>\n<p>&nbsp;<\/p>\n","protected":false},"excerpt":{"rendered":"<p>Profundamente oscuro, rico y poderoso.<\/p>\n","protected":false},"featured_media":4488,"comment_status":"closed","ping_status":"closed","template":"","meta":{"_acf_changed":false,"bwfblock_default_font":""},"product_brand":[],"product_cat":[164,107],"product_tag":[],"class_list":{"0":"post-47827","1":"product","2":"type-product","3":"status-publish","4":"has-post-thumbnail","6":"product_cat-cerveza","7":"product_cat-gulden-draak-es","8":"entry","9":"has-media","11":"first","12":"instock","13":"taxable","14":"shipping-taxable","15":"purchasable","16":"product-type-simple"},"acf":[],"_links":{"self":[{"href":"https:\/\/www.vansteenberge.com\/es\/wp-json\/wp\/v2\/product\/47827","targetHints":{"allow":["GET"]}}],"collection":[{"href":"https:\/\/www.vansteenberge.com\/es\/wp-json\/wp\/v2\/product"}],"about":[{"href":"https:\/\/www.vansteenberge.com\/es\/wp-json\/wp\/v2\/types\/product"}],"replies":[{"embeddable":true,"href":"https:\/\/www.vansteenberge.com\/es\/wp-json\/wp\/v2\/comments?post=47827"}],"wp:featuredmedia":[{"embeddable":true,"href":"https:\/\/www.vansteenberge.com\/es\/wp-json\/wp\/v2\/media\/4488"}],"wp:attachment":[{"href":"https:\/\/www.vansteenberge.com\/es\/wp-json\/wp\/v2\/media?parent=47827"}],"wp:term":[{"taxonomy":"product_brand","embeddable":true,"href":"https:\/\/www.vansteenberge.com\/es\/wp-json\/wp\/v2\/product_brand?post=47827"},{"taxonomy":"product_cat","embeddable":true,"href":"https:\/\/www.vansteenberge.com\/es\/wp-json\/wp\/v2\/product_cat?post=47827"},{"taxonomy":"product_tag","embeddable":true,"href":"https:\/\/www.vansteenberge.com\/es\/wp-json\/wp\/v2\/product_tag?post=47827"}],"curies":[{"name":"wp","href":"https:\/\/api.w.org\/{rel}","templated":true}]}}