{"id":47887,"date":"2025-02-03T11:37:35","date_gmt":"2025-02-03T10:37:35","guid":{"rendered":"https:\/\/www.vansteenberge.com\/?post_type=product&#038;p=47887"},"modified":"2025-02-19T15:58:48","modified_gmt":"2025-02-19T14:58:48","slug":"bornem-dubbel-75cl","status":"publish","type":"product","link":"https:\/\/www.vansteenberge.com\/es\/product\/bornem-doble-kopie\/","title":{"rendered":"Bornem doble &#8211; 75cl"},"content":{"rendered":"<p style=\"text-align: center;\"><em><span style=\"font-size: 14px;\">Esta cerveza marr\u00f3n oscura es una cl\u00e1sica doble belga, lo que significa que te deleitar\u00e1 con un car\u00e1cter maltoso y aromas de caramelo y chocolate. Tambi\u00e9n notar\u00e1s notas de frutos secos y regaliz.  <\/span><\/em><br \/>\n<em><span style=\"font-size: 14px;\">Sofie Vanrafelghem<\/span><\/em><\/p>\n<p>Pocas dobles oscuras pueden igualar a esta Bornem Dubbel. El doble oscuro suele servirse con platos de carne, como filetes, carne a la parrilla, caza o incluso salchichas.<\/p>\n<p>&nbsp;<\/p>\n","protected":false},"excerpt":{"rendered":"<p>Una cerveza viva con sabor afrutado.<\/p>\n","protected":false},"featured_media":1266,"comment_status":"closed","ping_status":"closed","template":"","meta":{"_acf_changed":false,"bwfblock_default_font":""},"product_brand":[],"product_cat":[154,164],"product_tag":[],"class_list":{"0":"post-47887","1":"product","2":"type-product","3":"status-publish","4":"has-post-thumbnail","6":"product_cat-bornem-es","7":"product_cat-cerveza","8":"entry","9":"has-media","11":"first","12":"instock","13":"taxable","14":"shipping-taxable","15":"purchasable","16":"product-type-simple"},"acf":[],"_links":{"self":[{"href":"https:\/\/www.vansteenberge.com\/es\/wp-json\/wp\/v2\/product\/47887","targetHints":{"allow":["GET"]}}],"collection":[{"href":"https:\/\/www.vansteenberge.com\/es\/wp-json\/wp\/v2\/product"}],"about":[{"href":"https:\/\/www.vansteenberge.com\/es\/wp-json\/wp\/v2\/types\/product"}],"replies":[{"embeddable":true,"href":"https:\/\/www.vansteenberge.com\/es\/wp-json\/wp\/v2\/comments?post=47887"}],"wp:featuredmedia":[{"embeddable":true,"href":"https:\/\/www.vansteenberge.com\/es\/wp-json\/wp\/v2\/media\/1266"}],"wp:attachment":[{"href":"https:\/\/www.vansteenberge.com\/es\/wp-json\/wp\/v2\/media?parent=47887"}],"wp:term":[{"taxonomy":"product_brand","embeddable":true,"href":"https:\/\/www.vansteenberge.com\/es\/wp-json\/wp\/v2\/product_brand?post=47887"},{"taxonomy":"product_cat","embeddable":true,"href":"https:\/\/www.vansteenberge.com\/es\/wp-json\/wp\/v2\/product_cat?post=47887"},{"taxonomy":"product_tag","embeddable":true,"href":"https:\/\/www.vansteenberge.com\/es\/wp-json\/wp\/v2\/product_tag?post=47887"}],"curies":[{"name":"wp","href":"https:\/\/api.w.org\/{rel}","templated":true}]}}