{"id":47897,"date":"2025-02-03T12:18:17","date_gmt":"2025-02-03T11:18:17","guid":{"rendered":"https:\/\/www.vansteenberge.com\/?post_type=product&#038;p=47897"},"modified":"2025-02-19T15:58:49","modified_gmt":"2025-02-19T14:58:49","slug":"piraat-75cl","status":"publish","type":"product","link":"https:\/\/www.vansteenberge.com\/es\/product\/piraat-kopie\/","title":{"rendered":"Piraat &#8211; 75 cl"},"content":{"rendered":"<p style=\"text-align: center;\"><em><span style=\"font-size: 14px;\">Crujiente y chispeante, esta pirata ya causa una fuerte impresi\u00f3n en la copa. Esta rubia pesada consigue mantener el equilibrio perfecto entre dulce y amargo.   <\/span><\/em><br \/>\n<em><span style=\"font-size: 14px;\">Sofie Vanrafelghem<\/span><\/em><\/p>\n<p>Esta cerveza rubia de fermentaci\u00f3n alta con fermentaci\u00f3n secundaria contiene un aroma con mucho cuerpo y tiene un perfecto equilibrio dulce-amargo con un agradable regusto. Una cerveza pesada de sabor \u00e1mbar para disfrutar durante mucho tiempo.<\/p>\n<p>La fermentaci\u00f3n tanto en botella como en barrica garantiza a\u00f1os de conservaci\u00f3n con evoluci\u00f3n del sabor.<\/p>\n","protected":false},"excerpt":{"rendered":"<p>Cerveza de color \u00e1mbar claro con espuma blanca y densa<\/p>\n","protected":false},"featured_media":1342,"comment_status":"closed","ping_status":"closed","template":"","meta":{"_acf_changed":false,"bwfblock_default_font":""},"product_brand":[],"product_cat":[164,132],"product_tag":[],"class_list":{"0":"post-47897","1":"product","2":"type-product","3":"status-publish","4":"has-post-thumbnail","6":"product_cat-cerveza","7":"product_cat-piraat-es","8":"entry","9":"has-media","11":"first","12":"instock","13":"taxable","14":"shipping-taxable","15":"purchasable","16":"product-type-simple"},"acf":[],"_links":{"self":[{"href":"https:\/\/www.vansteenberge.com\/es\/wp-json\/wp\/v2\/product\/47897","targetHints":{"allow":["GET"]}}],"collection":[{"href":"https:\/\/www.vansteenberge.com\/es\/wp-json\/wp\/v2\/product"}],"about":[{"href":"https:\/\/www.vansteenberge.com\/es\/wp-json\/wp\/v2\/types\/product"}],"replies":[{"embeddable":true,"href":"https:\/\/www.vansteenberge.com\/es\/wp-json\/wp\/v2\/comments?post=47897"}],"wp:featuredmedia":[{"embeddable":true,"href":"https:\/\/www.vansteenberge.com\/es\/wp-json\/wp\/v2\/media\/1342"}],"wp:attachment":[{"href":"https:\/\/www.vansteenberge.com\/es\/wp-json\/wp\/v2\/media?parent=47897"}],"wp:term":[{"taxonomy":"product_brand","embeddable":true,"href":"https:\/\/www.vansteenberge.com\/es\/wp-json\/wp\/v2\/product_brand?post=47897"},{"taxonomy":"product_cat","embeddable":true,"href":"https:\/\/www.vansteenberge.com\/es\/wp-json\/wp\/v2\/product_cat?post=47897"},{"taxonomy":"product_tag","embeddable":true,"href":"https:\/\/www.vansteenberge.com\/es\/wp-json\/wp\/v2\/product_tag?post=47897"}],"curies":[{"name":"wp","href":"https:\/\/api.w.org\/{rel}","templated":true}]}}