{"id":47932,"date":"2025-02-03T12:57:09","date_gmt":"2025-02-03T11:57:09","guid":{"rendered":"https:\/\/www.vansteenberge.com\/?post_type=product&#038;p=47932"},"modified":"2025-02-19T15:58:52","modified_gmt":"2025-02-19T14:58:52","slug":"augustijn-blond-1-5l","status":"publish","type":"product","link":"https:\/\/www.vansteenberge.com\/es\/product\/augustijn-rubio-kopie-kopie\/","title":{"rendered":"Augustijn Rubio &#8211; 1,5l"},"content":{"rendered":"<p style=\"text-align: center;\"><em><span style=\"font-size: 14px;\">Suavemente dulce, ligeramente amarga y al mismo tiempo muy saciante, as\u00ed se resume esta cerveza rubia. Esta cerveza polifac\u00e9tica tiene un delicioso cuerpo, levadura y es refrescante. <\/span><\/em><br \/>\n<em><span style=\"font-size: 14px;\">Sofie Vanrafelghem<\/span><\/em><\/p>\n<p>Aut\u00e9ntica cerveza rubia de monasterio de fermentaci\u00f3n alta con fermentaci\u00f3n secundaria. Tres variedades diferentes de levadura proporcionan un sabor excepcional con un toque afrutado. Si bebe la cerveza joven (hasta 3 meses despu\u00e9s del embotellado), experimentar\u00e1 un sabor afrutado y a l\u00fapulo. Cuando se deja envejecer la cerveza, el color se vuelve m\u00e1s intenso y el sabor m\u00e1s pronunciado.<\/p>\n<p>&nbsp;<\/p>\n","protected":false},"excerpt":{"rendered":"<p>Cerveza rubia de monasterio de alta fermentaci\u00f3n<\/p>\n","protected":false},"featured_media":52168,"comment_status":"closed","ping_status":"closed","template":"","meta":{"_acf_changed":false,"bwfblock_default_font":""},"product_brand":[],"product_cat":[111,164],"product_tag":[],"class_list":{"0":"post-47932","1":"product","2":"type-product","3":"status-publish","4":"has-post-thumbnail","6":"product_cat-augustijn-es","7":"product_cat-cerveza","8":"entry","9":"has-media","11":"first","12":"instock","13":"taxable","14":"shipping-taxable","15":"purchasable","16":"product-type-simple"},"acf":[],"_links":{"self":[{"href":"https:\/\/www.vansteenberge.com\/es\/wp-json\/wp\/v2\/product\/47932","targetHints":{"allow":["GET"]}}],"collection":[{"href":"https:\/\/www.vansteenberge.com\/es\/wp-json\/wp\/v2\/product"}],"about":[{"href":"https:\/\/www.vansteenberge.com\/es\/wp-json\/wp\/v2\/types\/product"}],"replies":[{"embeddable":true,"href":"https:\/\/www.vansteenberge.com\/es\/wp-json\/wp\/v2\/comments?post=47932"}],"wp:featuredmedia":[{"embeddable":true,"href":"https:\/\/www.vansteenberge.com\/es\/wp-json\/wp\/v2\/media\/52168"}],"wp:attachment":[{"href":"https:\/\/www.vansteenberge.com\/es\/wp-json\/wp\/v2\/media?parent=47932"}],"wp:term":[{"taxonomy":"product_brand","embeddable":true,"href":"https:\/\/www.vansteenberge.com\/es\/wp-json\/wp\/v2\/product_brand?post=47932"},{"taxonomy":"product_cat","embeddable":true,"href":"https:\/\/www.vansteenberge.com\/es\/wp-json\/wp\/v2\/product_cat?post=47932"},{"taxonomy":"product_tag","embeddable":true,"href":"https:\/\/www.vansteenberge.com\/es\/wp-json\/wp\/v2\/product_tag?post=47932"}],"curies":[{"name":"wp","href":"https:\/\/api.w.org\/{rel}","templated":true}]}}