{"id":47981,"date":"2025-02-03T13:57:15","date_gmt":"2025-02-03T12:57:15","guid":{"rendered":"https:\/\/www.vansteenberge.com\/?post_type=product&#038;p=47981"},"modified":"2025-02-19T15:59:00","modified_gmt":"2025-02-19T14:59:00","slug":"gulden-draak-brewmaster-75cl","status":"publish","type":"product","link":"https:\/\/www.vansteenberge.com\/es\/product\/gulden-draak-brewmaster-kopie\/","title":{"rendered":"Gulden Draak Maestro cervecero &#8211; 75cl"},"content":{"rendered":"<div class=\"grid__12 grid__6@med flex flex-column flex-justify-center\">\n<div class=\"spacer block--lists\">\n<p style=\"text-align: center;\"><em><span style=\"font-size: 14px;\">Gracias al envejecimiento en madera, obtendr\u00e1s una Gulden Draak m\u00e1s estratificada y compleja en tu vaso. Esta cerveza rica y con cuerpo te permitir\u00e1 descubrir notas de madera con acentos de vainilla o whisky. <\/span><\/em><br \/>\n<em><span style=\"font-size: 14px;\">Sofie Vanrafelghem<\/span><\/em><\/p>\n<p>&nbsp;<\/p>\n<p>Gulden Draak Brewmaster es una oda de la sexta generaci\u00f3n de maestros cerveceros a las generaciones anteriores de cerveceros de la f\u00e1brica Van Steenberge, a la artesan\u00eda de nuestro arte cervecero tradicional y, en particular, a la quinta generaci\u00f3n de cerveceros: Jozef Van Steenberge, que se sumergi\u00f3 en las cervezas especiales hacia el a\u00f1o 1975, combinadas con los experimentos del nuevo \u00abmundo de la cerveza artesanal\u00bb.<\/p>\n<p>Gulden Draak Familia Brewmaster<br \/>\nEn el Gulden Draak Brewmaster, los cerveceros envejecer\u00e1n la cerveza base del Gulden Draak Classic en barriles de madera derivados de bebidas espirituosas, seg\u00fan disponibilidad.<\/p>\n<\/div>\n<\/div>\n","protected":false},"excerpt":{"rendered":"<p>Una oda a seis generaciones de maestros cerveceros.<\/p>\n","protected":false},"featured_media":1290,"comment_status":"closed","ping_status":"closed","template":"","meta":{"_acf_changed":false,"bwfblock_default_font":""},"product_brand":[],"product_cat":[164,107],"product_tag":[],"class_list":{"0":"post-47981","1":"product","2":"type-product","3":"status-publish","4":"has-post-thumbnail","6":"product_cat-cerveza","7":"product_cat-gulden-draak-es","8":"entry","9":"has-media","11":"first","12":"instock","13":"taxable","14":"shipping-taxable","15":"purchasable","16":"product-type-simple"},"acf":[],"_links":{"self":[{"href":"https:\/\/www.vansteenberge.com\/es\/wp-json\/wp\/v2\/product\/47981","targetHints":{"allow":["GET"]}}],"collection":[{"href":"https:\/\/www.vansteenberge.com\/es\/wp-json\/wp\/v2\/product"}],"about":[{"href":"https:\/\/www.vansteenberge.com\/es\/wp-json\/wp\/v2\/types\/product"}],"replies":[{"embeddable":true,"href":"https:\/\/www.vansteenberge.com\/es\/wp-json\/wp\/v2\/comments?post=47981"}],"wp:featuredmedia":[{"embeddable":true,"href":"https:\/\/www.vansteenberge.com\/es\/wp-json\/wp\/v2\/media\/1290"}],"wp:attachment":[{"href":"https:\/\/www.vansteenberge.com\/es\/wp-json\/wp\/v2\/media?parent=47981"}],"wp:term":[{"taxonomy":"product_brand","embeddable":true,"href":"https:\/\/www.vansteenberge.com\/es\/wp-json\/wp\/v2\/product_brand?post=47981"},{"taxonomy":"product_cat","embeddable":true,"href":"https:\/\/www.vansteenberge.com\/es\/wp-json\/wp\/v2\/product_cat?post=47981"},{"taxonomy":"product_tag","embeddable":true,"href":"https:\/\/www.vansteenberge.com\/es\/wp-json\/wp\/v2\/product_tag?post=47981"}],"curies":[{"name":"wp","href":"https:\/\/api.w.org\/{rel}","templated":true}]}}