{"id":48332,"date":"2025-01-17T11:57:47","date_gmt":"2025-01-17T10:57:47","guid":{"rendered":"https:\/\/www.vansteenberge.com\/product\/gulden-draak-cuvee-prestige-cognac-75cl\/"},"modified":"2025-02-19T15:58:43","modified_gmt":"2025-02-19T14:58:43","slug":"gulden-draak-cuvee-prestige-cognac-75cl","status":"publish","type":"product","link":"https:\/\/www.vansteenberge.com\/es\/product\/gulden-draak-cuvee-prestige-cognac-75cl\/","title":{"rendered":"Gulden Draak Co\u00f1ac Cuv\u00e9e Prestige 75cl"},"content":{"rendered":"<p class=\"p1\"><i>Gulden Draak El co\u00f1ac Cuv\u00e9e Prestige ha madurado durante 17 semanas <\/i><i>en barricas originales de co\u00f1ac franc\u00e9s, garantizando <\/i> <i>un sabor \u00fanico. Esta maduraci\u00f3n proporciona a la cerveza una c\u00e1lida  <\/i><i>aromas de frutos secos, nueces tostadas, vainilla  <\/i><i>y especias. Estos olores llenan a los poderosos,  <\/i><i>perfectamente las notas malteadas de Gulden Draak, mientras que los <\/i><i>acentos c\u00e1lidos del co\u00f1ac proporcionan <\/i><i>un final sedoso e intenso.<\/i><\/p>\n<p class=\"p2\"><i>El co\u00f1ac Gulden Draak Cuv\u00e9e Prestige ofrece un <\/i><i>sabor rico y con cuerpo en el que se descubren nuevos detalles cada vez <\/i> <i>convertirse. Esta edici\u00f3n exclusiva es un  <\/i><i>para los amantes de la mezcla de <\/i><i>la elaboraci\u00f3n de cerveza y la destilaci\u00f3n.<\/i><\/p>\n","protected":false},"excerpt":{"rendered":"<p>Envejecido durante 17 semanas en aut\u00e9nticas barricas de co\u00f1ac franc\u00e9s<\/p>\n","protected":false},"featured_media":47365,"comment_status":"closed","ping_status":"closed","template":"","meta":{"_acf_changed":false,"bwfblock_default_font":""},"product_brand":[],"product_cat":[164,107],"product_tag":[190],"class_list":{"0":"post-48332","1":"product","2":"type-product","3":"status-publish","4":"has-post-thumbnail","6":"product_cat-cerveza","7":"product_cat-gulden-draak-es","8":"product_tag-hide-in-carousel-es","9":"entry","10":"has-media","12":"first","13":"instock","14":"taxable","15":"shipping-taxable","16":"purchasable","17":"product-type-simple"},"acf":[],"_links":{"self":[{"href":"https:\/\/www.vansteenberge.com\/es\/wp-json\/wp\/v2\/product\/48332","targetHints":{"allow":["GET"]}}],"collection":[{"href":"https:\/\/www.vansteenberge.com\/es\/wp-json\/wp\/v2\/product"}],"about":[{"href":"https:\/\/www.vansteenberge.com\/es\/wp-json\/wp\/v2\/types\/product"}],"replies":[{"embeddable":true,"href":"https:\/\/www.vansteenberge.com\/es\/wp-json\/wp\/v2\/comments?post=48332"}],"wp:featuredmedia":[{"embeddable":true,"href":"https:\/\/www.vansteenberge.com\/es\/wp-json\/wp\/v2\/media\/47365"}],"wp:attachment":[{"href":"https:\/\/www.vansteenberge.com\/es\/wp-json\/wp\/v2\/media?parent=48332"}],"wp:term":[{"taxonomy":"product_brand","embeddable":true,"href":"https:\/\/www.vansteenberge.com\/es\/wp-json\/wp\/v2\/product_brand?post=48332"},{"taxonomy":"product_cat","embeddable":true,"href":"https:\/\/www.vansteenberge.com\/es\/wp-json\/wp\/v2\/product_cat?post=48332"},{"taxonomy":"product_tag","embeddable":true,"href":"https:\/\/www.vansteenberge.com\/es\/wp-json\/wp\/v2\/product_tag?post=48332"}],"curies":[{"name":"wp","href":"https:\/\/api.w.org\/{rel}","templated":true}]}}