{"id":48334,"date":"2025-01-13T11:14:34","date_gmt":"2025-01-13T10:14:34","guid":{"rendered":"https:\/\/www.vansteenberge.com\/product\/gulden-draak-cuvee-prestige-porto-75cl\/"},"modified":"2025-02-19T15:58:42","modified_gmt":"2025-02-19T14:58:42","slug":"gulden-draak-cuvee-prestige-porto-75cl","status":"publish","type":"product","link":"https:\/\/www.vansteenberge.com\/es\/product\/gulden-draak-cuvee-prestige-porto-75cl\/","title":{"rendered":"Gulden Draak Oporto Cuv\u00e9e Prestige 75cl"},"content":{"rendered":"<p><span style=\"background-color: var(--wpex-palette-79-color);\">Este Gulden Draak Cuv\u00e9e Prestige ha madurado nada menos que 17 semanas en aut\u00e9nticas barricas de oporto del famoso valle del Duero, en Portugal. La maduraci\u00f3n en estas barricas aporta las intensas capas de sabor y aromas del oporto en armon\u00eda con las ricas y oscuras notas de Gulden Draak. El Oporto es conocido por su color rojo intenso, sus sabores robustos de frutos rojos maduros, higos secos, miel y sutiles notas de roble. Durante el envejecimiento, Gulden Draak absorbe estos aromas, dando lugar a un sabor profundo y estratificado con un final aterciopelado.   <\/span><\/p>\n","protected":false},"excerpt":{"rendered":"<p>Envejecido durante 17 semanas en aut\u00e9nticos barriles de oporto del famoso Valle del Duero en Portugal<\/p>\n","protected":false},"featured_media":47370,"comment_status":"closed","ping_status":"closed","template":"","meta":{"_acf_changed":false,"bwfblock_default_font":""},"product_brand":[],"product_cat":[164,107],"product_tag":[190],"class_list":{"0":"post-48334","1":"product","2":"type-product","3":"status-publish","4":"has-post-thumbnail","6":"product_cat-cerveza","7":"product_cat-gulden-draak-es","8":"product_tag-hide-in-carousel-es","9":"entry","10":"has-media","12":"first","13":"outofstock","14":"taxable","15":"shipping-taxable","16":"purchasable","17":"product-type-simple"},"acf":[],"_links":{"self":[{"href":"https:\/\/www.vansteenberge.com\/es\/wp-json\/wp\/v2\/product\/48334","targetHints":{"allow":["GET"]}}],"collection":[{"href":"https:\/\/www.vansteenberge.com\/es\/wp-json\/wp\/v2\/product"}],"about":[{"href":"https:\/\/www.vansteenberge.com\/es\/wp-json\/wp\/v2\/types\/product"}],"replies":[{"embeddable":true,"href":"https:\/\/www.vansteenberge.com\/es\/wp-json\/wp\/v2\/comments?post=48334"}],"wp:featuredmedia":[{"embeddable":true,"href":"https:\/\/www.vansteenberge.com\/es\/wp-json\/wp\/v2\/media\/47370"}],"wp:attachment":[{"href":"https:\/\/www.vansteenberge.com\/es\/wp-json\/wp\/v2\/media?parent=48334"}],"wp:term":[{"taxonomy":"product_brand","embeddable":true,"href":"https:\/\/www.vansteenberge.com\/es\/wp-json\/wp\/v2\/product_brand?post=48334"},{"taxonomy":"product_cat","embeddable":true,"href":"https:\/\/www.vansteenberge.com\/es\/wp-json\/wp\/v2\/product_cat?post=48334"},{"taxonomy":"product_tag","embeddable":true,"href":"https:\/\/www.vansteenberge.com\/es\/wp-json\/wp\/v2\/product_tag?post=48334"}],"curies":[{"name":"wp","href":"https:\/\/api.w.org\/{rel}","templated":true}]}}