{"id":48382,"date":"2024-03-01T10:25:05","date_gmt":"2024-03-01T09:25:05","guid":{"rendered":"https:\/\/www.vansteenberge.com\/?post_type=product&#038;p=48382"},"modified":"2025-02-19T15:58:24","modified_gmt":"2025-02-19T14:58:24","slug":"gulden-draak-classic-4-jaar-rijping-75cl","status":"publish","type":"product","link":"https:\/\/www.vansteenberge.com\/es\/product\/gulden-draak-classic-4-jaar-rijping-75cl\/","title":{"rendered":"Gulden Draak Cl\u00e1sico 4 a\u00f1os 75cl"},"content":{"rendered":"<div class=\"spacer block--lists\">\n<div class=\"\" data-block=\"true\" data-editor=\"70bji\" data-offset-key=\"8s6oa-0-0\">Mientras marzo nos conduce lentamente al final del invierno, esta cerveza aporta un toque de anticipaci\u00f3n a la llegada de la primavera. Con una maduraci\u00f3n de cuatro a\u00f1os y una fermentaci\u00f3n secundaria \u00fanica con levadura de vino, esta cerveza viva evoluciona con cada sorbo. Saborea la profundidad de la maduraci\u00f3n con sus complejos sabores a caramelo, malta tostada y sutiles notas de caf\u00e9. D\u00e9jate hechizar por la leyenda intemporal de Gulden Draak y descubre por qu\u00e9 sigue encantando a los mejores conocedores de cerveza del mundo.   <\/div>\n<div class=\"\" data-block=\"true\" data-editor=\"70bji\" data-offset-key=\"2kgt0-0-0\">\n<div class=\"_1mf _1mj\" data-offset-key=\"2kgt0-0-0\"><span data-offset-key=\"2kgt0-0-0\"> <\/span><\/div>\n<\/div>\n<div class=\"\" data-block=\"true\" data-editor=\"70bji\" data-offset-key=\"17tkt-0-0\">\n<div class=\"_1mf _1mj\" data-offset-key=\"17tkt-0-0\">\n<p><span data-offset-key=\"17tkt-0-0\">Existencias limitadas.<\/span><\/p>\n<p>&nbsp;<\/p>\n<\/div>\n<\/div>\n<\/div>\n<div class=\"spacer block--lists\">\n<\/div>\n","protected":false},"excerpt":{"rendered":"<p>El aut\u00e9ntico triple rojo rub\u00ed<\/p>\n","protected":false},"featured_media":4023,"comment_status":"closed","ping_status":"closed","template":"","meta":{"_acf_changed":false,"bwfblock_default_font":""},"product_brand":[],"product_cat":[164,107],"product_tag":[190],"class_list":{"0":"post-48382","1":"product","2":"type-product","3":"status-publish","4":"has-post-thumbnail","6":"product_cat-cerveza","7":"product_cat-gulden-draak-es","8":"product_tag-hide-in-carousel-es","9":"entry","10":"has-media","12":"first","13":"outofstock","14":"taxable","15":"shipping-taxable","16":"purchasable","17":"product-type-simple"},"acf":[],"_links":{"self":[{"href":"https:\/\/www.vansteenberge.com\/es\/wp-json\/wp\/v2\/product\/48382","targetHints":{"allow":["GET"]}}],"collection":[{"href":"https:\/\/www.vansteenberge.com\/es\/wp-json\/wp\/v2\/product"}],"about":[{"href":"https:\/\/www.vansteenberge.com\/es\/wp-json\/wp\/v2\/types\/product"}],"replies":[{"embeddable":true,"href":"https:\/\/www.vansteenberge.com\/es\/wp-json\/wp\/v2\/comments?post=48382"}],"wp:featuredmedia":[{"embeddable":true,"href":"https:\/\/www.vansteenberge.com\/es\/wp-json\/wp\/v2\/media\/4023"}],"wp:attachment":[{"href":"https:\/\/www.vansteenberge.com\/es\/wp-json\/wp\/v2\/media?parent=48382"}],"wp:term":[{"taxonomy":"product_brand","embeddable":true,"href":"https:\/\/www.vansteenberge.com\/es\/wp-json\/wp\/v2\/product_brand?post=48382"},{"taxonomy":"product_cat","embeddable":true,"href":"https:\/\/www.vansteenberge.com\/es\/wp-json\/wp\/v2\/product_cat?post=48382"},{"taxonomy":"product_tag","embeddable":true,"href":"https:\/\/www.vansteenberge.com\/es\/wp-json\/wp\/v2\/product_tag?post=48382"}],"curies":[{"name":"wp","href":"https:\/\/api.w.org\/{rel}","templated":true}]}}