{"id":48616,"date":"2025-03-12T11:45:15","date_gmt":"2025-03-12T10:45:15","guid":{"rendered":"https:\/\/www.vansteenberge.com\/?post_type=product&#038;p=48616"},"modified":"2025-05-13T11:24:24","modified_gmt":"2025-05-13T09:24:24","slug":"gulden-draak-blond-33cl","status":"publish","type":"product","link":"https:\/\/www.vansteenberge.com\/es\/product\/gulden-draak-blond-33cl\/","title":{"rendered":"Gulden Draak Blond &#8211; 33cl"},"content":{"rendered":"<p>Esta cerveza rubia de fermentaci\u00f3n alta con fermentaci\u00f3n secundaria contiene un aroma con mucho cuerpo y tiene un perfecto equilibrio dulce-amargo con un agradable regusto. Una cerveza de sabor rubio para disfrutar durante mucho tiempo.<\/p>\n<p>La fermentaci\u00f3n tanto en botella como en barrica garantiza a\u00f1os de conservaci\u00f3n con evoluci\u00f3n del sabor.<\/p>\n","protected":false},"excerpt":{"rendered":"<p>Cerveza rubia de fermentaci\u00f3n alta con fermentaci\u00f3n secundaria.<\/p>\n","protected":false},"featured_media":48601,"comment_status":"closed","ping_status":"closed","template":"","meta":{"_acf_changed":false,"bwfblock_default_font":""},"product_brand":[],"product_cat":[164,107],"product_tag":[],"class_list":{"0":"post-48616","1":"product","2":"type-product","3":"status-publish","4":"has-post-thumbnail","6":"product_cat-cerveza","7":"product_cat-gulden-draak-es","8":"entry","9":"has-media","11":"first","12":"instock","13":"taxable","14":"shipping-taxable","15":"purchasable","16":"product-type-simple"},"acf":[],"_links":{"self":[{"href":"https:\/\/www.vansteenberge.com\/es\/wp-json\/wp\/v2\/product\/48616","targetHints":{"allow":["GET"]}}],"collection":[{"href":"https:\/\/www.vansteenberge.com\/es\/wp-json\/wp\/v2\/product"}],"about":[{"href":"https:\/\/www.vansteenberge.com\/es\/wp-json\/wp\/v2\/types\/product"}],"replies":[{"embeddable":true,"href":"https:\/\/www.vansteenberge.com\/es\/wp-json\/wp\/v2\/comments?post=48616"}],"wp:featuredmedia":[{"embeddable":true,"href":"https:\/\/www.vansteenberge.com\/es\/wp-json\/wp\/v2\/media\/48601"}],"wp:attachment":[{"href":"https:\/\/www.vansteenberge.com\/es\/wp-json\/wp\/v2\/media?parent=48616"}],"wp:term":[{"taxonomy":"product_brand","embeddable":true,"href":"https:\/\/www.vansteenberge.com\/es\/wp-json\/wp\/v2\/product_brand?post=48616"},{"taxonomy":"product_cat","embeddable":true,"href":"https:\/\/www.vansteenberge.com\/es\/wp-json\/wp\/v2\/product_cat?post=48616"},{"taxonomy":"product_tag","embeddable":true,"href":"https:\/\/www.vansteenberge.com\/es\/wp-json\/wp\/v2\/product_tag?post=48616"}],"curies":[{"name":"wp","href":"https:\/\/api.w.org\/{rel}","templated":true}]}}