{"id":5215,"date":"2024-05-14T07:52:54","date_gmt":"2024-05-14T05:52:54","guid":{"rendered":"https:\/\/www.vansteenberge.com\/?post_type=product&#038;p=5215"},"modified":"2025-02-19T15:58:26","modified_gmt":"2025-02-19T14:58:26","slug":"de-garre-geschenkbox","status":"publish","type":"product","link":"https:\/\/www.vansteenberge.com\/es\/product\/la-serie-gold-label-kopie\/","title":{"rendered":"NUEVO &#8211; Estuche de regalo De Garre"},"content":{"rendered":"<h4>Nuevo en la tienda<\/h4>\n<p>11% ALC. VOL.<\/p>\n<p>6x De Garre 33cl<\/p>\n<p>La Tripel de De Garre es una cerveza de fermentaci\u00f3n alta con mucho cuerpo, es m\u00e1s bien suave y tiene un regusto ligeramente amargo. El proceso de elaboraci\u00f3n de la tripel se desarrolla en cinco etapas y dura varios meses. Comienza en la sala de elaboraci\u00f3n y termina en una sala donde la temperatura es constantemente de 22\u00b0C. \u00a1Una oda al triple!<\/p>\n","protected":false},"excerpt":{"rendered":"<p>De Garre &#8211; Caja regalo<\/p>\n","protected":false},"featured_media":5222,"comment_status":"closed","ping_status":"closed","template":"","meta":{"_acf_changed":false,"bwfblock_default_font":""},"product_brand":[],"product_cat":[137],"product_tag":[],"class_list":{"0":"post-5215","1":"product","2":"type-product","3":"status-publish","4":"has-post-thumbnail","6":"product_cat-paquete-de-regalo","7":"entry","8":"has-media","10":"first","11":"outofstock","12":"taxable","13":"shipping-taxable","14":"purchasable","15":"product-type-simple"},"acf":[],"_links":{"self":[{"href":"https:\/\/www.vansteenberge.com\/es\/wp-json\/wp\/v2\/product\/5215","targetHints":{"allow":["GET"]}}],"collection":[{"href":"https:\/\/www.vansteenberge.com\/es\/wp-json\/wp\/v2\/product"}],"about":[{"href":"https:\/\/www.vansteenberge.com\/es\/wp-json\/wp\/v2\/types\/product"}],"replies":[{"embeddable":true,"href":"https:\/\/www.vansteenberge.com\/es\/wp-json\/wp\/v2\/comments?post=5215"}],"wp:featuredmedia":[{"embeddable":true,"href":"https:\/\/www.vansteenberge.com\/es\/wp-json\/wp\/v2\/media\/5222"}],"wp:attachment":[{"href":"https:\/\/www.vansteenberge.com\/es\/wp-json\/wp\/v2\/media?parent=5215"}],"wp:term":[{"taxonomy":"product_brand","embeddable":true,"href":"https:\/\/www.vansteenberge.com\/es\/wp-json\/wp\/v2\/product_brand?post=5215"},{"taxonomy":"product_cat","embeddable":true,"href":"https:\/\/www.vansteenberge.com\/es\/wp-json\/wp\/v2\/product_cat?post=5215"},{"taxonomy":"product_tag","embeddable":true,"href":"https:\/\/www.vansteenberge.com\/es\/wp-json\/wp\/v2\/product_tag?post=5215"}],"curies":[{"name":"wp","href":"https:\/\/api.w.org\/{rel}","templated":true}]}}