{"id":2010,"date":"2023-08-03T06:17:18","date_gmt":"2023-08-03T04:17:18","guid":{"rendered":"https:\/\/www.vansteenberge.com\/actualites\/"},"modified":"2024-02-20T13:16:12","modified_gmt":"2024-02-20T12:16:12","slug":"actualites","status":"publish","type":"page","link":"https:\/\/www.vansteenberge.com\/fr\/actualites\/","title":{"rendered":"Actualit\u00e9s"},"content":{"rendered":"<div class=\"wpb-content-wrapper\">[vc_row el_class=\u00a0\u00bbpadding-row\u00a0\u00bb][vc_column]<div class=\"wpex-post-cards wpex-post-cards-template_2817 wpex-mb-0 wpex-relative\"><div class=\"wpex-post-cards-inner\"><div class=\"wpex-post-cards-loop wpex-post-cards-grid wpex-grid wpex-grid-cols-3 wpex-pp-grid-cols-1 wpex-gap-0\"><div class=\"wpex-post-cards-entry wpex-flex wpex-flex-col wpex-flex-grow post-52750 type-post cat-54\"><div class=\"wpex-card wpex-card-template_2817 blog-card\"><a href=\"https:\/\/www.vansteenberge.com\/fr\/12-medailles-op-de-prestigieuze-world-beer-awards-2025\/\" aria-label=\"12 M\u00e9dailles aux prestigieux World Beer Awards 2025\" class=\"wpex-card-inner wpex-no-underline wpex-inherit-color\"><div class=\"vc_row wpb_row vc_row-fluid vc_row-o-content-bottom vc_row-flex wpex-relative wpex-vc_row-has-fill wpex-vc-reset-negative-margin typography-white wpex-has-overlay wpex-has-overlay--69f3dcfb2f72b\" style=\"background-image:url(https:\/\/www.vansteenberge.com\/wp-content\/uploads\/2025\/08\/Gulden-Draak-Piraat-Fourchette-World-Beer-Award-Bronze-2.jpg)!important;min-height:500px;background-position:center center!important;background-size:cover!important;\"><div class=\"wpex-bg-overlay-wrap wpex-absolute wpex-inset-0 wpex-rounded-inherit\"><style class=\"wpex-bg-overlay-css\">.wpex-has-overlay--69f3dcfb2f72b > .wpex-bg-overlay-wrap .wpex-bg-overlay{opacity:0.3;}<\/style><span class=\"wpex-bg-overlay dark wpex-absolute wpex-inset-0 wpex-rounded-inherit wpex-duration-500 wpex-opacity-60 wpex-bg-black\"><\/span><\/div><div class=\"wpb_column vc_column_container vc_col-sm-12\"><div class=\"vc_column-inner\"><div class=\"wpb_wrapper\"><h3 class=\"vcex-heading vcex-heading-bottom-border vcex-module wpex-heading wpex-text-2xl wpex-h3 wpex-border-b wpex-border-solid wpex-border-main\"><span class=\"vcex-heading-inner wpex-inline-block\">12 M\u00e9dailles aux prestigieux World Beer Awards 2025<\/span><\/h3><div class=\"vcex-spacing wpex-w-100 wpex-clear\"><\/div><span href=\"https:\/\/www.vansteenberge.com\/fr\/12-medailles-op-de-prestigieuze-world-beer-awards-2025\/\" class=\"vcex-button theme-txt-link wpex-inline-block inline\"><span class=\"vcex-button-inner theme-button-inner wpex-flex wpex-flex-wrap wpex-items-center wpex-justify-center\">En savoir plus<\/span><\/span> <\/div><\/div><\/div><\/div>\r\n<\/a><\/div><\/div><div class=\"wpex-post-cards-entry wpex-flex wpex-flex-col wpex-flex-grow post-35003 type-post cat-54 translation_priority-92 translation_priority-91\"><div class=\"wpex-card wpex-card-template_2817 blog-card\"><a href=\"https:\/\/www.vansteenberge.com\/fr\/nouveau-grand-cru-fourchette-2\/\" aria-label=\"NOUVEAU GRAND CRU FOURCHETTE\" class=\"wpex-card-inner wpex-no-underline wpex-inherit-color\"><div class=\"vc_row wpb_row vc_row-fluid vc_row-o-content-bottom vc_row-flex wpex-relative wpex-vc_row-has-fill wpex-vc-reset-negative-margin typography-white wpex-has-overlay wpex-has-overlay--69f3dcfb35fe6\" style=\"background-image:url(https:\/\/www.vansteenberge.com\/wp-content\/uploads\/2024\/10\/FOURCHETTE_GRAND_CRU_Vermouth.png)!important;min-height:500px;background-position:center center!important;background-size:cover!important;\"><div class=\"wpex-bg-overlay-wrap wpex-absolute wpex-inset-0 wpex-rounded-inherit\"><style class=\"wpex-bg-overlay-css\">.wpex-has-overlay--69f3dcfb35fe6 > .wpex-bg-overlay-wrap .wpex-bg-overlay{opacity:0.3;}<\/style><span class=\"wpex-bg-overlay dark wpex-absolute wpex-inset-0 wpex-rounded-inherit wpex-duration-500 wpex-opacity-60 wpex-bg-black\"><\/span><\/div><div class=\"wpb_column vc_column_container vc_col-sm-12\"><div class=\"vc_column-inner\"><div class=\"wpb_wrapper\"><h3 class=\"vcex-heading vcex-heading-bottom-border vcex-module wpex-heading wpex-text-2xl wpex-h3 wpex-border-b wpex-border-solid wpex-border-main\"><span class=\"vcex-heading-inner wpex-inline-block\">NOUVEAU GRAND CRU FOURCHETTE<\/span><\/h3><div class=\"vcex-spacing wpex-w-100 wpex-clear\"><\/div><span href=\"https:\/\/www.vansteenberge.com\/fr\/nouveau-grand-cru-fourchette-2\/\" class=\"vcex-button theme-txt-link wpex-inline-block inline\"><span class=\"vcex-button-inner theme-button-inner wpex-flex wpex-flex-wrap wpex-items-center wpex-justify-center\">En savoir plus<\/span><\/span> <\/div><\/div><\/div><\/div>\r\n<\/a><\/div><\/div><div class=\"wpex-post-cards-entry wpex-flex wpex-flex-col wpex-flex-grow post-3591 type-post cat-54 translation_priority-92\"><div class=\"wpex-card wpex-card-template_2817 blog-card\"><a href=\"https:\/\/www.vansteenberge.com\/fr\/bouw-gestart-nieuwe-vatenlijn\/\" aria-label=\"D\u00e9but de la construction d&rsquo;une nouvelle ligne de barriques\" class=\"wpex-card-inner wpex-no-underline wpex-inherit-color\"><div class=\"vc_row wpb_row vc_row-fluid vc_row-o-content-bottom vc_row-flex wpex-relative wpex-vc_row-has-fill wpex-vc-reset-negative-margin typography-white wpex-has-overlay wpex-has-overlay--69f3dcfb37851\" style=\"background-image:url(https:\/\/www.vansteenberge.com\/wp-content\/uploads\/2024\/06\/Brouwerij-Van-Steenberge_nieuwe-vatenlijn_LR_01.png)!important;min-height:500px;background-position:center center!important;background-size:cover!important;\"><div class=\"wpex-bg-overlay-wrap wpex-absolute wpex-inset-0 wpex-rounded-inherit\"><style class=\"wpex-bg-overlay-css\">.wpex-has-overlay--69f3dcfb37851 > .wpex-bg-overlay-wrap .wpex-bg-overlay{opacity:0.3;}<\/style><span class=\"wpex-bg-overlay dark wpex-absolute wpex-inset-0 wpex-rounded-inherit wpex-duration-500 wpex-opacity-60 wpex-bg-black\"><\/span><\/div><div class=\"wpb_column vc_column_container vc_col-sm-12\"><div class=\"vc_column-inner\"><div class=\"wpb_wrapper\"><h3 class=\"vcex-heading vcex-heading-bottom-border vcex-module wpex-heading wpex-text-2xl wpex-h3 wpex-border-b wpex-border-solid wpex-border-main\"><span class=\"vcex-heading-inner wpex-inline-block\">D\u00e9but de la construction d&rsquo;une nouvelle ligne de barriques<\/span><\/h3><div class=\"vcex-spacing wpex-w-100 wpex-clear\"><\/div><span href=\"https:\/\/www.vansteenberge.com\/fr\/bouw-gestart-nieuwe-vatenlijn\/\" class=\"vcex-button theme-txt-link wpex-inline-block inline\"><span class=\"vcex-button-inner theme-button-inner wpex-flex wpex-flex-wrap wpex-items-center wpex-justify-center\">En savoir plus<\/span><\/span> <\/div><\/div><\/div><\/div>\r\n<\/a><\/div><\/div><div class=\"wpex-post-cards-entry wpex-flex wpex-flex-col wpex-flex-grow post-3599 type-post cat-54 translation_priority-92\"><div class=\"wpex-card wpex-card-template_2817 blog-card\"><a href=\"https:\/\/www.vansteenberge.com\/fr\/onderscheiding-voor-onze-bieren\/\" aria-label=\"R\u00e9compense pour nos bi\u00e8res\" class=\"wpex-card-inner wpex-no-underline wpex-inherit-color\"><div class=\"vc_row wpb_row vc_row-fluid vc_row-o-content-bottom vc_row-flex wpex-relative wpex-vc_row-has-fill wpex-vc-reset-negative-margin typography-white wpex-has-overlay wpex-has-overlay--69f3dcfb3908b\" style=\"background-image:url(https:\/\/www.vansteenberge.com\/wp-content\/uploads\/2023\/10\/Awards_GuldenDraak_Piraat_Baptist.png)!important;min-height:500px;background-position:center center!important;background-size:cover!important;\"><div class=\"wpex-bg-overlay-wrap wpex-absolute wpex-inset-0 wpex-rounded-inherit\"><style class=\"wpex-bg-overlay-css\">.wpex-has-overlay--69f3dcfb3908b > .wpex-bg-overlay-wrap .wpex-bg-overlay{opacity:0.3;}<\/style><span class=\"wpex-bg-overlay dark wpex-absolute wpex-inset-0 wpex-rounded-inherit wpex-duration-500 wpex-opacity-60 wpex-bg-black\"><\/span><\/div><div class=\"wpb_column vc_column_container vc_col-sm-12\"><div class=\"vc_column-inner\"><div class=\"wpb_wrapper\"><h3 class=\"vcex-heading vcex-heading-bottom-border vcex-module wpex-heading wpex-text-2xl wpex-h3 wpex-border-b wpex-border-solid wpex-border-main\"><span class=\"vcex-heading-inner wpex-inline-block\">R\u00e9compense pour nos bi\u00e8res<\/span><\/h3><div class=\"vcex-spacing wpex-w-100 wpex-clear\"><\/div><span href=\"https:\/\/www.vansteenberge.com\/fr\/onderscheiding-voor-onze-bieren\/\" class=\"vcex-button theme-txt-link wpex-inline-block inline\"><span class=\"vcex-button-inner theme-button-inner wpex-flex wpex-flex-wrap wpex-items-center wpex-justify-center\">En savoir plus<\/span><\/span> <\/div><\/div><\/div><\/div>\r\n<\/a><\/div><\/div><div class=\"wpex-post-cards-entry wpex-flex wpex-flex-col wpex-flex-grow post-2202 type-post cat-54 translation_priority-91\"><div class=\"wpex-card wpex-card-template_2817 blog-card\"><a href=\"https:\/\/www.vansteenberge.com\/fr\/nouveau-grand-cru-fourchette\/\" aria-label=\"NOUVEAU GRAND CRU FOURCHETTE\" class=\"wpex-card-inner wpex-no-underline wpex-inherit-color\"><div class=\"vc_row wpb_row vc_row-fluid vc_row-o-content-bottom vc_row-flex wpex-relative wpex-vc_row-has-fill wpex-vc-reset-negative-margin typography-white wpex-has-overlay wpex-has-overlay--69f3dcfb3a7ec\" style=\"background-image:url(https:\/\/www.vansteenberge.com\/wp-content\/uploads\/2023\/09\/FOURCHETTE_GRAND_CRU_Brouwerij_Van_Steenberge.jpg)!important;min-height:500px;background-position:center center!important;background-size:cover!important;\"><div class=\"wpex-bg-overlay-wrap wpex-absolute wpex-inset-0 wpex-rounded-inherit\"><style class=\"wpex-bg-overlay-css\">.wpex-has-overlay--69f3dcfb3a7ec > .wpex-bg-overlay-wrap .wpex-bg-overlay{opacity:0.3;}<\/style><span class=\"wpex-bg-overlay dark wpex-absolute wpex-inset-0 wpex-rounded-inherit wpex-duration-500 wpex-opacity-60 wpex-bg-black\"><\/span><\/div><div class=\"wpb_column vc_column_container vc_col-sm-12\"><div class=\"vc_column-inner\"><div class=\"wpb_wrapper\"><h3 class=\"vcex-heading vcex-heading-bottom-border vcex-module wpex-heading wpex-text-2xl wpex-h3 wpex-border-b wpex-border-solid wpex-border-main\"><span class=\"vcex-heading-inner wpex-inline-block\">NOUVEAU GRAND CRU FOURCHETTE<\/span><\/h3><div class=\"vcex-spacing wpex-w-100 wpex-clear\"><\/div><span href=\"https:\/\/www.vansteenberge.com\/fr\/nouveau-grand-cru-fourchette\/\" class=\"vcex-button theme-txt-link wpex-inline-block inline\"><span class=\"vcex-button-inner theme-button-inner wpex-flex wpex-flex-wrap wpex-items-center wpex-justify-center\">En savoir plus<\/span><\/span> <\/div><\/div><\/div><\/div>\r\n<\/a><\/div><\/div><div class=\"wpex-post-cards-entry wpex-flex wpex-flex-col wpex-flex-grow post-2129 type-post cat-54 translation_priority-92\"><div class=\"wpex-card wpex-card-template_2817 blog-card\"><a href=\"https:\/\/www.vansteenberge.com\/fr\/hopspot-il-y-a-quelque-chose-qui-bourdonne-ici\/\" aria-label=\"Hopspot, il y a quelque chose qui bourdonne ici&#8230;\" class=\"wpex-card-inner wpex-no-underline wpex-inherit-color\"><div class=\"vc_row wpb_row vc_row-fluid vc_row-o-content-bottom vc_row-flex wpex-relative wpex-vc_row-has-fill wpex-vc-reset-negative-margin typography-white wpex-has-overlay wpex-has-overlay--69f3dcfb3bf9d\" style=\"background-image:url(https:\/\/www.vansteenberge.com\/wp-content\/uploads\/2023\/06\/brouwerij_van_steenberge_Hopspot_microbrouwerij_news.png)!important;min-height:500px;background-position:center center!important;background-size:cover!important;\"><div class=\"wpex-bg-overlay-wrap wpex-absolute wpex-inset-0 wpex-rounded-inherit\"><style class=\"wpex-bg-overlay-css\">.wpex-has-overlay--69f3dcfb3bf9d > .wpex-bg-overlay-wrap .wpex-bg-overlay{opacity:0.3;}<\/style><span class=\"wpex-bg-overlay dark wpex-absolute wpex-inset-0 wpex-rounded-inherit wpex-duration-500 wpex-opacity-60 wpex-bg-black\"><\/span><\/div><div class=\"wpb_column vc_column_container vc_col-sm-12\"><div class=\"vc_column-inner\"><div class=\"wpb_wrapper\"><h3 class=\"vcex-heading vcex-heading-bottom-border vcex-module wpex-heading wpex-text-2xl wpex-h3 wpex-border-b wpex-border-solid wpex-border-main\"><span class=\"vcex-heading-inner wpex-inline-block\">Hopspot, il y a quelque chose qui bourdonne ici&#8230;<\/span><\/h3><div class=\"vcex-spacing wpex-w-100 wpex-clear\"><\/div><span href=\"https:\/\/www.vansteenberge.com\/fr\/hopspot-il-y-a-quelque-chose-qui-bourdonne-ici\/\" class=\"vcex-button theme-txt-link wpex-inline-block inline\"><span class=\"vcex-button-inner theme-button-inner wpex-flex wpex-flex-wrap wpex-items-center wpex-justify-center\">En savoir plus<\/span><\/span> <\/div><\/div><\/div><\/div>\r\n<\/a><\/div><\/div><\/div><\/div><div class=\"wpex-post-cards-pagination wpex-mt-30 wpex-first-mt-0\"><div class=\"wpex-pagination wpex-clear wpex-mt-30\"><ul class='page-numbers'>\n\t<li><span aria-label=\"Page 1\" aria-current=\"page\" class=\"page-numbers current\"><span class=\"screen-reader-text\">Page <\/span>1<\/span><\/li>\n\t<li><a aria-label=\"Page 2\" class=\"page-numbers\" href=\"https:\/\/www.vansteenberge.com\/fr\/wp-json\/wp\/v2\/pages\/2010\/page\/2\/\"><span class=\"screen-reader-text\">Page <\/span>2<\/a><\/li>\n\t<li><a aria-label=\"Page 3\" class=\"page-numbers\" href=\"https:\/\/www.vansteenberge.com\/fr\/wp-json\/wp\/v2\/pages\/2010\/page\/3\/\"><span class=\"screen-reader-text\">Page <\/span>3<\/a><\/li>\n\t<li><a class=\"next page-numbers\" href=\"https:\/\/www.vansteenberge.com\/fr\/wp-json\/wp\/v2\/pages\/2010\/page\/2\/\"><span class=\"page-numbers-icon wpex-icon wpex-icon--xs wpex-icon--bidi\" aria-hidden=\"true\"><svg xmlns=\"http:\/\/www.w3.org\/2000\/svg\" viewBox=\"0 0 320 512\"><path d=\"M278.6 233.4c12.5 12.5 12.5 32.8 0 45.3l-160 160c-12.5 12.5-32.8 12.5-45.3 0s-12.5-32.8 0-45.3L210.7 256 73.4 118.6c-12.5-12.5-12.5-32.8 0-45.3s32.8-12.5 45.3 0l160 160z\"\/><\/svg><\/span><span class=\"screen-reader-text\">Suivant<\/span><\/a><\/li>\n<\/ul>\n<\/div><\/div><\/div>[\/vc_column][\/vc_row]\n<\/div>","protected":false},"excerpt":{"rendered":"&#13; Hopspot, c'est une harmonie de saveurs et d'histoires, o\u00f9 la bi\u00e8re saisonni\u00e8re artisanale coule \u00e0 flots. Un endroit o\u00f9 s'installer, verser, c\u00e9l\u00e9brer et vivre.&#13; Microbrasserie&#13; Nous brassons pour une raison : la passion et l'amour du terroir se retrouvent dans chaque bi\u00e8re. Saviez-vous que nous cultivons nous-m\u00eames le houblon de nos bi\u00e8res dans les&hellip;","protected":false},"author":1,"featured_media":1408,"parent":0,"menu_order":0,"comment_status":"closed","ping_status":"closed","template":"","meta":{"_acf_changed":false,"bwfblock_default_font":"","footnotes":""},"class_list":["post-2010","page","type-page","status-publish","has-post-thumbnail","hentry","entry","has-media"],"acf":[],"_links":{"self":[{"href":"https:\/\/www.vansteenberge.com\/fr\/wp-json\/wp\/v2\/pages\/2010","targetHints":{"allow":["GET"]}}],"collection":[{"href":"https:\/\/www.vansteenberge.com\/fr\/wp-json\/wp\/v2\/pages"}],"about":[{"href":"https:\/\/www.vansteenberge.com\/fr\/wp-json\/wp\/v2\/types\/page"}],"author":[{"embeddable":true,"href":"https:\/\/www.vansteenberge.com\/fr\/wp-json\/wp\/v2\/users\/1"}],"replies":[{"embeddable":true,"href":"https:\/\/www.vansteenberge.com\/fr\/wp-json\/wp\/v2\/comments?post=2010"}],"version-history":[{"count":0,"href":"https:\/\/www.vansteenberge.com\/fr\/wp-json\/wp\/v2\/pages\/2010\/revisions"}],"wp:featuredmedia":[{"embeddable":true,"href":"https:\/\/www.vansteenberge.com\/fr\/wp-json\/wp\/v2\/media\/1408"}],"wp:attachment":[{"href":"https:\/\/www.vansteenberge.com\/fr\/wp-json\/wp\/v2\/media?parent=2010"}],"curies":[{"name":"wp","href":"https:\/\/api.w.org\/{rel}","templated":true}]}}