{"id":2018,"date":"2023-08-02T17:54:10","date_gmt":"2023-08-02T15:54:10","guid":{"rendered":"https:\/\/www.vansteenberge.com\/depuis-1784\/"},"modified":"2024-05-15T10:10:45","modified_gmt":"2024-05-15T08:10:45","slug":"depuis-1784","status":"publish","type":"page","link":"https:\/\/www.vansteenberge.com\/fr\/depuis-1784\/","title":{"rendered":"Depuis 1784"},"content":{"rendered":"<div class=\"wpb-content-wrapper\">[vc_row full_width=\u00a0\u00bbstretch_row\u00a0\u00bb equal_height=\u00a0\u00bbyes\u00a0\u00bb el_class=\u00a0\u00bbpadding-row\u00a0\u00bb][vc_column width=\u00a0\u00bb1\/2&Prime;]<h2 class=\"vcex-heading vcex-heading-side-border vcex-module wpex-heading wpex-text-2xl wpex-h2 wpex-flex wpex-items-center\"><span class=\"vcex-heading-inner wpex-inline-block\">Brasserie Van Steenberge,<br \/>\n6 g\u00e9n\u00e9rations de ma\u00eetres brasseurs !<\/span><span class=\"vcex-heading-side-border__border wpex-flex-grow wpex-h-0 wpex-border-solid wpex-border-gray-900 wpex-ml-15 wpex-border-b\"><\/span><\/h2>[vc_column_text]La brasserie a \u00e9t\u00e9 fond\u00e9e par Jean Baptiste De Bruin, mari\u00e9 \u00e0 Angelina Petronella Schelfaut. Apr\u00e8s leur d\u00e9c\u00e8s, la brasserie passe aux mains du neveu Jozef Schelfaut. Sa fille Margriet a \u00e9pous\u00e9 Paul Van Steenberge, qui \u00e9tait un homme politique et un professeur, en plus d&rsquo;\u00eatre brasseur. En 1919, le nom de Brasserie Bios est adopt\u00e9. Plus tard, la succursale est pass\u00e9e aux mains de son fils Jozef Van Steenberge (1962), de son petit-fils Paul Van Steenberge (1990) et de son arri\u00e8re-petit-fils Jef Versele (depuis 1998).[\/vc_column_text]<div class=\"vcex-spacing wpex-w-100 wpex-clear\"><\/div>[\/vc_column][vc_column width=\u00a0\u00bb1\/2&Prime;]<figure class=\"vcex-image vcex-module\"><div class=\"vcex-image-inner wpex-relative wpex-inline-block\"><img width=\"2000\" height=\"1500\" src=\"https:\/\/www.vansteenberge.com\/wp-content\/uploads\/2023\/07\/Sparta_pils_brouwerij_van_steenberge_Eertvelde_meetjesland_01.jpg\" class=\"vcex-image-img wpex-align-middle\" alt=\"\" loading=\"lazy\" decoding=\"async\" srcset=\"https:\/\/www.vansteenberge.com\/wp-content\/uploads\/2023\/07\/Sparta_pils_brouwerij_van_steenberge_Eertvelde_meetjesland_01.jpg 2000w, https:\/\/www.vansteenberge.com\/wp-content\/uploads\/2023\/07\/Sparta_pils_brouwerij_van_steenberge_Eertvelde_meetjesland_01-300x225.jpg 300w, https:\/\/www.vansteenberge.com\/wp-content\/uploads\/2023\/07\/Sparta_pils_brouwerij_van_steenberge_Eertvelde_meetjesland_01-1024x768.jpg 1024w, https:\/\/www.vansteenberge.com\/wp-content\/uploads\/2023\/07\/Sparta_pils_brouwerij_van_steenberge_Eertvelde_meetjesland_01-768x576.jpg 768w, https:\/\/www.vansteenberge.com\/wp-content\/uploads\/2023\/07\/Sparta_pils_brouwerij_van_steenberge_Eertvelde_meetjesland_01-1536x1152.jpg 1536w, https:\/\/www.vansteenberge.com\/wp-content\/uploads\/2023\/07\/Sparta_pils_brouwerij_van_steenberge_Eertvelde_meetjesland_01-600x450.jpg 600w\" sizes=\"auto, (max-width: 2000px) 100vw, 2000px\" \/><\/div><\/figure>[\/vc_column][\/vc_row][vc_row full_width=\u00a0\u00bbstretch_row_content_no_spaces\u00a0\u00bb][vc_column]<style>.vcex-image.vcex_69e8728fb0aaa .vcex-image-img{height:600px;object-position:bottom;}<\/style><figure class=\"vcex-image vcex-module vcex_69e8728fb0aaa\"><div class=\"vcex-image-inner wpex-relative wpex-w-100\"><img width=\"1500\" height=\"502\" src=\"https:\/\/www.vansteenberge.com\/wp-content\/uploads\/2023\/08\/Brouwerij-Van-Steenberge_anno-1957_banner.jpg\" class=\"vcex-image-img wpex-align-middle wpex-w-100 wpex-object-cover\" alt=\"\" loading=\"lazy\" decoding=\"async\" srcset=\"https:\/\/www.vansteenberge.com\/wp-content\/uploads\/2023\/08\/Brouwerij-Van-Steenberge_anno-1957_banner.jpg 1500w, https:\/\/www.vansteenberge.com\/wp-content\/uploads\/2023\/08\/Brouwerij-Van-Steenberge_anno-1957_banner-300x100.jpg 300w, https:\/\/www.vansteenberge.com\/wp-content\/uploads\/2023\/08\/Brouwerij-Van-Steenberge_anno-1957_banner-1024x343.jpg 1024w, https:\/\/www.vansteenberge.com\/wp-content\/uploads\/2023\/08\/Brouwerij-Van-Steenberge_anno-1957_banner-768x257.jpg 768w, https:\/\/www.vansteenberge.com\/wp-content\/uploads\/2023\/08\/Brouwerij-Van-Steenberge_anno-1957_banner-600x201.jpg 600w\" sizes=\"auto, (max-width: 1500px) 100vw, 1500px\" \/><\/div><\/figure>[\/vc_column][\/vc_row][vc_row full_width=\u00a0\u00bbstretch_row\u00a0\u00bb equal_height=\u00a0\u00bbyes\u00a0\u00bb el_class=\u00a0\u00bbpadding-top\u00a0\u00bb][vc_column width=\u00a0\u00bb1\/2&Prime;]<h2 class=\"vcex-heading vcex-heading-side-border vcex-module wpex-heading wpex-text-2xl wpex-h2 wpex-flex wpex-items-center\"><span class=\"vcex-heading-inner wpex-inline-block\">SP\u00c9CIALISTE DE LA BI\u00c8RE VIVANTE.<\/span><span class=\"vcex-heading-side-border__border wpex-flex-grow wpex-h-0 wpex-border-solid wpex-border-gray-900 wpex-ml-15 wpex-border-b\"><\/span><\/h2>[vc_column_text]La brasserie Van Steenberge est experte en mati\u00e8re de bi\u00e8re vivante. Comme aucun autre, nous brassons des bi\u00e8res de fermentation haute en utilisant nos propres levures. Nous ma\u00eetrisons le processus du vieillissement naturel et excellons particuli\u00e8rement dans la fermentation secondaire en bouteille ou en f\u00fbt. Le r\u00e9sultat : des bi\u00e8res dont la saveur \u00e9volue durablement. Nous apprenons et continuons d&rsquo;apprendre. Nous perfectionnons nos processus de production, en brassant de la bi\u00e8re dans des volumes variables, avec une qualit\u00e9 garantie.[\/vc_column_text][\/vc_column][vc_column width=\u00a0\u00bb1\/2&Prime;]<figure class=\"vcex-image vcex-module\"><div class=\"vcex-image-inner wpex-relative wpex-inline-block\"><img width=\"2000\" height=\"1500\" src=\"https:\/\/www.vansteenberge.com\/wp-content\/uploads\/2023\/07\/Brouwerij_van_steenberge_Augustijn_blond_bier_01.jpg\" class=\"vcex-image-img wpex-align-middle wpex-aspect-4-3 wpex-object-cover\" alt=\"\" loading=\"lazy\" decoding=\"async\" srcset=\"https:\/\/www.vansteenberge.com\/wp-content\/uploads\/2023\/07\/Brouwerij_van_steenberge_Augustijn_blond_bier_01.jpg 2000w, https:\/\/www.vansteenberge.com\/wp-content\/uploads\/2023\/07\/Brouwerij_van_steenberge_Augustijn_blond_bier_01-300x225.jpg 300w, https:\/\/www.vansteenberge.com\/wp-content\/uploads\/2023\/07\/Brouwerij_van_steenberge_Augustijn_blond_bier_01-1024x768.jpg 1024w, https:\/\/www.vansteenberge.com\/wp-content\/uploads\/2023\/07\/Brouwerij_van_steenberge_Augustijn_blond_bier_01-768x576.jpg 768w, https:\/\/www.vansteenberge.com\/wp-content\/uploads\/2023\/07\/Brouwerij_van_steenberge_Augustijn_blond_bier_01-1536x1152.jpg 1536w, https:\/\/www.vansteenberge.com\/wp-content\/uploads\/2023\/07\/Brouwerij_van_steenberge_Augustijn_blond_bier_01-600x450.jpg 600w\" sizes=\"auto, (max-width: 2000px) 100vw, 2000px\" \/><\/div><\/figure>[\/vc_column][\/vc_row][vc_row full_width=\u00a0\u00bbstretch_row\u00a0\u00bb equal_height=\u00a0\u00bbyes\u00a0\u00bb el_class=\u00a0\u00bbpadding-row\u00a0\u00bb][vc_column width=\u00a0\u00bb1\/2&Prime;]<figure class=\"vcex-image vcex-module\"><div class=\"vcex-image-inner wpex-relative wpex-inline-block\"><img width=\"2560\" height=\"1707\" src=\"https:\/\/www.vansteenberge.com\/wp-content\/uploads\/2023\/07\/Brouwerij_van_Steenberge_lagertanks_gist_Bier_beer_02-scaled.jpg\" class=\"vcex-image-img wpex-align-middle wpex-aspect-4-3 wpex-object-cover\" alt=\"\" loading=\"lazy\" decoding=\"async\" srcset=\"https:\/\/www.vansteenberge.com\/wp-content\/uploads\/2023\/07\/Brouwerij_van_Steenberge_lagertanks_gist_Bier_beer_02-scaled.jpg 2560w, https:\/\/www.vansteenberge.com\/wp-content\/uploads\/2023\/07\/Brouwerij_van_Steenberge_lagertanks_gist_Bier_beer_02-300x200.jpg 300w, https:\/\/www.vansteenberge.com\/wp-content\/uploads\/2023\/07\/Brouwerij_van_Steenberge_lagertanks_gist_Bier_beer_02-1024x683.jpg 1024w, https:\/\/www.vansteenberge.com\/wp-content\/uploads\/2023\/07\/Brouwerij_van_Steenberge_lagertanks_gist_Bier_beer_02-768x512.jpg 768w, https:\/\/www.vansteenberge.com\/wp-content\/uploads\/2023\/07\/Brouwerij_van_Steenberge_lagertanks_gist_Bier_beer_02-1536x1024.jpg 1536w, https:\/\/www.vansteenberge.com\/wp-content\/uploads\/2023\/07\/Brouwerij_van_Steenberge_lagertanks_gist_Bier_beer_02-2048x1365.jpg 2048w, https:\/\/www.vansteenberge.com\/wp-content\/uploads\/2023\/07\/Brouwerij_van_Steenberge_lagertanks_gist_Bier_beer_02-600x400.jpg 600w, https:\/\/www.vansteenberge.com\/wp-content\/uploads\/2023\/07\/Brouwerij_van_Steenberge_lagertanks_gist_Bier_beer_02-scaled-750x500.jpg 750w\" sizes=\"auto, (max-width: 2560px) 100vw, 2560px\" \/><\/div><\/figure>[\/vc_column][vc_column width=\u00a0\u00bb1\/2&Prime;]<h2 class=\"vcex-heading vcex-heading-side-border vcex-module wpex-heading wpex-text-2xl wpex-h2 wpex-flex wpex-items-center\"><span class=\"vcex-heading-inner wpex-inline-block\">Respecter les connaissances et le savoir-faire<\/span><span class=\"vcex-heading-side-border__border wpex-flex-grow wpex-h-0 wpex-border-solid wpex-border-gray-900 wpex-ml-15 wpex-border-b\"><\/span><\/h2>[vc_column_text]L&rsquo;accent mis sur le processus de brassage traditionnel, combin\u00e9 aux outils technologiques d&rsquo;aujourd&rsquo;hui, permet de cr\u00e9er une riche gamme de bi\u00e8res sp\u00e9ciales qui sont tr\u00e8s appr\u00e9ci\u00e9es dans le pays et \u00e0 l&rsquo;\u00e9tranger. Des cultures de levures uniques, une maturation naturelle et une fermentation secondaire donnent naissance \u00e0 des bi\u00e8res vivantes aux saveurs \u00e9volutives, telles que Augustine, Pirate, Gulden Draak, Fourchette et bien d&rsquo;autres encore. En d&rsquo;autres termes, dans une bonne cave, vous pouvez les conserver en toute s\u00e9curit\u00e9 pendant longtemps.[\/vc_column_text][\/vc_column][\/vc_row][vc_row][vc_column]<div class=\"wpex-template-shortcode\"><div class=\"vc_row wpb_row vc_row-fluid wpex-vc-full-width-row wpex-vc-full-width-row--centered wpex-relative wpex-vc-has-custom-column-spacing wpex-vc-column-spacing-0px\"><div class=\"wpb_column vc_column_container vc_col-sm-6\"><div class=\"vc_column-inner\"><div class=\"wpb_wrapper\"><style>.vcex-image-banner.vcex_69e8728fb9100{min-height:600px;}<\/style><a class=\"vcex-module vcex-image-banner vcex-image-banner-has-link wpex-no-underline wpex-flex wpex-flex-col wpex-w-100 wpex-justify-end wpex-relative wpex-overflow-hidden wpex-bg-gray-900 wpex-text-white wpex-hover-text-white wpex-text-left vcex-has-button vcex_69e8728fb9100\" href=\"https:\/\/www.vansteenberge.com\/fr\/visiter\/\" title=\"Visiter\"><span class=\"vcex-ib-img wpex-block wpex-transition-all wpex-duration-500 wpex-bg-cover wpex-absolute wpex-inset-0\" style=\"background-image:url(https:\/\/www.vansteenberge.com\/wp-content\/uploads\/2023\/06\/20170717-Bar-Baptist-281.png);\"><\/span><div class=\"vcex-ib-overlay wpex-absolute wpex-inset-0 wpex-transition-all wpex-duration-500\"><div class=\"vcex-ib-overlay-bg wpex-absolute wpex-inset-0 wpex-bg-black wpex-opacity-30\"><\/div><\/div><div class=\"vcex-ib-content-wrap wpex-w-100 wpex-transition-all wpex-duration-500 wpex-py-100 wpex-relative\"><div class=\"vcex-ib-content wpex-mr-auto\"><h4 class=\"vcex-ib-title wpex-heading wpex-inherit-color-important\">Pour votre \u00e9v\u00e9nement au Bar Baptist, offrez \u00e0 vos invit\u00e9s une exp\u00e9rience exceptionnelle.<\/h4><div class=\"vcex-ib-button\"><span class=\"vcex-ib-button-inner theme-txt-link\">Plus d&#039;informations<\/span><\/div><\/div><\/div><\/a><\/div><\/div><\/div><div class=\"wpb_column vc_column_container vc_col-sm-6\"><div class=\"vc_column-inner\"><div class=\"wpb_wrapper\"><style>.vcex-image-banner.vcex_69e8728fbb4f6{min-height:600px;}<\/style><a class=\"vcex-module vcex-image-banner vcex-image-banner-has-link wpex-no-underline wpex-flex wpex-flex-col wpex-w-100 wpex-justify-end wpex-relative wpex-overflow-hidden wpex-bg-gray-900 wpex-text-white wpex-hover-text-white wpex-text-left vcex-has-button vcex_69e8728fbb4f6\" href=\"https:\/\/www.vansteenberge.com\/fr\/visiter\/\" title=\"Visiter\"><span class=\"vcex-ib-img wpex-block wpex-transition-all wpex-duration-500 wpex-bg-cover wpex-absolute wpex-inset-0\" style=\"background-image:url(https:\/\/www.vansteenberge.com\/wp-content\/uploads\/2023\/06\/20210421-Fourchette-beer-\u00a9-Chantal-Arnts-2.png);\"><\/span><div class=\"vcex-ib-overlay wpex-absolute wpex-inset-0 wpex-transition-all wpex-duration-500\"><div class=\"vcex-ib-overlay-bg wpex-absolute wpex-inset-0 wpex-bg-black wpex-opacity-30\"><\/div><\/div><div class=\"vcex-ib-content-wrap wpex-w-100 wpex-transition-all wpex-duration-500 wpex-py-100 wpex-relative\"><div class=\"vcex-ib-content wpex-mr-auto\"><h4 class=\"vcex-ib-title wpex-heading wpex-inherit-color-important\">Curieux de conna\u00eetre notre processus de brassage unique ? N&#039;oubliez pas de pr\u00e9voir une visite de brasserie.<\/h4><div class=\"vcex-ib-button\"><span class=\"vcex-ib-button-inner theme-txt-link\">Plus d&#039;informations<\/span><\/div><\/div><\/div><\/a><\/div><\/div><\/div><\/div>\n<\/div>[\/vc_column][\/vc_row][vc_row][vc_column]<div class=\"wpex-template-shortcode\"><div class=\"vc_row wpb_row vc_row-fluid vc_row-o-equal-height vc_row-o-content-middle vc_row-flex wpex-relative wpex-vc-has-custom-column-spacing wpex-vc-column-spacing-0px\"><div class=\"wpb_column vc_column_container vc_col-sm-6\"><div class=\"vc_column-inner\"><div class=\"wpb_wrapper\"><h2 class=\"vcex-heading vcex-heading-side-border vcex-module wpex-heading wpex-text-2xl wpex-h2 wpex-flex wpex-items-center\"><span class=\"vcex-heading-inner wpex-inline-block\">D\u00e9couvrir<br \/>\nnotre boutique en ligne<\/span><span class=\"vcex-heading-side-border__border wpex-flex-grow wpex-h-0 wpex-border-solid wpex-border-gray-900 wpex-ml-15 wpex-border-b\"><\/span><\/h2><div class=\"vcex-spacing wpex-w-100 wpex-clear\"><\/div>\n\t<div class=\"wpb_text_column wpb_content_element\" >\n\t\t<div class=\"wpb_wrapper\">\n\t\t\t<p>Sur notre boutique en ligne, vous trouverez<br \/>\ns\u00e9lection exquise de nos bi\u00e8res.<\/p>\n\n\t\t<\/div>\n\t<\/div>\n<div class=\"vcex-spacing wpex-w-100 wpex-clear\"><\/div><a href=\"\/fr\/shop\/\" class=\"vcex-button theme-button inline\"><span class=\"vcex-button-inner theme-button-inner wpex-flex wpex-flex-wrap wpex-items-center wpex-justify-center\">Vers le magasin<\/span><\/a> <div class=\"vcex-spacing wpex-w-100 wpex-clear\"><\/div><\/div><\/div><\/div><div class=\"wpb_column vc_column_container vc_col-sm-6\"><div class=\"vc_column-inner\"><div class=\"wpb_wrapper\"><figure class=\"vcex-image vcex-module\"><div class=\"vcex-image-inner wpex-relative wpex-inline-block\"><img width=\"820\" height=\"600\" src=\"https:\/\/www.vansteenberge.com\/wp-content\/uploads\/2023\/06\/GuldenDraak_Combination.png\" class=\"vcex-image-img wpex-align-middle\" alt=\"\" loading=\"lazy\" decoding=\"async\" srcset=\"https:\/\/www.vansteenberge.com\/wp-content\/uploads\/2023\/06\/GuldenDraak_Combination.png 820w, https:\/\/www.vansteenberge.com\/wp-content\/uploads\/2023\/06\/GuldenDraak_Combination-300x220.png 300w, https:\/\/www.vansteenberge.com\/wp-content\/uploads\/2023\/06\/GuldenDraak_Combination-768x562.png 768w\" sizes=\"auto, (max-width: 820px) 100vw, 820px\" \/><\/div><\/figure><\/div><\/div><\/div><\/div>\n<\/div>[\/vc_column][\/vc_row]\n<\/div>","protected":false},"excerpt":{"rendered":"Brasserie Van Steenberge, 6 g\u00e9n\u00e9rations de ma\u00eetres brasseurs ! La brasserie a \u00e9t\u00e9 fond\u00e9e par Jean Baptiste De Bruin, mari\u00e9 \u00e0 Angelina Petronella Schelfaut. Apr\u00e8s leur d\u00e9c\u00e8s, la brasserie passe aux mains du neveu Jozef Schelfaut. Sa fille Margriet a \u00e9pous\u00e9 Paul Van Steenberge, qui \u00e9tait un homme politique et un professeur, en plus d'\u00eatre&hellip;","protected":false},"author":1,"featured_media":1356,"parent":0,"menu_order":0,"comment_status":"closed","ping_status":"closed","template":"","meta":{"_acf_changed":false,"bwfblock_default_font":"","footnotes":""},"class_list":["post-2018","page","type-page","status-publish","has-post-thumbnail","hentry","entry","has-media"],"acf":[],"_links":{"self":[{"href":"https:\/\/www.vansteenberge.com\/fr\/wp-json\/wp\/v2\/pages\/2018","targetHints":{"allow":["GET"]}}],"collection":[{"href":"https:\/\/www.vansteenberge.com\/fr\/wp-json\/wp\/v2\/pages"}],"about":[{"href":"https:\/\/www.vansteenberge.com\/fr\/wp-json\/wp\/v2\/types\/page"}],"author":[{"embeddable":true,"href":"https:\/\/www.vansteenberge.com\/fr\/wp-json\/wp\/v2\/users\/1"}],"replies":[{"embeddable":true,"href":"https:\/\/www.vansteenberge.com\/fr\/wp-json\/wp\/v2\/comments?post=2018"}],"version-history":[{"count":0,"href":"https:\/\/www.vansteenberge.com\/fr\/wp-json\/wp\/v2\/pages\/2018\/revisions"}],"wp:featuredmedia":[{"embeddable":true,"href":"https:\/\/www.vansteenberge.com\/fr\/wp-json\/wp\/v2\/media\/1356"}],"wp:attachment":[{"href":"https:\/\/www.vansteenberge.com\/fr\/wp-json\/wp\/v2\/media?parent=2018"}],"curies":[{"name":"wp","href":"https:\/\/api.w.org\/{rel}","templated":true}]}}