{"id":2060,"date":"2023-09-06T07:13:58","date_gmt":"2023-09-06T05:13:58","guid":{"rendered":"https:\/\/www.vansteenberge.com\/visiter\/"},"modified":"2025-12-04T08:21:28","modified_gmt":"2025-12-04T07:21:28","slug":"visiter","status":"publish","type":"page","link":"https:\/\/www.vansteenberge.com\/fr\/visiter\/","title":{"rendered":"Visiter"},"content":{"rendered":"<div class=\"wpb-content-wrapper\">[vc_row full_width=\u00a0\u00bbstretch_row\u00a0\u00bb equal_height=\u00a0\u00bbyes\u00a0\u00bb el_class=\u00a0\u00bbpadding-row\u00a0\u00bb][vc_column width=\u00a0\u00bb1\/2&Prime;]<h2 class=\"vcex-heading vcex-heading-side-border vcex-module wpex-heading wpex-text-2xl wpex-h2 wpex-flex wpex-items-center\"><span class=\"vcex-heading-inner wpex-inline-block\">Visiter la brasserie Van Steenberge<\/span><span class=\"vcex-heading-side-border__border wpex-flex-grow wpex-h-0 wpex-border-solid wpex-border-gray-900 wpex-ml-15 wpex-border-b\"><\/span><\/h2>[vc_column_text]\u00c0 la brasserie Van Steenberge, il y a toujours de la vie dans la brasserie. Montez \u00e0 bord pour une visite et plongez dans notre famille de bi\u00e8res de sixi\u00e8me g\u00e9n\u00e9ration. Apr\u00e8s la visite de la brasserie, nous nous ferons un plaisir de vous offrir une bi\u00e8re de sp\u00e9cialit\u00e9 parfaitement tir\u00e9e, avec une grosse t\u00eate de mousse blanche. Dragon d&rsquo;or, Fourchette, Augustin, Baptiste, &#8230;<\/p>\n<p>\u00c7a vous tente ?[\/vc_column_text]<div class=\"vcex-spacing wpex-w-100 wpex-clear\"><\/div><a href=\"mailto:&#105;nf&#111;&#064;v&#097;&#110;&#115;&#116;e&#101;nb&#101;&#114;ge&#046;c&#111;m\" class=\"vcex-button theme-button inline\"><span class=\"vcex-button-inner theme-button-inner wpex-flex wpex-flex-wrap wpex-items-center wpex-justify-center\">Plus d&rsquo;informations<\/span><\/a> [\/vc_column][vc_column width=\u00a0\u00bb1\/2&Prime;]<figure class=\"vcex-image vcex-module\"><div class=\"vcex-image-inner wpex-relative wpex-inline-block\"><img width=\"2000\" height=\"1500\" src=\"https:\/\/www.vansteenberge.com\/wp-content\/uploads\/2023\/09\/BROUWERIJ_VAN_STEENBERGE.png\" class=\"vcex-image-img wpex-align-middle\" alt=\"\" loading=\"lazy\" decoding=\"async\" srcset=\"https:\/\/www.vansteenberge.com\/wp-content\/uploads\/2023\/09\/BROUWERIJ_VAN_STEENBERGE.png 2000w, https:\/\/www.vansteenberge.com\/wp-content\/uploads\/2023\/09\/BROUWERIJ_VAN_STEENBERGE-300x225.png 300w, https:\/\/www.vansteenberge.com\/wp-content\/uploads\/2023\/09\/BROUWERIJ_VAN_STEENBERGE-1024x768.png 1024w, https:\/\/www.vansteenberge.com\/wp-content\/uploads\/2023\/09\/BROUWERIJ_VAN_STEENBERGE-768x576.png 768w, https:\/\/www.vansteenberge.com\/wp-content\/uploads\/2023\/09\/BROUWERIJ_VAN_STEENBERGE-1536x1152.png 1536w, https:\/\/www.vansteenberge.com\/wp-content\/uploads\/2023\/09\/BROUWERIJ_VAN_STEENBERGE-600x450.png 600w\" sizes=\"auto, (max-width: 2000px) 100vw, 2000px\" \/><\/div><\/figure>[\/vc_column][\/vc_row][vc_row full_width=\u00a0\u00bbstretch_row\u00a0\u00bb wpex_bg_overlay=\u00a0\u00bbcolor\u00a0\u00bb wpex_bg_overlay_color=\u00a0\u00bbpalette-80&Prime; el_class=\u00a0\u00bbpadding-row\u00a0\u00bb][vc_column]<h2 class=\"vcex-heading vcex-heading-graphical vcex-module wpex-heading wpex-text-2xl wpex-h2 wpex-text-left\"><span class=\"vcex-heading-inner wpex-inline-block\">R\u00e9servez votre place d\u00e8s maintenant<\/span><\/h2><div class=\"vcex-spacing wpex-w-100 wpex-clear\"><\/div>[vc_row_inner][vc_column_inner width=\u00a0\u00bb1\/2&Prime;]<h3 class=\"vcex-heading vcex-heading-side-border vcex-module wpex-heading wpex-text-2xl wpex-h3 wpex-flex wpex-items-center\"><span class=\"vcex-heading-inner wpex-inline-block\">Individuel<\/span><span class=\"vcex-heading-side-border__border wpex-flex-grow wpex-h-0 wpex-border-solid wpex-border-gray-900 wpex-ml-15 wpex-border-b\"><\/span><\/h3><div class=\"vcex-spacing wpex-w-100 wpex-clear\"><\/div>[vc_column_text css=\u00a0\u00bb\u00a0\u00bb]\n<h5>Pratique<\/h5>\n<ul>\n<li>2\u00e8me samedi du mois &#8211; 10h30<\/li>\n<li>50 euros par personne<\/li>\n<li>Inscription en ligne via le <a href=\"https:\/\/www.hopspot.be\/beleven\/\" target=\"_blank\" rel=\"noopener\">calendrier Hopspot<\/a> dans la limite des places disponibles<\/li>\n<\/ul>\n<h5>Programme<\/h5>\n<ul>\n<li>10:30 &#8211; 60 min. visite de la brasserie Van Steenberge<\/li>\n<li>11:45 &#8211; 30 min. de d\u00e9gustation de bi\u00e8re au Hopspot<\/li>\n<li>12:15 &#8211; d\u00e9jeuner inspir\u00e9 de la bi\u00e8re au Hopspot<\/li>\n<li>Rago\u00fbt de bi\u00e8re Gulden Draak avec bi\u00e8re pression de votre choix<\/li>\n<li>caf\u00e9<\/li>\n<\/ul>\n[\/vc_column_text]<div class=\"vcex-spacing wpex-w-100 wpex-clear\"><\/div><a href=\"https:\/\/www.hopspot.be\/beleven\/\" class=\"vcex-button theme-button inline\" target=\"_blank\" rel=\"noopener\"><span class=\"vcex-button-inner theme-button-inner wpex-flex wpex-flex-wrap wpex-items-center wpex-justify-center\">Calendrier Hopspot<\/span><\/a> [\/vc_column_inner][vc_column_inner width=\u00a0\u00bb1\/2&Prime;]<h3 class=\"vcex-heading vcex-heading-side-border vcex-module wpex-heading wpex-text-2xl wpex-h3 wpex-flex wpex-items-center\"><span class=\"vcex-heading-inner wpex-inline-block\">En groupe<\/span><span class=\"vcex-heading-side-border__border wpex-flex-grow wpex-h-0 wpex-border-solid wpex-border-gray-900 wpex-ml-15 wpex-border-b\"><\/span><\/h3><div class=\"vcex-spacing wpex-w-100 wpex-clear\"><\/div>[vc_column_text]Avec 15 personnes ou plus ?<br \/>\nProgrammez une visite de groupe \u00e0 la date de votre choix.<\/p>\n<p>Plus d&rsquo;informations : <a href=\"mailto:info@vansteenberge.com\">info@vansteenberge.com<\/a>[\/vc_column_text]<div class=\"vcex-spacing wpex-w-100 wpex-clear\"><\/div><figure class=\"vcex-image vcex-module\"><div class=\"vcex-image-inner wpex-relative wpex-inline-block\"><img width=\"2000\" height=\"1333\" src=\"https:\/\/www.vansteenberge.com\/wp-content\/uploads\/2023\/07\/Brouwerij_van_steenberge_Bottelarij_brouwproces_01.jpg\" class=\"vcex-image-img wpex-align-middle\" alt=\"\" loading=\"lazy\" decoding=\"async\" srcset=\"https:\/\/www.vansteenberge.com\/wp-content\/uploads\/2023\/07\/Brouwerij_van_steenberge_Bottelarij_brouwproces_01.jpg 2000w, https:\/\/www.vansteenberge.com\/wp-content\/uploads\/2023\/07\/Brouwerij_van_steenberge_Bottelarij_brouwproces_01-300x200.jpg 300w, https:\/\/www.vansteenberge.com\/wp-content\/uploads\/2023\/07\/Brouwerij_van_steenberge_Bottelarij_brouwproces_01-1024x682.jpg 1024w, https:\/\/www.vansteenberge.com\/wp-content\/uploads\/2023\/07\/Brouwerij_van_steenberge_Bottelarij_brouwproces_01-768x512.jpg 768w, https:\/\/www.vansteenberge.com\/wp-content\/uploads\/2023\/07\/Brouwerij_van_steenberge_Bottelarij_brouwproces_01-1536x1024.jpg 1536w, https:\/\/www.vansteenberge.com\/wp-content\/uploads\/2023\/07\/Brouwerij_van_steenberge_Bottelarij_brouwproces_01-600x400.jpg 600w\" sizes=\"auto, (max-width: 2000px) 100vw, 2000px\" \/><\/div><\/figure>[\/vc_column_inner][\/vc_row_inner][\/vc_column][\/vc_row][vc_row full_width=\u00a0\u00bbstretch_row\u00a0\u00bb equal_height=\u00a0\u00bbyes\u00a0\u00bb el_class=\u00a0\u00bbpadding-row\u00a0\u00bb][vc_column width=\u00a0\u00bb1\/2&Prime;]<h2 class=\"vcex-heading vcex-heading-side-border vcex-module wpex-heading wpex-text-2xl wpex-h2 wpex-flex wpex-items-center\"><span class=\"vcex-heading-inner wpex-inline-block\">Hopspot,<br \/>\nnotre microbrasserie<br \/>\navec exp\u00e9rience maxi<\/span><span class=\"vcex-heading-side-border__border wpex-flex-grow wpex-h-0 wpex-border-solid wpex-border-gray-900 wpex-ml-15 wpex-border-b\"><\/span><\/h2>[vc_column_text]Nous brassons pour une raison : vous pouvez sentir la passion et l&rsquo;amour du terroir dans chacune de nos bi\u00e8res. Saviez-vous que nous cultivons nous-m\u00eames le houblon de nos bi\u00e8res dans les champs autour de Hopspot ? Vree sage, c&rsquo;est vrai ! Nous conservons l&rsquo;ensemble du processus de production en interne afin de brasser des bi\u00e8res 100% locales et de caract\u00e8re. Ainsi, votre bi\u00e8re arrive dans votre verre par le chemin le plus court, o\u00f9 elle reste fra\u00eeche jusqu&rsquo;\u00e0 la derni\u00e8re gorg\u00e9e. Sant\u00e9 ![\/vc_column_text]<div class=\"vcex-spacing wpex-w-100 wpex-clear\"><\/div><a href=\"https:\/\/www.hopspot.be\/\" class=\"vcex-button theme-button inline\" target=\"_blank\" rel=\"noopener\"><span class=\"vcex-button-inner theme-button-inner wpex-flex wpex-flex-wrap wpex-items-center wpex-justify-center\">D\u00e9couvrir Hopspot<\/span><\/a> [\/vc_column][vc_column width=\u00a0\u00bb1\/2&Prime;]<figure class=\"vcex-image vcex-module\"><div class=\"vcex-image-inner wpex-relative wpex-inline-block\"><img width=\"1500\" height=\"1125\" src=\"https:\/\/www.vansteenberge.com\/wp-content\/uploads\/2023\/08\/Hopspot_Brouwerij-Van-Steenberge_microbrouwerij.jpg\" class=\"vcex-image-img wpex-align-middle\" alt=\"\" loading=\"lazy\" decoding=\"async\" srcset=\"https:\/\/www.vansteenberge.com\/wp-content\/uploads\/2023\/08\/Hopspot_Brouwerij-Van-Steenberge_microbrouwerij.jpg 1500w, https:\/\/www.vansteenberge.com\/wp-content\/uploads\/2023\/08\/Hopspot_Brouwerij-Van-Steenberge_microbrouwerij-300x225.jpg 300w, https:\/\/www.vansteenberge.com\/wp-content\/uploads\/2023\/08\/Hopspot_Brouwerij-Van-Steenberge_microbrouwerij-1024x768.jpg 1024w, https:\/\/www.vansteenberge.com\/wp-content\/uploads\/2023\/08\/Hopspot_Brouwerij-Van-Steenberge_microbrouwerij-768x576.jpg 768w, https:\/\/www.vansteenberge.com\/wp-content\/uploads\/2023\/08\/Hopspot_Brouwerij-Van-Steenberge_microbrouwerij-600x450.jpg 600w\" sizes=\"auto, (max-width: 1500px) 100vw, 1500px\" \/><\/div><\/figure>[\/vc_column][\/vc_row][vc_row][vc_column el_class=\u00a0\u00bbgradient\u00a0\u00bb]<div class=\"vcex-spacing wpex-w-100 wpex-clear\" style=\"height:50px;\"><\/div><h2 class=\"vcex-heading vcex-heading-plain vcex-module wpex-heading wpex-text-2xl wpex-h2 wpex-text-center\"><span class=\"vcex-heading-inner wpex-inline-block\">D\u00e9couvrez Bar Baptist<\/span><\/h2><div class=\"vcex-spacing wpex-w-100 wpex-clear\" style=\"height:50px;\"><\/div><figure class=\"vcex-image vcex-module\"><div class=\"vcex-image-inner wpex-relative wpex-inline-block\"><img width=\"1500\" height=\"500\" src=\"https:\/\/www.vansteenberge.com\/wp-content\/uploads\/2023\/09\/Bar_Baptist_shot_bier_Banner.png\" class=\"vcex-image-img wpex-align-middle\" alt=\"\" loading=\"lazy\" decoding=\"async\" srcset=\"https:\/\/www.vansteenberge.com\/wp-content\/uploads\/2023\/09\/Bar_Baptist_shot_bier_Banner.png 1500w, https:\/\/www.vansteenberge.com\/wp-content\/uploads\/2023\/09\/Bar_Baptist_shot_bier_Banner-300x100.png 300w, https:\/\/www.vansteenberge.com\/wp-content\/uploads\/2023\/09\/Bar_Baptist_shot_bier_Banner-1024x341.png 1024w, https:\/\/www.vansteenberge.com\/wp-content\/uploads\/2023\/09\/Bar_Baptist_shot_bier_Banner-768x256.png 768w, https:\/\/www.vansteenberge.com\/wp-content\/uploads\/2023\/09\/Bar_Baptist_shot_bier_Banner-600x200.png 600w\" sizes=\"auto, (max-width: 1500px) 100vw, 1500px\" \/><\/div><\/figure><div class=\"vcex-spacing wpex-w-100 wpex-clear\" style=\"height:50px;\"><\/div>[vc_row_inner][vc_column_inner width=\u00a0\u00bb1\/2&Prime;]<figure class=\"vcex-image vcex-module\"><div class=\"vcex-image-inner wpex-relative wpex-inline-block\"><img width=\"2000\" height=\"1500\" src=\"https:\/\/www.vansteenberge.com\/wp-content\/uploads\/2023\/09\/Bar_Baptist_Brouwerij-Van-Steenberge_bezoek.png\" class=\"vcex-image-img wpex-align-middle\" alt=\"\" loading=\"lazy\" decoding=\"async\" srcset=\"https:\/\/www.vansteenberge.com\/wp-content\/uploads\/2023\/09\/Bar_Baptist_Brouwerij-Van-Steenberge_bezoek.png 2000w, https:\/\/www.vansteenberge.com\/wp-content\/uploads\/2023\/09\/Bar_Baptist_Brouwerij-Van-Steenberge_bezoek-300x225.png 300w, https:\/\/www.vansteenberge.com\/wp-content\/uploads\/2023\/09\/Bar_Baptist_Brouwerij-Van-Steenberge_bezoek-1024x768.png 1024w, https:\/\/www.vansteenberge.com\/wp-content\/uploads\/2023\/09\/Bar_Baptist_Brouwerij-Van-Steenberge_bezoek-768x576.png 768w, https:\/\/www.vansteenberge.com\/wp-content\/uploads\/2023\/09\/Bar_Baptist_Brouwerij-Van-Steenberge_bezoek-1536x1152.png 1536w, https:\/\/www.vansteenberge.com\/wp-content\/uploads\/2023\/09\/Bar_Baptist_Brouwerij-Van-Steenberge_bezoek-600x450.png 600w\" sizes=\"auto, (max-width: 2000px) 100vw, 2000px\" \/><\/div><\/figure>[\/vc_column_inner][vc_column_inner width=\u00a0\u00bb1\/2&Prime;]<h2 class=\"vcex-heading vcex-heading-side-border vcex-module wpex-heading wpex-text-2xl wpex-h2 wpex-flex wpex-items-center\"><span class=\"vcex-heading-inner wpex-inline-block\">Le c\u0153ur battant de la brasserie.<\/span><span class=\"vcex-heading-side-border__border wpex-flex-grow wpex-h-0 wpex-border-solid wpex-border-gray-900 wpex-ml-15 wpex-border-b\"><\/span><\/h2>[vc_column_text]Au Bar Baptist, au-dessus du c\u0153ur battant de la brasserie Van Steenberge, offrez \u00e0 vos invit\u00e9s une <strong>exp\u00e9rience<\/strong> exceptionnellement savoureuse.<\/p>\n<p>Tout commence par une visite unique de la brasserie, qui permet \u00e0 vos invit\u00e9s de d\u00e9couvrir notre passion et les secrets du m\u00e9tier de brasseur. Chez Van Steenberge, nous aimons partager nos <strong>six g\u00e9n\u00e9rations de savoir-faire<\/strong>.<\/p>\n<p>Nous laissons ensuite vos invit\u00e9s se joindre \u00e0 nous au bar ou \u00e0 la longue table en bois chaud de notre Bar Baptiste. Vous pouvez les surprendre avec une d\u00e9gustation de notre gamme de bi\u00e8res artisanales ou un atelier de cuisine. Sur le plan culinaire, vous avez le choix entre plusieurs formules sur mesure.<\/p>\n<p>Avec vous, nous trouverons la combinaison parfaite pour vos invit\u00e9s et ferons de votre \u00e9v\u00e9nement un moment Bar Baptist inoubliable.[\/vc_column_text]<div class=\"vcex-spacing wpex-w-100 wpex-clear\" style=\"height:50px;\"><\/div>[\/vc_column_inner][\/vc_row_inner][vc_row_inner][vc_column_inner width=\u00a0\u00bb1\/2&Prime;][vc_column_text]<strong>NOS FORMULES<\/strong>[\/vc_column_text]<div class=\"vcex-spacing wpex-w-100 wpex-clear\"><\/div><h2 class=\"vcex-heading vcex-heading-side-border vcex-module wpex-heading wpex-text-2xl wpex-h2 wpex-flex wpex-items-center\"><span class=\"vcex-heading-inner wpex-inline-block\">TABLE DE MESURE<\/span><span class=\"vcex-heading-side-border__border wpex-flex-grow wpex-h-0 wpex-border-solid wpex-border-gray-900 wpex-ml-15 wpex-border-b\"><\/span><\/h2>[vc_column_text]Apr\u00e8s la visite de la brasserie, vos invit\u00e9s pourront d\u00e9guster un d\u00e9licieux buffet Meetjesland. Les produits r\u00e9gionaux pr\u00e9sent\u00e9s sont un pur r\u00e9gal pour les papilles olfactives et gustatives de vos invit\u00e9s et fluctuent selon la saison.<\/p>\n<ul>\n<li>De 30 \u00e0 60 pence<\/li>\n<li>Prix sur demande<\/li>\n<li>Comprend le d\u00eener, les boissons et la visite guid\u00e9e<\/li>\n<\/ul>\n[\/vc_column_text]<div class=\"vcex-spacing wpex-w-100 wpex-clear\"><\/div><h2 class=\"vcex-heading vcex-heading-side-border vcex-module wpex-heading wpex-text-2xl wpex-h2 wpex-flex wpex-items-center\"><span class=\"vcex-heading-inner wpex-inline-block\">MENU BAPTISTE<\/span><span class=\"vcex-heading-side-border__border wpex-flex-grow wpex-h-0 wpex-border-solid wpex-border-gray-900 wpex-ml-15 wpex-border-b\"><\/span><\/h2>[vc_column_text]Le d\u00e9jeuner ou le d\u00eener en trois services &#8211; qui porte le nom du fondateur de notre brasserie &#8211; est pr\u00e9par\u00e9 au rythme des saisons, propos\u00e9 avec des bi\u00e8res adapt\u00e9es et compos\u00e9 d&rsquo;amuses-bouches surprenants pour commencer et de d\u00e9licieuses gourmandises pour finir. Ce d\u00e9jeuner ou d\u00eener peut \u00eatre parfaitement combin\u00e9 avec une visite \u00e9clairante de la brasserie.<\/p>\n<ul>\n<li>De 30 \u00e0 60 pence<\/li>\n<li>Prix sur demande<\/li>\n<li>Comprend le d\u00eener, les boissons et la visite guid\u00e9e<\/li>\n<\/ul>\n[\/vc_column_text]<div class=\"vcex-spacing wpex-w-100 wpex-clear\"><\/div><a href=\"mailto:i&#110;fo&#064;&#118;an&#115;t&#101;&#101;&#110;b&#101;rg&#101;&#046;c&#111;&#109;\" class=\"vcex-button theme-button inline\"><span class=\"vcex-button-inner theme-button-inner wpex-flex wpex-flex-wrap wpex-items-center wpex-justify-center\">Plus d&rsquo;informations<\/span><\/a> <div class=\"vcex-spacing wpex-w-100 wpex-clear\"><\/div>[\/vc_column_inner][vc_column_inner width=\u00a0\u00bb1\/2&Prime;]<div class=\"vcex-spacing wpex-w-100 wpex-clear\"><\/div><figure class=\"vcex-image vcex-module\"><div class=\"vcex-image-inner wpex-relative wpex-inline-block\"><img width=\"1575\" height=\"2362\" src=\"https:\/\/www.vansteenberge.com\/wp-content\/uploads\/2023\/09\/bezoek_Bar_Baptist_menu_Brouwerij_Van_Steenberge.jpg\" class=\"vcex-image-img wpex-align-middle\" alt=\"\" loading=\"lazy\" decoding=\"async\" srcset=\"https:\/\/www.vansteenberge.com\/wp-content\/uploads\/2023\/09\/bezoek_Bar_Baptist_menu_Brouwerij_Van_Steenberge.jpg 1575w, https:\/\/www.vansteenberge.com\/wp-content\/uploads\/2023\/09\/bezoek_Bar_Baptist_menu_Brouwerij_Van_Steenberge-200x300.jpg 200w, https:\/\/www.vansteenberge.com\/wp-content\/uploads\/2023\/09\/bezoek_Bar_Baptist_menu_Brouwerij_Van_Steenberge-683x1024.jpg 683w, https:\/\/www.vansteenberge.com\/wp-content\/uploads\/2023\/09\/bezoek_Bar_Baptist_menu_Brouwerij_Van_Steenberge-768x1152.jpg 768w, https:\/\/www.vansteenberge.com\/wp-content\/uploads\/2023\/09\/bezoek_Bar_Baptist_menu_Brouwerij_Van_Steenberge-1024x1536.jpg 1024w, https:\/\/www.vansteenberge.com\/wp-content\/uploads\/2023\/09\/bezoek_Bar_Baptist_menu_Brouwerij_Van_Steenberge-1366x2048.jpg 1366w, https:\/\/www.vansteenberge.com\/wp-content\/uploads\/2023\/09\/bezoek_Bar_Baptist_menu_Brouwerij_Van_Steenberge-600x900.jpg 600w\" sizes=\"auto, (max-width: 1575px) 100vw, 1575px\" \/><\/div><\/figure>[\/vc_column_inner][\/vc_row_inner][vc_row_inner][vc_column_inner width=\u00a0\u00bb1\/2&Prime;]<figure class=\"vcex-image vcex-module\"><div class=\"vcex-image-inner wpex-relative wpex-inline-block\"><img width=\"1920\" height=\"1282\" src=\"https:\/\/www.vansteenberge.com\/wp-content\/uploads\/2023\/09\/bar_baptist_events_Brouwerij_Van_Steenberge.jpg\" class=\"vcex-image-img wpex-align-middle\" alt=\"\" loading=\"lazy\" decoding=\"async\" srcset=\"https:\/\/www.vansteenberge.com\/wp-content\/uploads\/2023\/09\/bar_baptist_events_Brouwerij_Van_Steenberge.jpg 1920w, https:\/\/www.vansteenberge.com\/wp-content\/uploads\/2023\/09\/bar_baptist_events_Brouwerij_Van_Steenberge-300x200.jpg 300w, https:\/\/www.vansteenberge.com\/wp-content\/uploads\/2023\/09\/bar_baptist_events_Brouwerij_Van_Steenberge-1024x684.jpg 1024w, https:\/\/www.vansteenberge.com\/wp-content\/uploads\/2023\/09\/bar_baptist_events_Brouwerij_Van_Steenberge-768x513.jpg 768w, https:\/\/www.vansteenberge.com\/wp-content\/uploads\/2023\/09\/bar_baptist_events_Brouwerij_Van_Steenberge-1536x1026.jpg 1536w, https:\/\/www.vansteenberge.com\/wp-content\/uploads\/2023\/09\/bar_baptist_events_Brouwerij_Van_Steenberge-600x401.jpg 600w\" sizes=\"auto, (max-width: 1920px) 100vw, 1920px\" \/><\/div><\/figure>[\/vc_column_inner][vc_column_inner width=\u00a0\u00bb1\/2&Prime;]<h2 class=\"vcex-heading vcex-heading-side-border vcex-module wpex-heading wpex-text-2xl wpex-h2 wpex-flex wpex-items-center\"><span class=\"vcex-heading-inner wpex-inline-block\">Votre \u00e9v\u00e9nement au Bar Baptist<\/span><span class=\"vcex-heading-side-border__border wpex-flex-grow wpex-h-0 wpex-border-solid wpex-border-gray-900 wpex-ml-15 wpex-border-b\"><\/span><\/h2>[vc_column_text]La salle de s\u00e9minaire (jusqu&rsquo;\u00e0 70 p) vous permet \u00e9galement d&rsquo;organiser et de diriger parfaitement votre r\u00e9union, votre pr\u00e9sentation de produit, votre conf\u00e9rence de presse ou votre formation. Nous veillons \u00e0 ce que toutes les installations, telles que le son et la projection, soient op\u00e9rationnelles afin que vous puissiez communiquer votre message de mani\u00e8re irr\u00e9prochable. Ceci peut bien s\u00fbr \u00eatre fait en combinaison avec les formules mentionn\u00e9es ci-dessus. Si vous avez besoin d&rsquo;un service de restauration personnalis\u00e9 (petit-d\u00e9jeuner, d\u00e9jeuner sandwich, d\u00e9jeuner \u00e0 trois plats), nous nous ferons un plaisir d&rsquo;\u00e9laborer une proposition adapt\u00e9e ![\/vc_column_text]<div class=\"vcex-spacing wpex-w-100 wpex-clear\"><\/div><a href=\"mailto:&#105;&#110;&#102;&#111;&#064;&#118;&#097;&#110;s&#116;ee&#110;&#098;erge.&#099;o&#109;\" class=\"vcex-button theme-button inline\"><span class=\"vcex-button-inner theme-button-inner wpex-flex wpex-flex-wrap wpex-items-center wpex-justify-center\">Plus d&rsquo;informations<\/span><\/a> <div class=\"vcex-spacing wpex-w-100 wpex-clear\"><\/div>[\/vc_column_inner][\/vc_row_inner][\/vc_column][\/vc_row][vc_row][vc_column]<div class=\"wpex-template-shortcode\"><div class=\"vc_row wpb_row vc_row-fluid vc_row-o-equal-height vc_row-o-content-middle vc_row-flex wpex-relative wpex-vc-has-custom-column-spacing wpex-vc-column-spacing-0px\"><div class=\"wpb_column vc_column_container vc_col-sm-6\"><div class=\"vc_column-inner\"><div class=\"wpb_wrapper\"><h2 class=\"vcex-heading vcex-heading-side-border vcex-module wpex-heading wpex-text-2xl wpex-h2 wpex-flex wpex-items-center\"><span class=\"vcex-heading-inner wpex-inline-block\">D\u00e9couvrir<br \/>\nnotre boutique en ligne<\/span><span class=\"vcex-heading-side-border__border wpex-flex-grow wpex-h-0 wpex-border-solid wpex-border-gray-900 wpex-ml-15 wpex-border-b\"><\/span><\/h2><div class=\"vcex-spacing wpex-w-100 wpex-clear\"><\/div>\n\t<div class=\"wpb_text_column wpb_content_element\" >\n\t\t<div class=\"wpb_wrapper\">\n\t\t\t<p>Sur notre boutique en ligne, vous trouverez<br \/>\ns\u00e9lection exquise de nos bi\u00e8res.<\/p>\n\n\t\t<\/div>\n\t<\/div>\n<div class=\"vcex-spacing wpex-w-100 wpex-clear\"><\/div><a href=\"\/fr\/shop\/\" class=\"vcex-button theme-button inline\"><span class=\"vcex-button-inner theme-button-inner wpex-flex wpex-flex-wrap wpex-items-center wpex-justify-center\">Vers le magasin<\/span><\/a> <div class=\"vcex-spacing wpex-w-100 wpex-clear\"><\/div><\/div><\/div><\/div><div class=\"wpb_column vc_column_container vc_col-sm-6\"><div class=\"vc_column-inner\"><div class=\"wpb_wrapper\"><figure class=\"vcex-image vcex-module\"><div class=\"vcex-image-inner wpex-relative wpex-inline-block\"><img width=\"820\" height=\"600\" src=\"https:\/\/www.vansteenberge.com\/wp-content\/uploads\/2023\/06\/GuldenDraak_Combination.png\" class=\"vcex-image-img wpex-align-middle\" alt=\"\" loading=\"lazy\" decoding=\"async\" srcset=\"https:\/\/www.vansteenberge.com\/wp-content\/uploads\/2023\/06\/GuldenDraak_Combination.png 820w, https:\/\/www.vansteenberge.com\/wp-content\/uploads\/2023\/06\/GuldenDraak_Combination-300x220.png 300w, https:\/\/www.vansteenberge.com\/wp-content\/uploads\/2023\/06\/GuldenDraak_Combination-768x562.png 768w\" sizes=\"auto, (max-width: 820px) 100vw, 820px\" \/><\/div><\/figure><\/div><\/div><\/div><\/div>\n<\/div>[\/vc_column][\/vc_row]\n<\/div>","protected":false},"excerpt":{"rendered":"Visiter la brasserie Van Steenberge \u00c0 la brasserie Van Steenberge, il y a toujours de la vie dans la brasserie. Montez \u00e0 bord pour une visite et plongez dans notre famille de bi\u00e8res de sixi\u00e8me g\u00e9n\u00e9ration. Apr\u00e8s la visite de la brasserie, nous nous ferons un plaisir de vous offrir une bi\u00e8re de sp\u00e9cialit\u00e9 parfaitement&hellip;","protected":false},"author":1,"featured_media":1756,"parent":0,"menu_order":0,"comment_status":"closed","ping_status":"closed","template":"","meta":{"_acf_changed":false,"bwfblock_default_font":"","footnotes":""},"class_list":["post-2060","page","type-page","status-publish","has-post-thumbnail","hentry","entry","has-media"],"acf":[],"_links":{"self":[{"href":"https:\/\/www.vansteenberge.com\/fr\/wp-json\/wp\/v2\/pages\/2060","targetHints":{"allow":["GET"]}}],"collection":[{"href":"https:\/\/www.vansteenberge.com\/fr\/wp-json\/wp\/v2\/pages"}],"about":[{"href":"https:\/\/www.vansteenberge.com\/fr\/wp-json\/wp\/v2\/types\/page"}],"author":[{"embeddable":true,"href":"https:\/\/www.vansteenberge.com\/fr\/wp-json\/wp\/v2\/users\/1"}],"replies":[{"embeddable":true,"href":"https:\/\/www.vansteenberge.com\/fr\/wp-json\/wp\/v2\/comments?post=2060"}],"version-history":[{"count":0,"href":"https:\/\/www.vansteenberge.com\/fr\/wp-json\/wp\/v2\/pages\/2060\/revisions"}],"wp:featuredmedia":[{"embeddable":true,"href":"https:\/\/www.vansteenberge.com\/fr\/wp-json\/wp\/v2\/media\/1756"}],"wp:attachment":[{"href":"https:\/\/www.vansteenberge.com\/fr\/wp-json\/wp\/v2\/media?parent=2060"}],"curies":[{"name":"wp","href":"https:\/\/api.w.org\/{rel}","templated":true}]}}