{"id":2078,"date":"2023-09-19T09:53:17","date_gmt":"2023-09-19T07:53:17","guid":{"rendered":"https:\/\/www.vansteenberge.com\/travailler-a-la-brasserie-van-steenberge\/"},"modified":"2023-10-09T11:48:10","modified_gmt":"2023-10-09T11:48:10","slug":"travailler","status":"publish","type":"page","link":"https:\/\/www.vansteenberge.com\/fr\/travailler\/","title":{"rendered":"Travailler"},"content":{"rendered":"<div class=\"wpb-content-wrapper\">[vc_row full_width=\u00a0\u00bbstretch_row\u00a0\u00bb equal_height=\u00a0\u00bbyes\u00a0\u00bb el_class=\u00a0\u00bbpadding-row\u00a0\u00bb][vc_column width=\u00a0\u00bb1\/2&Prime;]<h2 class=\"vcex-heading vcex-heading-side-border vcex-module wpex-heading wpex-text-2xl wpex-h2 wpex-flex wpex-items-center\"><span class=\"vcex-heading-inner wpex-inline-block\">Rejoignez notre \u00e9quipe !<\/span><span class=\"vcex-heading-side-border__border wpex-flex-grow wpex-h-0 wpex-border-solid wpex-border-gray-900 wpex-ml-15 wpex-border-b\"><\/span><\/h2>[vc_column_text]La brasserie est toujours \u00e0 la recherche de <strong>brasseurs talentueux<\/strong>. Vous \u00eates passionn\u00e9 par la bi\u00e8re, le brassage et l&rsquo;<strong>histoire de <\/strong>nos meilleures bi\u00e8res ?<\/p>\n<p>Si tel est le cas, n&rsquo;h\u00e9sitez pas \u00e0 nous contacter \u00e0 l&rsquo;adresse suivante : <a href=\"mailto:info@vansteenberge.com?subject=Vrijblijvend%20solliciteren\">info@vansteenberge.com.<\/a> A bient\u00f4t !<\/p>\n<p>Vous \u00eates passionn\u00e9 par la bi\u00e8re, le brassage et l&rsquo;histoire des grandes bi\u00e8res telles que Gulden Draak et Augustijn ? Vous poss\u00e9dez \u00e9galement le bagage technologique et l&rsquo;ambition n\u00e9cessaires, compl\u00e9t\u00e9s par le d\u00e9sir d&rsquo;assumer des responsabilit\u00e9s au sein d&rsquo;une \u00e9quipe ? Dans le paysage brassicole belge, la brasserie Van Steenberge est synonyme d&rsquo;ind\u00e9pendance, de progr\u00e8s et de croissance. En mettant l&rsquo;accent sur le brassage traditionnel, adapt\u00e9 aux \u00e9volutions technologiques, ils garantissent une qualit\u00e9 et un service fiables. Avec un caract\u00e8re familial distinctif, le respect des employ\u00e9s est au c\u0153ur de la politique.[\/vc_column_text][\/vc_column][vc_column width=\u00a0\u00bb1\/2&Prime;]<figure class=\"vcex-image vcex-module\"><div class=\"vcex-image-inner wpex-relative wpex-inline-block\"><img width=\"1975\" height=\"1481\" src=\"https:\/\/www.vansteenberge.com\/wp-content\/uploads\/2023\/07\/Brouwerij_van_steenberge_brouwzaal_brouwproces_01.jpg\" class=\"vcex-image-img wpex-align-middle\" alt=\"\" loading=\"lazy\" decoding=\"async\" srcset=\"https:\/\/www.vansteenberge.com\/wp-content\/uploads\/2023\/07\/Brouwerij_van_steenberge_brouwzaal_brouwproces_01.jpg 1975w, https:\/\/www.vansteenberge.com\/wp-content\/uploads\/2023\/07\/Brouwerij_van_steenberge_brouwzaal_brouwproces_01-300x225.jpg 300w, https:\/\/www.vansteenberge.com\/wp-content\/uploads\/2023\/07\/Brouwerij_van_steenberge_brouwzaal_brouwproces_01-1024x768.jpg 1024w, https:\/\/www.vansteenberge.com\/wp-content\/uploads\/2023\/07\/Brouwerij_van_steenberge_brouwzaal_brouwproces_01-768x576.jpg 768w, https:\/\/www.vansteenberge.com\/wp-content\/uploads\/2023\/07\/Brouwerij_van_steenberge_brouwzaal_brouwproces_01-1536x1152.jpg 1536w, https:\/\/www.vansteenberge.com\/wp-content\/uploads\/2023\/07\/Brouwerij_van_steenberge_brouwzaal_brouwproces_01-600x450.jpg 600w\" sizes=\"auto, (max-width: 1975px) 100vw, 1975px\" \/><\/div><\/figure>[\/vc_column][\/vc_row][vc_row full_width=\u00a0\u00bbstretch_row_content_no_spaces\u00a0\u00bb][vc_column]<style>.vcex-image.vcex_69e7d323a494d .vcex-image-img{height:600px;object-position:bottom;}<\/style><figure class=\"vcex-image vcex-module vcex_69e7d323a494d\"><div class=\"vcex-image-inner wpex-relative wpex-w-100\"><img width=\"1500\" height=\"1126\" src=\"https:\/\/www.vansteenberge.com\/wp-content\/uploads\/2023\/07\/Brouwerij_van_steenberge_brouwzaal_brouwproces_02.jpg\" class=\"vcex-image-img wpex-align-middle wpex-w-100 wpex-object-cover\" alt=\"\" loading=\"lazy\" decoding=\"async\" srcset=\"https:\/\/www.vansteenberge.com\/wp-content\/uploads\/2023\/07\/Brouwerij_van_steenberge_brouwzaal_brouwproces_02.jpg 1500w, https:\/\/www.vansteenberge.com\/wp-content\/uploads\/2023\/07\/Brouwerij_van_steenberge_brouwzaal_brouwproces_02-300x225.jpg 300w, https:\/\/www.vansteenberge.com\/wp-content\/uploads\/2023\/07\/Brouwerij_van_steenberge_brouwzaal_brouwproces_02-1024x769.jpg 1024w, https:\/\/www.vansteenberge.com\/wp-content\/uploads\/2023\/07\/Brouwerij_van_steenberge_brouwzaal_brouwproces_02-768x577.jpg 768w, https:\/\/www.vansteenberge.com\/wp-content\/uploads\/2023\/07\/Brouwerij_van_steenberge_brouwzaal_brouwproces_02-600x450.jpg 600w, https:\/\/www.vansteenberge.com\/wp-content\/uploads\/2023\/07\/Brouwerij_van_steenberge_brouwzaal_brouwproces_02-400x300.jpg 400w, https:\/\/www.vansteenberge.com\/wp-content\/uploads\/2023\/07\/Brouwerij_van_steenberge_brouwzaal_brouwproces_02-666x500.jpg 666w\" sizes=\"auto, (max-width: 1500px) 100vw, 1500px\" \/><\/div><\/figure>[\/vc_column][\/vc_row]\n<\/div>","protected":false},"excerpt":{"rendered":"<p>[vc_row full_width=\u00a0\u00bbstretch_row\u00a0\u00bb equal_height=\u00a0\u00bbyes\u00a0\u00bb el_class=\u00a0\u00bbpadding-row\u00a0\u00bb][vc_column width=\u00a0\u00bb1\/2&Prime;][vc_column_text]La brasserie est toujours \u00e0 la recherche de brasseurs talentueux. Vous \u00eates passionn\u00e9 par la bi\u00e8re, le brassage et l&rsquo;histoire de nos meilleures bi\u00e8res ? Si tel est le cas, n&rsquo;h\u00e9sitez pas \u00e0 nous contacter \u00e0 l&rsquo;adresse suivante : info@vansteenberge.com. A bient\u00f4t ! Vous \u00eates passionn\u00e9 par la bi\u00e8re, le brassage&hellip;<\/p>\n","protected":false},"author":1,"featured_media":0,"parent":0,"menu_order":0,"comment_status":"closed","ping_status":"closed","template":"","meta":{"_acf_changed":false,"bwfblock_default_font":"","footnotes":""},"class_list":["post-2078","page","type-page","status-publish","hentry","entry","no-media"],"acf":[],"_links":{"self":[{"href":"https:\/\/www.vansteenberge.com\/fr\/wp-json\/wp\/v2\/pages\/2078","targetHints":{"allow":["GET"]}}],"collection":[{"href":"https:\/\/www.vansteenberge.com\/fr\/wp-json\/wp\/v2\/pages"}],"about":[{"href":"https:\/\/www.vansteenberge.com\/fr\/wp-json\/wp\/v2\/types\/page"}],"author":[{"embeddable":true,"href":"https:\/\/www.vansteenberge.com\/fr\/wp-json\/wp\/v2\/users\/1"}],"replies":[{"embeddable":true,"href":"https:\/\/www.vansteenberge.com\/fr\/wp-json\/wp\/v2\/comments?post=2078"}],"version-history":[{"count":0,"href":"https:\/\/www.vansteenberge.com\/fr\/wp-json\/wp\/v2\/pages\/2078\/revisions"}],"wp:attachment":[{"href":"https:\/\/www.vansteenberge.com\/fr\/wp-json\/wp\/v2\/media?parent=2078"}],"curies":[{"name":"wp","href":"https:\/\/api.w.org\/{rel}","templated":true}]}}