{"id":2092,"date":"2023-09-19T09:39:11","date_gmt":"2023-09-19T09:39:11","guid":{"rendered":"https:\/\/www.vansteenberge.com\/durabilite\/"},"modified":"2023-09-22T13:03:59","modified_gmt":"2023-09-22T13:03:59","slug":"durabilite","status":"publish","type":"page","link":"https:\/\/www.vansteenberge.com\/fr\/durabilite\/","title":{"rendered":"Durabilit\u00e9"},"content":{"rendered":"<div class=\"wpb-content-wrapper\">[vc_row full_width=\u00a0\u00bbstretch_row\u00a0\u00bb equal_height=\u00a0\u00bbyes\u00a0\u00bb el_class=\u00a0\u00bbpadding-row\u00a0\u00bb][vc_column width=\u00a0\u00bb1\/2&Prime;]<h2 class=\"vcex-heading vcex-heading-side-border vcex-module wpex-heading wpex-text-2xl wpex-h2 wpex-flex wpex-items-center\"><span class=\"vcex-heading-inner wpex-inline-block\">Un processus continu d&apos;am\u00e9lioration.<\/span><span class=\"vcex-heading-side-border__border wpex-flex-grow wpex-h-0 wpex-border-solid wpex-border-gray-900 wpex-ml-15 wpex-border-b\"><\/span><\/h2>[vc_column_text]La brasserie Van Steenberge est synonyme d&rsquo;ind\u00e9pendance, de progr\u00e8s et de croissance. Nous mettons l&rsquo;accent sur le brassage traditionnel adapt\u00e9 aux \u00e9volutions technologiques et garantissons une qualit\u00e9 et un service fiables. Le respect des employ\u00e9s et la protection de l&rsquo;environnement sont au c\u0153ur de cette politique.[\/vc_column_text]<div class=\"vcex-spacing wpex-w-100 wpex-clear\"><\/div>[\/vc_column][vc_column width=\u00a0\u00bb1\/2&Prime;]<figure class=\"vcex-image vcex-module\"><div class=\"vcex-image-inner wpex-relative wpex-inline-block\"><img width=\"2000\" height=\"1500\" src=\"https:\/\/www.vansteenberge.com\/wp-content\/uploads\/2023\/09\/BROUWERIJ_VAN_STEENBERGE.png\" class=\"vcex-image-img wpex-align-middle\" alt=\"\" loading=\"lazy\" decoding=\"async\" srcset=\"https:\/\/www.vansteenberge.com\/wp-content\/uploads\/2023\/09\/BROUWERIJ_VAN_STEENBERGE.png 2000w, https:\/\/www.vansteenberge.com\/wp-content\/uploads\/2023\/09\/BROUWERIJ_VAN_STEENBERGE-300x225.png 300w, https:\/\/www.vansteenberge.com\/wp-content\/uploads\/2023\/09\/BROUWERIJ_VAN_STEENBERGE-1024x768.png 1024w, https:\/\/www.vansteenberge.com\/wp-content\/uploads\/2023\/09\/BROUWERIJ_VAN_STEENBERGE-768x576.png 768w, https:\/\/www.vansteenberge.com\/wp-content\/uploads\/2023\/09\/BROUWERIJ_VAN_STEENBERGE-1536x1152.png 1536w, https:\/\/www.vansteenberge.com\/wp-content\/uploads\/2023\/09\/BROUWERIJ_VAN_STEENBERGE-600x450.png 600w\" sizes=\"auto, (max-width: 2000px) 100vw, 2000px\" \/><\/div><\/figure>[\/vc_column][\/vc_row][vc_row full_width=\u00a0\u00bbstretch_row\u00a0\u00bb equal_height=\u00a0\u00bbyes\u00a0\u00bb el_class=\u00a0\u00bbpadding-row\u00a0\u00bb][vc_column width=\u00a0\u00bb1\/2&Prime;]<figure class=\"vcex-image vcex-module\"><div class=\"vcex-image-inner wpex-relative wpex-inline-block\"><img width=\"2560\" height=\"1707\" src=\"https:\/\/www.vansteenberge.com\/wp-content\/uploads\/2023\/09\/Lagering_BarBaptist_Brouwerij_Van_Steenberge-scaled.jpg\" class=\"vcex-image-img wpex-align-middle\" alt=\"\" loading=\"lazy\" decoding=\"async\" srcset=\"https:\/\/www.vansteenberge.com\/wp-content\/uploads\/2023\/09\/Lagering_BarBaptist_Brouwerij_Van_Steenberge-scaled.jpg 2560w, https:\/\/www.vansteenberge.com\/wp-content\/uploads\/2023\/09\/Lagering_BarBaptist_Brouwerij_Van_Steenberge-300x200.jpg 300w, https:\/\/www.vansteenberge.com\/wp-content\/uploads\/2023\/09\/Lagering_BarBaptist_Brouwerij_Van_Steenberge-1024x683.jpg 1024w, https:\/\/www.vansteenberge.com\/wp-content\/uploads\/2023\/09\/Lagering_BarBaptist_Brouwerij_Van_Steenberge-768x512.jpg 768w, https:\/\/www.vansteenberge.com\/wp-content\/uploads\/2023\/09\/Lagering_BarBaptist_Brouwerij_Van_Steenberge-1536x1024.jpg 1536w, https:\/\/www.vansteenberge.com\/wp-content\/uploads\/2023\/09\/Lagering_BarBaptist_Brouwerij_Van_Steenberge-2048x1365.jpg 2048w, https:\/\/www.vansteenberge.com\/wp-content\/uploads\/2023\/09\/Lagering_BarBaptist_Brouwerij_Van_Steenberge-600x400.jpg 600w\" sizes=\"auto, (max-width: 2560px) 100vw, 2560px\" \/><\/div><\/figure>[\/vc_column][vc_column width=\u00a0\u00bb1\/2&Prime;]<h2 class=\"vcex-heading vcex-heading-side-border vcex-module wpex-heading wpex-text-2xl wpex-h2 wpex-flex wpex-items-center\"><span class=\"vcex-heading-inner wpex-inline-block\">Tout commence par l&apos;eau<\/span><span class=\"vcex-heading-side-border__border wpex-flex-grow wpex-h-0 wpex-border-solid wpex-border-gray-900 wpex-ml-15 wpex-border-b\"><\/span><\/h2>[vc_column_text]L&rsquo;eau est utilis\u00e9e pendant le processus de brassage, ainsi que pour le refroidissement et le nettoyage. Malheureusement, l&rsquo;eau n&rsquo;est pas in\u00e9puisable, c&rsquo;est pourquoi nous faisons tout ce qui est en notre pouvoir pour utiliser l&rsquo;eau le plus efficacement possible et r\u00e9duire notre consommation d&rsquo;eau. Mais aussi de recycler et de r\u00e9utiliser au mieux nos eaux us\u00e9es.<\/p>\n[\/vc_column_text]<div class=\"vcex-spacing wpex-w-100 wpex-clear\"><\/div>[\/vc_column][\/vc_row][vc_row full_width=\u00a0\u00bbstretch_row\u00a0\u00bb equal_height=\u00a0\u00bbyes\u00a0\u00bb el_class=\u00a0\u00bbpadding-row\u00a0\u00bb][vc_column width=\u00a0\u00bb1\/2&Prime;]<h2 class=\"vcex-heading vcex-heading-side-border vcex-module wpex-heading wpex-text-2xl wpex-h2 wpex-flex wpex-items-center\"><span class=\"vcex-heading-inner wpex-inline-block\">\u00c9nergies renouvelables<\/span><span class=\"vcex-heading-side-border__border wpex-flex-grow wpex-h-0 wpex-border-solid wpex-border-gray-900 wpex-ml-15 wpex-border-b\"><\/span><\/h2>[vc_column_text]Nous osons affirmer que 100 % de l&rsquo;\u00e9lectricit\u00e9 consomm\u00e9e par notre brasserie est d&rsquo;origine renouvelable. Gr\u00e2ce \u00e0 nos panneaux solaires, nous produisons une grande partie de notre \u00e9lectricit\u00e9, ce qui nous permet de b\u00e9n\u00e9ficier de presque 100 % de notre propre \u00e9nergie pendant les mois d&rsquo;\u00e9t\u00e9.<\/p>\n<p>Mais nous ne nous arr\u00eaterons pas \u00e0 l&rsquo;\u00e9nergie solaire, nous continuerons \u00e0 optimiser nos processus et \u00e0 les rendre plus propres avec les principaux objectifs :<\/p>\n<p>&#8211; accro\u00eetre notre utilisation des sources d&rsquo;\u00e9nergie renouvelables<br \/>\n&#8211; continuer \u00e0 optimiser notre efficacit\u00e9 \u00e9nerg\u00e9tique<br \/>\n&#8211; maintenir nos \u00e9missions de CO2 \u00e0 un niveau aussi bas que possible<\/p>\n[\/vc_column_text]<div class=\"vcex-spacing wpex-w-100 wpex-clear\"><\/div>[\/vc_column][vc_column width=\u00a0\u00bb1\/2&Prime;]<figure class=\"vcex-image vcex-module\"><div class=\"vcex-image-inner wpex-relative wpex-inline-block\"><img width=\"2560\" height=\"1707\" src=\"https:\/\/www.vansteenberge.com\/wp-content\/uploads\/2023\/09\/Lagering_BarBaptist_Brouwerij_Van_Steenberge-scaled.jpg\" class=\"vcex-image-img wpex-align-middle\" alt=\"\" loading=\"lazy\" decoding=\"async\" srcset=\"https:\/\/www.vansteenberge.com\/wp-content\/uploads\/2023\/09\/Lagering_BarBaptist_Brouwerij_Van_Steenberge-scaled.jpg 2560w, https:\/\/www.vansteenberge.com\/wp-content\/uploads\/2023\/09\/Lagering_BarBaptist_Brouwerij_Van_Steenberge-300x200.jpg 300w, https:\/\/www.vansteenberge.com\/wp-content\/uploads\/2023\/09\/Lagering_BarBaptist_Brouwerij_Van_Steenberge-1024x683.jpg 1024w, https:\/\/www.vansteenberge.com\/wp-content\/uploads\/2023\/09\/Lagering_BarBaptist_Brouwerij_Van_Steenberge-768x512.jpg 768w, https:\/\/www.vansteenberge.com\/wp-content\/uploads\/2023\/09\/Lagering_BarBaptist_Brouwerij_Van_Steenberge-1536x1024.jpg 1536w, https:\/\/www.vansteenberge.com\/wp-content\/uploads\/2023\/09\/Lagering_BarBaptist_Brouwerij_Van_Steenberge-2048x1365.jpg 2048w, https:\/\/www.vansteenberge.com\/wp-content\/uploads\/2023\/09\/Lagering_BarBaptist_Brouwerij_Van_Steenberge-600x400.jpg 600w\" sizes=\"auto, (max-width: 2560px) 100vw, 2560px\" \/><\/div><\/figure>[\/vc_column][\/vc_row][vc_row full_width=\u00a0\u00bbstretch_row\u00a0\u00bb equal_height=\u00a0\u00bbyes\u00a0\u00bb el_class=\u00a0\u00bbpadding-row\u00a0\u00bb][vc_column width=\u00a0\u00bb1\/2&Prime;]<figure class=\"vcex-image vcex-module\"><div class=\"vcex-image-inner wpex-relative wpex-inline-block\"><img width=\"2560\" height=\"1707\" src=\"https:\/\/www.vansteenberge.com\/wp-content\/uploads\/2023\/09\/Lagering_BarBaptist_Brouwerij_Van_Steenberge-scaled.jpg\" class=\"vcex-image-img wpex-align-middle\" alt=\"\" loading=\"lazy\" decoding=\"async\" srcset=\"https:\/\/www.vansteenberge.com\/wp-content\/uploads\/2023\/09\/Lagering_BarBaptist_Brouwerij_Van_Steenberge-scaled.jpg 2560w, https:\/\/www.vansteenberge.com\/wp-content\/uploads\/2023\/09\/Lagering_BarBaptist_Brouwerij_Van_Steenberge-300x200.jpg 300w, https:\/\/www.vansteenberge.com\/wp-content\/uploads\/2023\/09\/Lagering_BarBaptist_Brouwerij_Van_Steenberge-1024x683.jpg 1024w, https:\/\/www.vansteenberge.com\/wp-content\/uploads\/2023\/09\/Lagering_BarBaptist_Brouwerij_Van_Steenberge-768x512.jpg 768w, https:\/\/www.vansteenberge.com\/wp-content\/uploads\/2023\/09\/Lagering_BarBaptist_Brouwerij_Van_Steenberge-1536x1024.jpg 1536w, https:\/\/www.vansteenberge.com\/wp-content\/uploads\/2023\/09\/Lagering_BarBaptist_Brouwerij_Van_Steenberge-2048x1365.jpg 2048w, https:\/\/www.vansteenberge.com\/wp-content\/uploads\/2023\/09\/Lagering_BarBaptist_Brouwerij_Van_Steenberge-600x400.jpg 600w\" sizes=\"auto, (max-width: 2560px) 100vw, 2560px\" \/><\/div><\/figure>[\/vc_column][vc_column width=\u00a0\u00bb1\/2&Prime;]<h2 class=\"vcex-heading vcex-heading-side-border vcex-module wpex-heading wpex-text-2xl wpex-h2 wpex-flex wpex-items-center\"><span class=\"vcex-heading-inner wpex-inline-block\">Nouvelle ligne de remplissage dans une usine d&apos;embouteillage<\/span><span class=\"vcex-heading-side-border__border wpex-flex-grow wpex-h-0 wpex-border-solid wpex-border-gray-900 wpex-ml-15 wpex-border-b\"><\/span><\/h2>[vc_column_text]Le b\u00e2timent r\u00e9nov\u00e9 devrait, d&rsquo;une part, r\u00e9pondre \u00e0 la croissance croissante de ses propres marques et, d&rsquo;autre part, soutenir la demande croissante de bi\u00e8res locales de la part des brasseurs locaux. Le bien-\u00eatre des employ\u00e9s, y compris les aspects ergonomiques, a \u00e9galement \u00e9t\u00e9 pris en compte.<\/p>\n<p>Cela nous permet de mieux contr\u00f4ler la qualit\u00e9 et de produire deux fois plus, mais aussi de r\u00e9duire consid\u00e9rablement notre empreinte carbone.[\/vc_column_text]<div class=\"vcex-spacing wpex-w-100 wpex-clear\"><\/div>[\/vc_column][\/vc_row][vc_row full_width=\u00a0\u00bbstretch_row\u00a0\u00bb equal_height=\u00a0\u00bbyes\u00a0\u00bb el_class=\u00a0\u00bbpadding-row\u00a0\u00bb][vc_column width=\u00a0\u00bb1\/2&Prime;]<h2 class=\"vcex-heading vcex-heading-side-border vcex-module wpex-heading wpex-text-2xl wpex-h2 wpex-flex wpex-items-center\"><span class=\"vcex-heading-inner wpex-inline-block\">Membre de CEOs 4 Climate.<\/span><span class=\"vcex-heading-side-border__border wpex-flex-grow wpex-h-0 wpex-border-solid wpex-border-gray-900 wpex-ml-15 wpex-border-b\"><\/span><\/h2>[vc_column_text]CEOs 4 Climate est un r\u00e9seau d&rsquo;entrepreneurs soucieux du climat, dont la brasserie Van Steenberge fait \u00e9galement partie. En devenant membre de CEOs 4 Climate, 20 arbres ont d\u00e9j\u00e0 \u00e9t\u00e9 plant\u00e9s au Congo ism Go Forrest.<\/p>\n<p>La vision de C4C \u00ab\u00a0CEOs 4 Climate\u00a0\u00bb (PDG pour le climat)<br \/>\nLe r\u00e9chauffement climatique est une menace majeure et globale, qui a un impact sur tout et sur tous. Et aussi sur nous et sur notre \u00e9conomie. Pourtant, le probl\u00e8me peut \u00eatre r\u00e9solu.<\/p>\n<p>Les moyens de faire les premiers pas importants sont l\u00e0. Et ces \u00e9tapes sont r\u00e9alisables. C4C estime que les entrepreneurs jouent un r\u00f4le important et positif dans le changement climatique.<\/p>\n<p>Parce que les entrepreneurs transforment les menaces en opportunit\u00e9s. Parce que les entrepreneurs sont des fonceurs, m\u00eame dans les moments difficiles.[\/vc_column_text]<div class=\"vcex-spacing wpex-w-100 wpex-clear\"><\/div>[\/vc_column][vc_column width=\u00a0\u00bb1\/2&Prime;]<figure class=\"vcex-image vcex-module\"><div class=\"vcex-image-inner wpex-relative wpex-inline-block\"><img width=\"2560\" height=\"1707\" src=\"https:\/\/www.vansteenberge.com\/wp-content\/uploads\/2023\/09\/Lagering_BarBaptist_Brouwerij_Van_Steenberge-scaled.jpg\" class=\"vcex-image-img wpex-align-middle\" alt=\"\" loading=\"lazy\" decoding=\"async\" srcset=\"https:\/\/www.vansteenberge.com\/wp-content\/uploads\/2023\/09\/Lagering_BarBaptist_Brouwerij_Van_Steenberge-scaled.jpg 2560w, https:\/\/www.vansteenberge.com\/wp-content\/uploads\/2023\/09\/Lagering_BarBaptist_Brouwerij_Van_Steenberge-300x200.jpg 300w, https:\/\/www.vansteenberge.com\/wp-content\/uploads\/2023\/09\/Lagering_BarBaptist_Brouwerij_Van_Steenberge-1024x683.jpg 1024w, https:\/\/www.vansteenberge.com\/wp-content\/uploads\/2023\/09\/Lagering_BarBaptist_Brouwerij_Van_Steenberge-768x512.jpg 768w, https:\/\/www.vansteenberge.com\/wp-content\/uploads\/2023\/09\/Lagering_BarBaptist_Brouwerij_Van_Steenberge-1536x1024.jpg 1536w, https:\/\/www.vansteenberge.com\/wp-content\/uploads\/2023\/09\/Lagering_BarBaptist_Brouwerij_Van_Steenberge-2048x1365.jpg 2048w, https:\/\/www.vansteenberge.com\/wp-content\/uploads\/2023\/09\/Lagering_BarBaptist_Brouwerij_Van_Steenberge-600x400.jpg 600w\" sizes=\"auto, (max-width: 2560px) 100vw, 2560px\" \/><\/div><\/figure>[\/vc_column][\/vc_row][vc_row full_width=\u00a0\u00bbstretch_row\u00a0\u00bb equal_height=\u00a0\u00bbyes\u00a0\u00bb el_class=\u00a0\u00bbpadding-row\u00a0\u00bb][vc_column width=\u00a0\u00bb1\/2&Prime;]<figure class=\"vcex-image vcex-module\"><div class=\"vcex-image-inner wpex-relative wpex-inline-block\"><img width=\"2560\" height=\"1707\" src=\"https:\/\/www.vansteenberge.com\/wp-content\/uploads\/2023\/09\/Lagering_BarBaptist_Brouwerij_Van_Steenberge-scaled.jpg\" class=\"vcex-image-img wpex-align-middle\" alt=\"\" loading=\"lazy\" decoding=\"async\" srcset=\"https:\/\/www.vansteenberge.com\/wp-content\/uploads\/2023\/09\/Lagering_BarBaptist_Brouwerij_Van_Steenberge-scaled.jpg 2560w, https:\/\/www.vansteenberge.com\/wp-content\/uploads\/2023\/09\/Lagering_BarBaptist_Brouwerij_Van_Steenberge-300x200.jpg 300w, https:\/\/www.vansteenberge.com\/wp-content\/uploads\/2023\/09\/Lagering_BarBaptist_Brouwerij_Van_Steenberge-1024x683.jpg 1024w, https:\/\/www.vansteenberge.com\/wp-content\/uploads\/2023\/09\/Lagering_BarBaptist_Brouwerij_Van_Steenberge-768x512.jpg 768w, https:\/\/www.vansteenberge.com\/wp-content\/uploads\/2023\/09\/Lagering_BarBaptist_Brouwerij_Van_Steenberge-1536x1024.jpg 1536w, https:\/\/www.vansteenberge.com\/wp-content\/uploads\/2023\/09\/Lagering_BarBaptist_Brouwerij_Van_Steenberge-2048x1365.jpg 2048w, https:\/\/www.vansteenberge.com\/wp-content\/uploads\/2023\/09\/Lagering_BarBaptist_Brouwerij_Van_Steenberge-600x400.jpg 600w\" sizes=\"auto, (max-width: 2560px) 100vw, 2560px\" \/><\/div><\/figure>[\/vc_column][vc_column width=\u00a0\u00bb1\/2&Prime;]<h2 class=\"vcex-heading vcex-heading-side-border vcex-module wpex-heading wpex-text-2xl wpex-h2 wpex-flex wpex-items-center\"><span class=\"vcex-heading-inner wpex-inline-block\">Ancrage local fort<\/span><span class=\"vcex-heading-side-border__border wpex-flex-grow wpex-h-0 wpex-border-solid wpex-border-gray-900 wpex-ml-15 wpex-border-b\"><\/span><\/h2>[vc_column_text]Enracin\u00e9 dans le Meetjesland, c&rsquo;est la r\u00e9gion o\u00f9 les agriculteurs et les producteurs \u00e9laborent les produits les plus savoureux depuis des temps imm\u00e9moriaux. C&rsquo;est dans la nature du Meetjesland et la gen\u00e8se de la brasserie Van Steenberge. L&rsquo;attention port\u00e9e aux d\u00e9tails et la fiert\u00e9 du fabricant sont ind\u00e9niables.<\/p>\n<p>Mais aussi fiers de la r\u00e9gion et de tout ce qui s&rsquo;y passe, c&rsquo;est pourquoi nous soutenons autant d&rsquo;associations et d&rsquo;initiatives locales que possible.<\/p>\n[\/vc_column_text]<div class=\"vcex-spacing wpex-w-100 wpex-clear\"><\/div>[\/vc_column][\/vc_row][vc_row full_width=\u00a0\u00bbstretch_row\u00a0\u00bb equal_height=\u00a0\u00bbyes\u00a0\u00bb el_class=\u00a0\u00bbpadding-row\u00a0\u00bb][vc_column width=\u00a0\u00bb1\/2&Prime;]<h2 class=\"vcex-heading vcex-heading-side-border vcex-module wpex-heading wpex-text-2xl wpex-h2 wpex-flex wpex-items-center\"><span class=\"vcex-heading-inner wpex-inline-block\">Collaboration avec l&apos;atelier Gandae<\/span><span class=\"vcex-heading-side-border__border wpex-flex-grow wpex-h-0 wpex-border-solid wpex-border-gray-900 wpex-ml-15 wpex-border-b\"><\/span><\/h2>[vc_column_text]\n<div class=\"inner inner-wysiwyg col-md-6 right\">\n<p>GandaeHandlingAtelier offre un emploi aux personnes qualifi\u00e9es souffrant d&rsquo;un handicap mental l\u00e9ger ou mod\u00e9r\u00e9, qui sont soup\u00e7onn\u00e9es d&rsquo;\u00eatre incapables de travailler dans le milieu professionnel ordinaire. Elles emploient des personnes autoris\u00e9es par le gouvernement \u00e0 travailler dans des ateliers prot\u00e9g\u00e9s.<\/p>\n<div class=\"col-md-3 vcenter right text\">\n<div class=\"inner inner-text title c-white p-r-20\">A eux aussi, nous voulons apporter notre soutien pour qu&rsquo;ils puissent aller de l&rsquo;avant !<\/div>\n<\/div>\n<div class=\"col-md-3 vcenter wysiwyg\">\n<div class=\"inner inner-wysiwyg p-t-10\">\n<p>80% de nos ventes sont destin\u00e9es \u00e0 l&rsquo;exportation, l&#8217;emballage requiert une attention et une flexibilit\u00e9 particuli\u00e8res. Le personnel de Gandae s&rsquo;en charge parfaitement. Il s&rsquo;agit donc d&rsquo;une situation clairement gagnant-gagnant<\/p>\n<\/div>\n<\/div>\n<\/div>\n[\/vc_column_text]<div class=\"vcex-spacing wpex-w-100 wpex-clear\"><\/div>[\/vc_column][vc_column width=\u00a0\u00bb1\/2&Prime;]<figure class=\"vcex-image vcex-module\"><div class=\"vcex-image-inner wpex-relative wpex-inline-block\"><img width=\"2560\" height=\"1707\" src=\"https:\/\/www.vansteenberge.com\/wp-content\/uploads\/2023\/09\/Lagering_BarBaptist_Brouwerij_Van_Steenberge-scaled.jpg\" class=\"vcex-image-img wpex-align-middle\" alt=\"\" loading=\"lazy\" decoding=\"async\" srcset=\"https:\/\/www.vansteenberge.com\/wp-content\/uploads\/2023\/09\/Lagering_BarBaptist_Brouwerij_Van_Steenberge-scaled.jpg 2560w, https:\/\/www.vansteenberge.com\/wp-content\/uploads\/2023\/09\/Lagering_BarBaptist_Brouwerij_Van_Steenberge-300x200.jpg 300w, https:\/\/www.vansteenberge.com\/wp-content\/uploads\/2023\/09\/Lagering_BarBaptist_Brouwerij_Van_Steenberge-1024x683.jpg 1024w, https:\/\/www.vansteenberge.com\/wp-content\/uploads\/2023\/09\/Lagering_BarBaptist_Brouwerij_Van_Steenberge-768x512.jpg 768w, https:\/\/www.vansteenberge.com\/wp-content\/uploads\/2023\/09\/Lagering_BarBaptist_Brouwerij_Van_Steenberge-1536x1024.jpg 1536w, https:\/\/www.vansteenberge.com\/wp-content\/uploads\/2023\/09\/Lagering_BarBaptist_Brouwerij_Van_Steenberge-2048x1365.jpg 2048w, https:\/\/www.vansteenberge.com\/wp-content\/uploads\/2023\/09\/Lagering_BarBaptist_Brouwerij_Van_Steenberge-600x400.jpg 600w\" sizes=\"auto, (max-width: 2560px) 100vw, 2560px\" \/><\/div><\/figure>[\/vc_column][\/vc_row][vc_row][vc_column]<figure class=\"vcex-image vcex-module\"><div class=\"vcex-image-inner wpex-relative wpex-inline-block\"><img width=\"2000\" height=\"667\" src=\"https:\/\/www.vansteenberge.com\/wp-content\/uploads\/2023\/09\/Jef_Versele_Brouwzaal_Brouwerij-Van-Steenberge_banner.png\" class=\"vcex-image-img wpex-align-middle\" alt=\"\" loading=\"lazy\" decoding=\"async\" srcset=\"https:\/\/www.vansteenberge.com\/wp-content\/uploads\/2023\/09\/Jef_Versele_Brouwzaal_Brouwerij-Van-Steenberge_banner.png 2000w, https:\/\/www.vansteenberge.com\/wp-content\/uploads\/2023\/09\/Jef_Versele_Brouwzaal_Brouwerij-Van-Steenberge_banner-300x100.png 300w, https:\/\/www.vansteenberge.com\/wp-content\/uploads\/2023\/09\/Jef_Versele_Brouwzaal_Brouwerij-Van-Steenberge_banner-1024x342.png 1024w, https:\/\/www.vansteenberge.com\/wp-content\/uploads\/2023\/09\/Jef_Versele_Brouwzaal_Brouwerij-Van-Steenberge_banner-768x256.png 768w, https:\/\/www.vansteenberge.com\/wp-content\/uploads\/2023\/09\/Jef_Versele_Brouwzaal_Brouwerij-Van-Steenberge_banner-1536x512.png 1536w, https:\/\/www.vansteenberge.com\/wp-content\/uploads\/2023\/09\/Jef_Versele_Brouwzaal_Brouwerij-Van-Steenberge_banner-600x200.png 600w\" sizes=\"auto, (max-width: 2000px) 100vw, 2000px\" \/><\/div><\/figure>[\/vc_column][\/vc_row][vc_row][vc_column]<div class=\"wpex-template-shortcode\"><div class=\"vc_row wpb_row vc_row-fluid vc_row-o-equal-height vc_row-o-content-middle vc_row-flex wpex-relative wpex-vc-has-custom-column-spacing wpex-vc-column-spacing-0px\"><div class=\"wpb_column vc_column_container vc_col-sm-6\"><div class=\"vc_column-inner\"><div class=\"wpb_wrapper\"><h2 class=\"vcex-heading vcex-heading-side-border vcex-module wpex-heading wpex-text-2xl wpex-h2 wpex-flex wpex-items-center\"><span class=\"vcex-heading-inner wpex-inline-block\">D\u00e9couvrir<br \/>\nnotre boutique en ligne<\/span><span class=\"vcex-heading-side-border__border wpex-flex-grow wpex-h-0 wpex-border-solid wpex-border-gray-900 wpex-ml-15 wpex-border-b\"><\/span><\/h2><div class=\"vcex-spacing wpex-w-100 wpex-clear\"><\/div>\n\t<div class=\"wpb_text_column wpb_content_element\" >\n\t\t<div class=\"wpb_wrapper\">\n\t\t\t<p>Sur notre boutique en ligne, vous trouverez<br \/>\ns\u00e9lection exquise de nos bi\u00e8res.<\/p>\n\n\t\t<\/div>\n\t<\/div>\n<div class=\"vcex-spacing wpex-w-100 wpex-clear\"><\/div><a href=\"\/fr\/shop\/\" class=\"vcex-button theme-button inline\"><span class=\"vcex-button-inner theme-button-inner wpex-flex wpex-flex-wrap wpex-items-center wpex-justify-center\">Vers le magasin<\/span><\/a> <div class=\"vcex-spacing wpex-w-100 wpex-clear\"><\/div><\/div><\/div><\/div><div class=\"wpb_column vc_column_container vc_col-sm-6\"><div class=\"vc_column-inner\"><div class=\"wpb_wrapper\"><figure class=\"vcex-image vcex-module\"><div class=\"vcex-image-inner wpex-relative wpex-inline-block\"><img width=\"820\" height=\"600\" src=\"https:\/\/www.vansteenberge.com\/wp-content\/uploads\/2023\/06\/GuldenDraak_Combination.png\" class=\"vcex-image-img wpex-align-middle\" alt=\"\" loading=\"lazy\" decoding=\"async\" srcset=\"https:\/\/www.vansteenberge.com\/wp-content\/uploads\/2023\/06\/GuldenDraak_Combination.png 820w, https:\/\/www.vansteenberge.com\/wp-content\/uploads\/2023\/06\/GuldenDraak_Combination-300x220.png 300w, https:\/\/www.vansteenberge.com\/wp-content\/uploads\/2023\/06\/GuldenDraak_Combination-768x562.png 768w\" sizes=\"auto, (max-width: 820px) 100vw, 820px\" \/><\/div><\/figure><\/div><\/div><\/div><\/div>\n<\/div>[\/vc_column][\/vc_row]\n<\/div>","protected":false},"excerpt":{"rendered":"Un processus continu d&apos;am\u00e9lioration. La brasserie Van Steenberge est synonyme d'ind\u00e9pendance, de progr\u00e8s et de croissance. Nous mettons l'accent sur le brassage traditionnel adapt\u00e9 aux \u00e9volutions technologiques et garantissons une qualit\u00e9 et un service fiables. Le respect des employ\u00e9s et la protection de l'environnement sont au c\u0153ur de cette politique. Tout commence par l&apos;eau L'eau&hellip;","protected":false},"author":1,"featured_media":1816,"parent":0,"menu_order":0,"comment_status":"closed","ping_status":"closed","template":"","meta":{"_acf_changed":false,"bwfblock_default_font":"","footnotes":""},"class_list":["post-2092","page","type-page","status-publish","has-post-thumbnail","hentry","entry","has-media"],"acf":[],"_links":{"self":[{"href":"https:\/\/www.vansteenberge.com\/fr\/wp-json\/wp\/v2\/pages\/2092","targetHints":{"allow":["GET"]}}],"collection":[{"href":"https:\/\/www.vansteenberge.com\/fr\/wp-json\/wp\/v2\/pages"}],"about":[{"href":"https:\/\/www.vansteenberge.com\/fr\/wp-json\/wp\/v2\/types\/page"}],"author":[{"embeddable":true,"href":"https:\/\/www.vansteenberge.com\/fr\/wp-json\/wp\/v2\/users\/1"}],"replies":[{"embeddable":true,"href":"https:\/\/www.vansteenberge.com\/fr\/wp-json\/wp\/v2\/comments?post=2092"}],"version-history":[{"count":0,"href":"https:\/\/www.vansteenberge.com\/fr\/wp-json\/wp\/v2\/pages\/2092\/revisions"}],"wp:featuredmedia":[{"embeddable":true,"href":"https:\/\/www.vansteenberge.com\/fr\/wp-json\/wp\/v2\/media\/1816"}],"wp:attachment":[{"href":"https:\/\/www.vansteenberge.com\/fr\/wp-json\/wp\/v2\/media?parent=2092"}],"curies":[{"name":"wp","href":"https:\/\/api.w.org\/{rel}","templated":true}]}}