{"id":16257,"date":"2024-09-02T16:32:47","date_gmt":"2024-09-02T14:32:47","guid":{"rendered":"https:\/\/www.vansteenberge.com\/?post_type=product&#038;p=16257"},"modified":"2026-03-29T18:02:34","modified_gmt":"2026-03-29T16:02:34","slug":"fourchette-12-x-33cl","status":"publish","type":"product","link":"https:\/\/www.vansteenberge.com\/fr\/product\/fourchette-12x33cl\/","title":{"rendered":"Fourchette 12 x 33cl"},"content":{"rendered":"<div class=\"wpb-content-wrapper\">[vc_row][vc_column][vc_column_text]Fourchette na\u00eet de la rencontre de deux passions : le go\u00fbt raffin\u00e9 des grands chefs et le savoir-faire de six g\u00e9n\u00e9rations de ma\u00eetres brasseurs. La Fourchette est une bi\u00e8re vivante, fabriqu\u00e9e \u00e0 partir des meilleures mati\u00e8res premi\u00e8res : malt, bl\u00e9, houblon, mo\u00fbt, &#8230; Gr\u00e2ce au processus de fermentation haute et de fermentation secondaire en bouteille, nous cr\u00e9ons un \u00e9quilibre velout\u00e9 entre une l\u00e9g\u00e8re amertume et un agr\u00e9able rafra\u00eechissement.[\/vc_column_text]\n<p>&nbsp;<\/p>\n<p><strong>Ontvang nu gratis 1 setje coasters bij aankoop van Fourchette 12 x 33cl .*<\/strong><\/p>\n<p>*<a href=\"https:\/\/www.vansteenberge.com\/actievoorwaarden-fourchette-metalen-coasters\/\">Actievoorwaarden<\/a><\/p>\n<\/div>","protected":false},"excerpt":{"rendered":"<p>Fourchette 12 x 33cl<\/p>\n","protected":false},"featured_media":1276,"comment_status":"closed","ping_status":"closed","template":"","meta":{"_acf_changed":false,"bwfblock_default_font":""},"product_brand":[],"product_cat":[162,125],"product_tag":[189],"class_list":{"0":"post-16257","1":"product","2":"type-product","3":"status-publish","4":"has-post-thumbnail","6":"product_cat-biere","7":"product_cat-fourchette-fr","8":"product_tag-hide-in-carousel-fr","9":"entry","10":"has-media","12":"first","13":"instock","14":"taxable","15":"shipping-taxable","16":"purchasable","17":"product-type-simple"},"acf":[],"_links":{"self":[{"href":"https:\/\/www.vansteenberge.com\/fr\/wp-json\/wp\/v2\/product\/16257","targetHints":{"allow":["GET"]}}],"collection":[{"href":"https:\/\/www.vansteenberge.com\/fr\/wp-json\/wp\/v2\/product"}],"about":[{"href":"https:\/\/www.vansteenberge.com\/fr\/wp-json\/wp\/v2\/types\/product"}],"replies":[{"embeddable":true,"href":"https:\/\/www.vansteenberge.com\/fr\/wp-json\/wp\/v2\/comments?post=16257"}],"wp:featuredmedia":[{"embeddable":true,"href":"https:\/\/www.vansteenberge.com\/fr\/wp-json\/wp\/v2\/media\/1276"}],"wp:attachment":[{"href":"https:\/\/www.vansteenberge.com\/fr\/wp-json\/wp\/v2\/media?parent=16257"}],"wp:term":[{"taxonomy":"product_brand","embeddable":true,"href":"https:\/\/www.vansteenberge.com\/fr\/wp-json\/wp\/v2\/product_brand?post=16257"},{"taxonomy":"product_cat","embeddable":true,"href":"https:\/\/www.vansteenberge.com\/fr\/wp-json\/wp\/v2\/product_cat?post=16257"},{"taxonomy":"product_tag","embeddable":true,"href":"https:\/\/www.vansteenberge.com\/fr\/wp-json\/wp\/v2\/product_tag?post=16257"}],"curies":[{"name":"wp","href":"https:\/\/api.w.org\/{rel}","templated":true}]}}