{"id":20260,"date":"2024-09-12T14:13:27","date_gmt":"2024-09-12T12:13:27","guid":{"rendered":"https:\/\/www.vansteenberge.com\/?post_type=product&#038;p=20260"},"modified":"2026-02-28T20:25:28","modified_gmt":"2026-02-28T19:25:28","slug":"botte-de-verre-pirate-33cl","status":"publish","type":"product","link":"https:\/\/www.vansteenberge.com\/fr\/product\/botte-de-verre-pirate-33cl\/","title":{"rendered":"Botte de verre Pirate &#8211; 33cl"},"content":{"rendered":"<p>Sa puissance vous fait voyager \u00e0 travers des saveurs uniques, brass\u00e9es dans la riche tradition de la brasserie. Une bi\u00e8re vivante au pass\u00e9 riche. Mettez les voiles !<\/p>\n<p>1 x Botte de verre Pirate 33cl<\/p>\n<p>&nbsp;<\/p>\n<p>&nbsp;<\/p>\n<p>&nbsp;<\/p>\n","protected":false},"excerpt":{"rendered":"<p>Botte de verre Pirate 33cl<\/p>\n","protected":false},"featured_media":20265,"comment_status":"closed","ping_status":"closed","template":"","meta":{"_acf_changed":false,"bwfblock_default_font":""},"product_brand":[],"product_cat":[213],"product_tag":[],"class_list":{"0":"post-20260","1":"product","2":"type-product","3":"status-publish","4":"has-post-thumbnail","6":"product_cat-verres-a-biere","7":"entry","8":"has-media","10":"first","11":"instock","12":"taxable","13":"shipping-taxable","14":"purchasable","15":"product-type-simple"},"acf":[],"_links":{"self":[{"href":"https:\/\/www.vansteenberge.com\/fr\/wp-json\/wp\/v2\/product\/20260","targetHints":{"allow":["GET"]}}],"collection":[{"href":"https:\/\/www.vansteenberge.com\/fr\/wp-json\/wp\/v2\/product"}],"about":[{"href":"https:\/\/www.vansteenberge.com\/fr\/wp-json\/wp\/v2\/types\/product"}],"replies":[{"embeddable":true,"href":"https:\/\/www.vansteenberge.com\/fr\/wp-json\/wp\/v2\/comments?post=20260"}],"wp:featuredmedia":[{"embeddable":true,"href":"https:\/\/www.vansteenberge.com\/fr\/wp-json\/wp\/v2\/media\/20265"}],"wp:attachment":[{"href":"https:\/\/www.vansteenberge.com\/fr\/wp-json\/wp\/v2\/media?parent=20260"}],"wp:term":[{"taxonomy":"product_brand","embeddable":true,"href":"https:\/\/www.vansteenberge.com\/fr\/wp-json\/wp\/v2\/product_brand?post=20260"},{"taxonomy":"product_cat","embeddable":true,"href":"https:\/\/www.vansteenberge.com\/fr\/wp-json\/wp\/v2\/product_cat?post=20260"},{"taxonomy":"product_tag","embeddable":true,"href":"https:\/\/www.vansteenberge.com\/fr\/wp-json\/wp\/v2\/product_tag?post=20260"}],"curies":[{"name":"wp","href":"https:\/\/api.w.org\/{rel}","templated":true}]}}