{"id":20279,"date":"2024-09-12T14:38:55","date_gmt":"2024-09-12T12:38:55","guid":{"rendered":"https:\/\/www.vansteenberge.com\/?post_type=product&#038;p=20279"},"modified":"2026-04-11T17:18:23","modified_gmt":"2026-04-11T15:18:23","slug":"piraat-7","status":"publish","type":"product","link":"https:\/\/www.vansteenberge.com\/fr\/product\/piraat-7-33-centiliter\/","title":{"rendered":"Piraat 7 &#8211; 33cl"},"content":{"rendered":"<p>Cette bi\u00e8re blonde de fermentation haute et de fermentation secondaire pr\u00e9sente un ar\u00f4me tr\u00e8s cors\u00e9 et un \u00e9quilibre parfait entre le sucr\u00e9 et l&rsquo;amer, avec un arri\u00e8re-go\u00fbt agr\u00e9able. Une bi\u00e8re blonde et lourde \u00e0 d\u00e9guster pendant longtemps.<\/p>\n<p>La fermentation en bouteille et en barrique garantit une dur\u00e9e de conservation de plusieurs ann\u00e9es et une \u00e9volution de la saveur.<\/p>\n<p style=\"text-align: center;\">\n","protected":false},"excerpt":{"rendered":"<p>Bi\u00e8re blonde l\u00e9g\u00e8re \u00e0 la mousse blanche et pleine.<\/p>\n","protected":false},"featured_media":20287,"comment_status":"closed","ping_status":"closed","template":"","meta":{"_acf_changed":false,"bwfblock_default_font":""},"product_brand":[],"product_cat":[162,123],"product_tag":[],"class_list":{"0":"post-20279","1":"product","2":"type-product","3":"status-publish","4":"has-post-thumbnail","6":"product_cat-biere","7":"product_cat-piraat-fr","8":"entry","9":"has-media","11":"first","12":"instock","13":"taxable","14":"shipping-taxable","15":"purchasable","16":"product-type-simple"},"acf":[],"_links":{"self":[{"href":"https:\/\/www.vansteenberge.com\/fr\/wp-json\/wp\/v2\/product\/20279","targetHints":{"allow":["GET"]}}],"collection":[{"href":"https:\/\/www.vansteenberge.com\/fr\/wp-json\/wp\/v2\/product"}],"about":[{"href":"https:\/\/www.vansteenberge.com\/fr\/wp-json\/wp\/v2\/types\/product"}],"replies":[{"embeddable":true,"href":"https:\/\/www.vansteenberge.com\/fr\/wp-json\/wp\/v2\/comments?post=20279"}],"wp:featuredmedia":[{"embeddable":true,"href":"https:\/\/www.vansteenberge.com\/fr\/wp-json\/wp\/v2\/media\/20287"}],"wp:attachment":[{"href":"https:\/\/www.vansteenberge.com\/fr\/wp-json\/wp\/v2\/media?parent=20279"}],"wp:term":[{"taxonomy":"product_brand","embeddable":true,"href":"https:\/\/www.vansteenberge.com\/fr\/wp-json\/wp\/v2\/product_brand?post=20279"},{"taxonomy":"product_cat","embeddable":true,"href":"https:\/\/www.vansteenberge.com\/fr\/wp-json\/wp\/v2\/product_cat?post=20279"},{"taxonomy":"product_tag","embeddable":true,"href":"https:\/\/www.vansteenberge.com\/fr\/wp-json\/wp\/v2\/product_tag?post=20279"}],"curies":[{"name":"wp","href":"https:\/\/api.w.org\/{rel}","templated":true}]}}