{"id":2220,"date":"2023-08-03T07:25:58","date_gmt":"2023-08-03T07:25:58","guid":{"rendered":"https:\/\/www.vansteenberge.com\/product\/augustine-blonde\/"},"modified":"2026-04-10T11:52:42","modified_gmt":"2026-04-10T09:52:42","slug":"augustijn-blond","status":"publish","type":"product","link":"https:\/\/www.vansteenberge.com\/fr\/product\/augustijn-blonde-33cl\/","title":{"rendered":"Augustijn Blonde &#8211; 33cl"},"content":{"rendered":"<p><strong>Histoire<\/strong><\/p>\n<p><span class=\"TextRun SCXW39440716 BCX0\" lang=\"FR-FR\" xml:lang=\"FR-FR\" data-contrast=\"auto\"><span class=\"NormalTextRun SCXW39440716 BCX0\">L<\/span><span class=\"NormalTextRun SCXW39440716 BCX0\">\u2019<\/span><span class=\"NormalTextRun SpellingErrorV2Themed SCXW39440716 BCX0\">Augustijn<\/span><span class=\"NormalTextRun SCXW39440716 BCX0\">\u00a0est une bi\u00e8re d<\/span><span class=\"NormalTextRun SCXW39440716 BCX0\">\u2019<\/span><span class=\"NormalTextRun SCXW39440716 BCX0\">abbaye gantoise s\u00e9culaire, brass\u00e9e par la Brasserie Van\u00a0<\/span><span class=\"NormalTextRun SpellingErrorV2Themed SCXW39440716 BCX0\">Steenberge<\/span><span class=\"NormalTextRun SCXW39440716 BCX0\">\u00a0depuis 1978. Gr\u00e2ce \u00e0 la recette d<\/span><span class=\"NormalTextRun SCXW39440716 BCX0\">\u2019<\/span><span class=\"NormalTextRun SCXW39440716 BCX0\">origine et aux levures historiques confi\u00e9es par les p\u00e8res augustins, elle fut relanc\u00e9e en 1982 par Jozef Van\u00a0<\/span><span class=\"NormalTextRun SpellingErrorV2Themed SCXW39440716 BCX0\">Steenberge<\/span><span class=\"NormalTextRun SCXW39440716 BCX0\">, avec une fermentation secondaire en bouteille qui lui conf\u00e8re\u00a0<\/span><span class=\"NormalTextRun SCXW39440716 BCX0\">une merveilleuse\u00a0<\/span><span class=\"NormalTextRun SCXW39440716 BCX0\">profondeur.<\/span><\/span><span class=\"EOP SCXW39440716 BCX0\" data-ccp-props=\"{&quot;201341983&quot;:0,&quot;335559739&quot;:0,&quot;335559740&quot;:240}\">\u00a0<\/span><\/p>\n<p><strong>Description de produit<\/strong><\/p>\n<p>Authentique bi\u00e8re blonde de monast\u00e8re de fermentation haute avec fermentation secondaire. Trois vari\u00e9t\u00e9s de levures diff\u00e9rentes apportent une saveur exceptionnelle avec une touche fruit\u00e9e. Si vous buvez la bi\u00e8re jeune (jusqu&rsquo;\u00e0 3 mois apr\u00e8s la mise en bouteille), vous d\u00e9couvrirez une saveur fruit\u00e9e et houblonn\u00e9e. En laissant vieillir la bi\u00e8re, la couleur devient plus profonde et la saveur plus prononc\u00e9e.<\/p>\n<p>&nbsp;<\/p>\n","protected":false},"excerpt":{"rendered":"<p>Blond kloosterbier van hoge gisting<\/p>\n","protected":false},"featured_media":1212,"comment_status":"closed","ping_status":"closed","template":"","meta":{"_acf_changed":false,"bwfblock_default_font":""},"product_brand":[],"product_cat":[109,162],"product_tag":[],"class_list":{"0":"post-2220","1":"product","2":"type-product","3":"status-publish","4":"has-post-thumbnail","6":"product_cat-augustijn-fr","7":"product_cat-biere","8":"entry","9":"has-media","11":"first","12":"instock","13":"taxable","14":"shipping-taxable","15":"purchasable","16":"product-type-simple"},"acf":[],"_links":{"self":[{"href":"https:\/\/www.vansteenberge.com\/fr\/wp-json\/wp\/v2\/product\/2220","targetHints":{"allow":["GET"]}}],"collection":[{"href":"https:\/\/www.vansteenberge.com\/fr\/wp-json\/wp\/v2\/product"}],"about":[{"href":"https:\/\/www.vansteenberge.com\/fr\/wp-json\/wp\/v2\/types\/product"}],"replies":[{"embeddable":true,"href":"https:\/\/www.vansteenberge.com\/fr\/wp-json\/wp\/v2\/comments?post=2220"}],"wp:featuredmedia":[{"embeddable":true,"href":"https:\/\/www.vansteenberge.com\/fr\/wp-json\/wp\/v2\/media\/1212"}],"wp:attachment":[{"href":"https:\/\/www.vansteenberge.com\/fr\/wp-json\/wp\/v2\/media?parent=2220"}],"wp:term":[{"taxonomy":"product_brand","embeddable":true,"href":"https:\/\/www.vansteenberge.com\/fr\/wp-json\/wp\/v2\/product_brand?post=2220"},{"taxonomy":"product_cat","embeddable":true,"href":"https:\/\/www.vansteenberge.com\/fr\/wp-json\/wp\/v2\/product_cat?post=2220"},{"taxonomy":"product_tag","embeddable":true,"href":"https:\/\/www.vansteenberge.com\/fr\/wp-json\/wp\/v2\/product_tag?post=2220"}],"curies":[{"name":"wp","href":"https:\/\/api.w.org\/{rel}","templated":true}]}}