{"id":2250,"date":"2023-08-05T19:56:23","date_gmt":"2023-08-05T19:56:23","guid":{"rendered":"https:\/\/www.vansteenberge.com\/product\/dragon-dor-classique\/"},"modified":"2026-04-10T11:52:42","modified_gmt":"2026-04-10T09:52:42","slug":"gulden-draak-classic","status":"publish","type":"product","link":"https:\/\/www.vansteenberge.com\/fr\/product\/gulden-draak-classique-33cl\/","title":{"rendered":"Gulden Draak Classique &#8211; 33cl"},"content":{"rendered":"<div class=\"grid__12 grid__6@med flex flex-column flex-justify-center\">\n<div class=\"grid__12 grid__6@med flex flex-column flex-justify-center\">\n<div class=\"spacer block--lists\">\n<p><strong>Histoire<\/strong><\/p>\n<p>Les bi\u00e8res Gulden Draak comptent parmi les plus prim\u00e9es de la gamme de la brasserie. La Gulden Draak Classic remporte depuis des ann\u00e9es des m\u00e9dailles d&rsquo;or lors de concours prestigieux tels que les World Beer Awards, l&rsquo;European Beer Challenge et l&rsquo;International Beer Challenge. Depuis 2020, l&rsquo;Imperial Stout et la Smoked ont \u00e9galement remport\u00e9 un nombre impressionnant de prix, avec des titres aux World Beer Awards confirm\u00e9s pour 2024 et 2025.<\/p>\n<p><strong>Description de produit<\/strong><\/p>\n<p>C&rsquo;est une triple brune, ce qui en fait d\u00e9j\u00e0 une bi\u00e8re exceptionnelle, mais son go\u00fbt complexe aux notes de caramel, de malt torr\u00e9fi\u00e9 et de caf\u00e9 la rend unique. Une levure de vin est utilis\u00e9e pour la fermentation secondaire, ce qui d\u00e9termine le go\u00fbt incomparable et assure l&rsquo;\u00e9volution \u00e0 long terme du go\u00fbt (= bi\u00e8re vivante). Plus la bi\u00e8re vieillit, plus elle acquiert d&rsquo;ar\u00f4mes et plus sa saveur et sa couleur s&rsquo;intensifient. Il vaut donc la peine de conserver quelques grandes bouteilles et de les laisser vieillir pendant de nombreuses ann\u00e9es.<\/p>\n<p><span style=\"font-size: 16px;\"><em>La bi\u00e8re du m\u00eame nom est tout aussi embl\u00e9matique. Une belle bi\u00e8re d&rsquo;un rouge-brun profond au caract\u00e8re malt\u00e9 sucr\u00e9 et aux notes expressives de caramel, de chocolat au lait et une touche de banane. <\/em><\/span><\/p>\n<p><span style=\"font-size: 16px;\"><em>Sofie Vanrafelghem<\/em><\/span><\/p>\n<\/div>\n<\/div>\n<\/div>\n","protected":false},"excerpt":{"rendered":"<p>De authentieke, robijnrode tripel<\/p>\n","protected":false},"featured_media":4476,"comment_status":"closed","ping_status":"closed","template":"","meta":{"_acf_changed":false,"bwfblock_default_font":""},"product_brand":[],"product_cat":[162,116],"product_tag":[],"class_list":{"0":"post-2250","1":"product","2":"type-product","3":"status-publish","4":"has-post-thumbnail","6":"product_cat-biere","7":"product_cat-gulden-draak","8":"entry","9":"has-media","11":"first","12":"instock","13":"taxable","14":"shipping-taxable","15":"purchasable","16":"product-type-simple"},"acf":[],"_links":{"self":[{"href":"https:\/\/www.vansteenberge.com\/fr\/wp-json\/wp\/v2\/product\/2250","targetHints":{"allow":["GET"]}}],"collection":[{"href":"https:\/\/www.vansteenberge.com\/fr\/wp-json\/wp\/v2\/product"}],"about":[{"href":"https:\/\/www.vansteenberge.com\/fr\/wp-json\/wp\/v2\/types\/product"}],"replies":[{"embeddable":true,"href":"https:\/\/www.vansteenberge.com\/fr\/wp-json\/wp\/v2\/comments?post=2250"}],"wp:featuredmedia":[{"embeddable":true,"href":"https:\/\/www.vansteenberge.com\/fr\/wp-json\/wp\/v2\/media\/4476"}],"wp:attachment":[{"href":"https:\/\/www.vansteenberge.com\/fr\/wp-json\/wp\/v2\/media?parent=2250"}],"wp:term":[{"taxonomy":"product_brand","embeddable":true,"href":"https:\/\/www.vansteenberge.com\/fr\/wp-json\/wp\/v2\/product_brand?post=2250"},{"taxonomy":"product_cat","embeddable":true,"href":"https:\/\/www.vansteenberge.com\/fr\/wp-json\/wp\/v2\/product_cat?post=2250"},{"taxonomy":"product_tag","embeddable":true,"href":"https:\/\/www.vansteenberge.com\/fr\/wp-json\/wp\/v2\/product_tag?post=2250"}],"curies":[{"name":"wp","href":"https:\/\/api.w.org\/{rel}","templated":true}]}}