{"id":2257,"date":"2023-08-02T07:13:32","date_gmt":"2023-08-02T07:13:32","guid":{"rendered":"https:\/\/www.vansteenberge.com\/product\/augustijn-donker\/"},"modified":"2026-03-25T09:58:03","modified_gmt":"2026-03-25T08:58:03","slug":"augustijn-donker","status":"publish","type":"product","link":"https:\/\/www.vansteenberge.com\/fr\/product\/augustijn-brune-33cl\/","title":{"rendered":"Augustijn Brune &#8211; 33cl"},"content":{"rendered":"<p><strong>Histoire<\/strong><\/p>\n<p>Gr\u00e2ce aux levures historiques des augustins, Jozef Van Steenberge r\u00e9ussit \u00e0 se distinguer des brasseurs de pils de l\u2019\u00e9poque. Ces levures constituent encore aujourd\u2019hui la signature de l\u2019Augustijn et de nombreuses bi\u00e8res de la brasserie.<\/p>\n<p><strong>Description de produit<\/strong><\/p>\n<p>La bi\u00e8re n&rsquo;est pas franchement sucr\u00e9e, comme beaucoup l&rsquo;attendent d&rsquo;une bi\u00e8re de sp\u00e9cialit\u00e9 fonc\u00e9e.<br \/>\nIl a plut\u00f4t un go\u00fbt l\u00e9g\u00e8rement fum\u00e9 avec des notes de noix et de caramel.<\/p>\n<p>&nbsp;<\/p>\n","protected":false},"excerpt":{"rendered":"<p>Niet uitgesproken zoet, donker speciaalbier.<\/p>\n","protected":false},"featured_media":1220,"comment_status":"closed","ping_status":"closed","template":"","meta":{"_acf_changed":false,"bwfblock_default_font":""},"product_brand":[],"product_cat":[109,162],"product_tag":[],"class_list":{"0":"post-2257","1":"product","2":"type-product","3":"status-publish","4":"has-post-thumbnail","6":"product_cat-augustijn-fr","7":"product_cat-biere","8":"entry","9":"has-media","11":"first","12":"instock","13":"taxable","14":"shipping-taxable","15":"purchasable","16":"product-type-simple"},"acf":[],"_links":{"self":[{"href":"https:\/\/www.vansteenberge.com\/fr\/wp-json\/wp\/v2\/product\/2257","targetHints":{"allow":["GET"]}}],"collection":[{"href":"https:\/\/www.vansteenberge.com\/fr\/wp-json\/wp\/v2\/product"}],"about":[{"href":"https:\/\/www.vansteenberge.com\/fr\/wp-json\/wp\/v2\/types\/product"}],"replies":[{"embeddable":true,"href":"https:\/\/www.vansteenberge.com\/fr\/wp-json\/wp\/v2\/comments?post=2257"}],"wp:featuredmedia":[{"embeddable":true,"href":"https:\/\/www.vansteenberge.com\/fr\/wp-json\/wp\/v2\/media\/1220"}],"wp:attachment":[{"href":"https:\/\/www.vansteenberge.com\/fr\/wp-json\/wp\/v2\/media?parent=2257"}],"wp:term":[{"taxonomy":"product_brand","embeddable":true,"href":"https:\/\/www.vansteenberge.com\/fr\/wp-json\/wp\/v2\/product_brand?post=2257"},{"taxonomy":"product_cat","embeddable":true,"href":"https:\/\/www.vansteenberge.com\/fr\/wp-json\/wp\/v2\/product_cat?post=2257"},{"taxonomy":"product_tag","embeddable":true,"href":"https:\/\/www.vansteenberge.com\/fr\/wp-json\/wp\/v2\/product_tag?post=2257"}],"curies":[{"name":"wp","href":"https:\/\/api.w.org\/{rel}","templated":true}]}}