{"id":2293,"date":"2023-08-03T10:37:59","date_gmt":"2023-08-03T10:37:59","guid":{"rendered":"https:\/\/www.vansteenberge.com\/product\/pirate\/"},"modified":"2026-04-28T20:21:45","modified_gmt":"2026-04-28T18:21:45","slug":"piraat","status":"publish","type":"product","link":"https:\/\/www.vansteenberge.com\/fr\/product\/piraat-33cl\/","title":{"rendered":"Piraat &#8211; 33cl"},"content":{"rendered":"<p><strong><span class=\"TextRun SCXW30466277 BCX0\" lang=\"FR-FR\" xml:lang=\"FR-FR\" data-contrast=\"auto\"><span class=\"NormalTextRun SCXW30466277 BCX0\">Histoire<\/span><\/span><\/strong><\/p>\n<p><span class=\"TextRun SCXW30466277 BCX0\" lang=\"FR-FR\" xml:lang=\"FR-FR\" data-contrast=\"auto\"><span class=\"NormalTextRun SCXW30466277 BCX0\">En 2012, <\/span><span class=\"NormalTextRun SpellingErrorV2Themed SCXW30466277 BCX0\">Piraat<\/span><span class=\"NormalTextRun SCXW30466277 BCX0\">\u00a0<\/span><span class=\"NormalTextRun SCXW30466277 BCX0\">a d\u00e9croch\u00e9\u00a0<\/span><span class=\"NormalTextRun SCXW30466277 BCX0\">la m\u00e9daille d<\/span><span class=\"NormalTextRun SCXW30466277 BCX0\">\u2019<\/span><span class=\"NormalTextRun SCXW30466277 BCX0\">or \u00e0 la World Beer Cup dans la cat\u00e9gorie\u00a0<\/span><span class=\"NormalTextRun SpellingErrorV2Themed SCXW30466277 BCX0\">Belgian<\/span><span class=\"NormalTextRun SCXW30466277 BCX0\">-Style Pale Strong Ale<\/span><span class=\"NormalTextRun SCXW30466277 BCX0\">.<\/span><\/span><span class=\"EOP SCXW30466277 BCX0\" data-ccp-props=\"{&quot;201341983&quot;:0,&quot;335559739&quot;:0,&quot;335559740&quot;:240}\">\u00a0<\/span>Depuis lors, cette bi\u00e8re remporte chaque ann\u00e9e des prix lors de prestigieux concours internationaux, confirmant ainsi sa qualit\u00e9 in\u00e9gal\u00e9e.<\/p>\n<p><strong>Description de produit<\/strong><\/p>\n<p>Cette bi\u00e8re blonde de fermentation haute et de fermentation secondaire pr\u00e9sente un ar\u00f4me tr\u00e8s cors\u00e9 et un \u00e9quilibre parfait entre le sucr\u00e9 et l&rsquo;amer, avec un arri\u00e8re-go\u00fbt agr\u00e9able. Une bi\u00e8re ambr\u00e9e et lourde \u00e0 d\u00e9guster pendant longtemps. La fermentation en bouteille et en barrique garantit une dur\u00e9e de conservation de plusieurs ann\u00e9es et une \u00e9volution de la saveur.<\/p>\n","protected":false},"excerpt":{"rendered":"<p>Licht amberkleurig bier met een volle, witte schuimkraag<\/p>\n","protected":false},"featured_media":4491,"comment_status":"closed","ping_status":"closed","template":"","meta":{"_acf_changed":false,"bwfblock_default_font":""},"product_brand":[],"product_cat":[162,123],"product_tag":[],"class_list":{"0":"post-2293","1":"product","2":"type-product","3":"status-publish","4":"has-post-thumbnail","6":"product_cat-biere","7":"product_cat-piraat-fr","8":"entry","9":"has-media","11":"first","12":"outofstock","13":"taxable","14":"shipping-taxable","15":"purchasable","16":"product-type-simple"},"acf":[],"_links":{"self":[{"href":"https:\/\/www.vansteenberge.com\/fr\/wp-json\/wp\/v2\/product\/2293","targetHints":{"allow":["GET"]}}],"collection":[{"href":"https:\/\/www.vansteenberge.com\/fr\/wp-json\/wp\/v2\/product"}],"about":[{"href":"https:\/\/www.vansteenberge.com\/fr\/wp-json\/wp\/v2\/types\/product"}],"replies":[{"embeddable":true,"href":"https:\/\/www.vansteenberge.com\/fr\/wp-json\/wp\/v2\/comments?post=2293"}],"wp:featuredmedia":[{"embeddable":true,"href":"https:\/\/www.vansteenberge.com\/fr\/wp-json\/wp\/v2\/media\/4491"}],"wp:attachment":[{"href":"https:\/\/www.vansteenberge.com\/fr\/wp-json\/wp\/v2\/media?parent=2293"}],"wp:term":[{"taxonomy":"product_brand","embeddable":true,"href":"https:\/\/www.vansteenberge.com\/fr\/wp-json\/wp\/v2\/product_brand?post=2293"},{"taxonomy":"product_cat","embeddable":true,"href":"https:\/\/www.vansteenberge.com\/fr\/wp-json\/wp\/v2\/product_cat?post=2293"},{"taxonomy":"product_tag","embeddable":true,"href":"https:\/\/www.vansteenberge.com\/fr\/wp-json\/wp\/v2\/product_tag?post=2293"}],"curies":[{"name":"wp","href":"https:\/\/api.w.org\/{rel}","templated":true}]}}