{"id":2314,"date":"2023-08-06T10:26:50","date_gmt":"2023-08-06T10:26:50","guid":{"rendered":"https:\/\/www.vansteenberge.com\/product\/ipa-baptiste\/"},"modified":"2026-04-10T11:52:42","modified_gmt":"2026-04-10T09:52:42","slug":"baptist-ipa","status":"publish","type":"product","link":"https:\/\/www.vansteenberge.com\/fr\/product\/baptist-ipa-33cl\/","title":{"rendered":"Baptist IPA &#8211; 33cl"},"content":{"rendered":"<div class=\"grid__12 grid__6@med flex flex-column flex-justify-center\">\n<div class=\"grid__12 grid__6@med flex flex-column flex-justify-center\">\n<div class=\"spacer block--lists\">\n<p><strong>Histoire<\/strong><\/p>\n<p><span data-contrast=\"auto\">La Baptist est \u00e0 la fois un hommage savoureux \u00e0 ce fondateur visionnaire Jan Baptist de Bruyne en 1784 et une cr\u00e9ation c\u00e9l\u00e9brant l\u2019ouverture de notre Bar Baptist. \u00c0 l\u2019origine,\u00a0Jan Baptist\u00a0se lan\u00e7a dans le brassage parall\u00e8lement \u00e0\u00a0son activit\u00e9 agricole, \u00e0 une \u00e9poque o\u00f9 les techniques de refroidissement \u00e9taient quasiment inexistantes. Le brassage se faisait principalement en hiver.\u00a0<\/span><\/p>\n<\/div>\n<p><strong>Description de produit<\/strong><\/p>\n<div class=\"spacer block--lists\">\n<p><span class=\"TextRun SCXW218246832 BCX0\" lang=\"NL-NL\" xml:lang=\"NL-NL\" data-contrast=\"none\"><span class=\"NormalTextRun SCXW218246832 BCX0\">La Baptist <\/span><\/span><span class=\"TextRun Highlight SCXW218246832 BCX0\" lang=\"NL-NL\" xml:lang=\"NL-NL\" data-contrast=\"none\"><span class=\"NormalTextRun SCXW218246832 BCX0\">IPA <\/span><\/span><span class=\"TextRun SCXW218246832 BCX0\" lang=\"NL-NL\" xml:lang=\"NL-NL\" data-contrast=\"none\"><span class=\"NormalTextRun SpellingErrorV2Themed SCXW218246832 BCX0\">est<\/span> <span class=\"NormalTextRun SpellingErrorV2Themed SCXW218246832 BCX0\">une<\/span> <span class=\"NormalTextRun SpellingErrorV2Themed SCXW218246832 BCX0\">bi\u00e8re<\/span> <span class=\"NormalTextRun SpellingErrorV2Themed SCXW218246832 BCX0\">houblonn\u00e9e<\/span><span class=\"NormalTextRun SCXW218246832 BCX0\"> de haute <\/span><span class=\"NormalTextRun SpellingErrorV2Themed SCXW218246832 BCX0\">fermentation avec des notes d&rsquo;agrumes, am\u00e8res et pleines de saveur.<\/span><span class=\"NormalTextRun SCXW218246832 BCX0\"><br \/>\n<\/span><\/span><\/p>\n<\/div>\n<\/div>\n<\/div>\n","protected":false},"excerpt":{"rendered":"<p>Helder hoppig bier van hoge gisting<\/p>\n","protected":false},"featured_media":1240,"comment_status":"closed","ping_status":"closed","template":"","meta":{"_acf_changed":false,"bwfblock_default_font":""},"product_brand":[],"product_cat":[128,162],"product_tag":[],"class_list":{"0":"post-2314","1":"product","2":"type-product","3":"status-publish","4":"has-post-thumbnail","6":"product_cat-baptist-fr","7":"product_cat-biere","8":"entry","9":"has-media","11":"first","12":"instock","13":"taxable","14":"shipping-taxable","15":"purchasable","16":"product-type-simple"},"acf":[],"_links":{"self":[{"href":"https:\/\/www.vansteenberge.com\/fr\/wp-json\/wp\/v2\/product\/2314","targetHints":{"allow":["GET"]}}],"collection":[{"href":"https:\/\/www.vansteenberge.com\/fr\/wp-json\/wp\/v2\/product"}],"about":[{"href":"https:\/\/www.vansteenberge.com\/fr\/wp-json\/wp\/v2\/types\/product"}],"replies":[{"embeddable":true,"href":"https:\/\/www.vansteenberge.com\/fr\/wp-json\/wp\/v2\/comments?post=2314"}],"wp:featuredmedia":[{"embeddable":true,"href":"https:\/\/www.vansteenberge.com\/fr\/wp-json\/wp\/v2\/media\/1240"}],"wp:attachment":[{"href":"https:\/\/www.vansteenberge.com\/fr\/wp-json\/wp\/v2\/media?parent=2314"}],"wp:term":[{"taxonomy":"product_brand","embeddable":true,"href":"https:\/\/www.vansteenberge.com\/fr\/wp-json\/wp\/v2\/product_brand?post=2314"},{"taxonomy":"product_cat","embeddable":true,"href":"https:\/\/www.vansteenberge.com\/fr\/wp-json\/wp\/v2\/product_cat?post=2314"},{"taxonomy":"product_tag","embeddable":true,"href":"https:\/\/www.vansteenberge.com\/fr\/wp-json\/wp\/v2\/product_tag?post=2314"}],"curies":[{"name":"wp","href":"https:\/\/api.w.org\/{rel}","templated":true}]}}